{"id":826,"date":"2024-08-31T07:51:20","date_gmt":"2024-08-31T05:51:20","guid":{"rendered":"https:\/\/www.yamahakatowice.pl\/?page_id=826"},"modified":"2024-09-18T11:15:25","modified_gmt":"2024-09-18T09:15:25","slug":"julia-kosek","status":"publish","type":"page","link":"https:\/\/www.yamahakatowice.pl\/index.php\/nauczyciele\/julia-kosek\/","title":{"rendered":"Julia Kosek"},"content":{"rendered":"\n<p><em>Gitara klasyczna<\/em><\/p>\n\n\n\n<div class=\"wp-block-media-text is-stacked-on-mobile is-vertically-aligned-top\" style=\"grid-template-columns:40% auto\"><figure class=\"wp-block-media-text__media\"><img loading=\"lazy\" decoding=\"async\" width=\"768\" height=\"1024\" src=\"https:\/\/www.yamahakatowice.pl\/wp-content\/uploads\/2024\/08\/IMG_1197-768x1024.jpeg\" alt=\"\" class=\"wp-image-827 size-full\" srcset=\"https:\/\/www.yamahakatowice.pl\/wp-content\/uploads\/2024\/08\/IMG_1197-768x1024.jpeg 768w, https:\/\/www.yamahakatowice.pl\/wp-content\/uploads\/2024\/08\/IMG_1197-225x300.jpeg 225w, https:\/\/www.yamahakatowice.pl\/wp-content\/uploads\/2024\/08\/IMG_1197-1152x1536.jpeg 1152w, https:\/\/www.yamahakatowice.pl\/wp-content\/uploads\/2024\/08\/IMG_1197.jpeg 1536w\" sizes=\"auto, (max-width: 768px) 100vw, 768px\" \/><\/figure><div class=\"wp-block-media-text__content\">\n<p>Uko\u0144czy\u0142a z wyr\u00f3\u017cnieniem Zesp\u00f3\u0142 Pa\u0144stwowych Szk\u00f3\u0142 Muzycznych im. Mieczys\u0142awa Kar\u0142owicza w Krakowie w klasie dra Rocha Modrzejewskiego. Obecnie studiuje na Akademii Muzycznej im. Karola Szymanowskiego w Katowicach na kierunku instrumentalistyka o specjalno\u015bci: gitara klasyczna w klasie dra hab. Marcina Dylli.<\/p>\n\n\n\n<p>Jej gitarowe \u017cycie rozpocz\u0119\u0142o si\u0119 w wieku 6 lat i od tamtego czasu, nieustannie stawia sobie nowe cele i wyzwania. Jest laureatk\u0105 wielu konkurs\u00f3w o randze mi\u0119dzynarodowej i og\u00f3lnopolskiej. Uwielbia wyst\u0119powa\u0107 na scenie, nie tylko graj\u0105c, ale te\u017c \u015bpiewaj\u0105c.<\/p>\n\n\n\n<p>W wolnych chwilach zatraca si\u0119 w ksi\u0105\u017ckach, folkowej muzyce oraz wymy\u015blaniu niezwykle szalonych, niejednokrotnie niemo\u017cliwych do zrealizowania plan\u00f3w.&nbsp;<\/p>\n<\/div><\/div>\n","protected":false},"excerpt":{"rendered":"<p>Gitara klasyczna Uko\u0144czy\u0142a z wyr\u00f3\u017cnieniem Zesp\u00f3\u0142 Pa\u0144stwowych Szk\u00f3\u0142 Muzycznych im. Mieczys\u0142awa Kar\u0142owicza w Krakowie w klasie dra Rocha Modrzejewskiego. Obecnie studiuje na Akademii Muzycznej im. Karola Szymanowskiego w Katowicach na kierunku instrumentalistyka o specjalno\u015bci: gitara klasyczna w klasie dra hab. Marcina Dylli. Jej gitarowe \u017cycie rozpocz\u0119\u0142o si\u0119 w wieku 6 lat i od tamtego czasu, [&hellip;]<\/p>\n","protected":false},"author":4,"featured_media":0,"parent":150,"menu_order":0,"comment_status":"closed","ping_status":"closed","template":"","meta":{"footnotes":""},"class_list":["post-826","page","type-page","status-publish","hentry"],"_links":{"self":[{"href":"https:\/\/www.yamahakatowice.pl\/index.php\/wp-json\/wp\/v2\/pages\/826","targetHints":{"allow":["GET"]}}],"collection":[{"href":"https:\/\/www.yamahakatowice.pl\/index.php\/wp-json\/wp\/v2\/pages"}],"about":[{"href":"https:\/\/www.yamahakatowice.pl\/index.php\/wp-json\/wp\/v2\/types\/page"}],"author":[{"embeddable":true,"href":"https:\/\/www.yamahakatowice.pl\/index.php\/wp-json\/wp\/v2\/users\/4"}],"replies":[{"embeddable":true,"href":"https:\/\/www.yamahakatowice.pl\/index.php\/wp-json\/wp\/v2\/comments?post=826"}],"version-history":[{"count":4,"href":"https:\/\/www.yamahakatowice.pl\/index.php\/wp-json\/wp\/v2\/pages\/826\/revisions"}],"predecessor-version":[{"id":954,"href":"https:\/\/www.yamahakatowice.pl\/index.php\/wp-json\/wp\/v2\/pages\/826\/revisions\/954"}],"up":[{"embeddable":true,"href":"https:\/\/www.yamahakatowice.pl\/index.php\/wp-json\/wp\/v2\/pages\/150"}],"wp:attachment":[{"href":"https:\/\/www.yamahakatowice.pl\/index.php\/wp-json\/wp\/v2\/media?parent=826"}],"curies":[{"name":"wp","href":"https:\/\/api.w.org\/{rel}","templated":true}]}}