{"id":804,"date":"2024-08-17T10:53:45","date_gmt":"2024-08-17T08:53:45","guid":{"rendered":"https:\/\/www.yamahakatowice.pl\/?page_id=804"},"modified":"2024-09-18T11:14:46","modified_gmt":"2024-09-18T09:14:46","slug":"szczepan-cieslak","status":"publish","type":"page","link":"https:\/\/www.yamahakatowice.pl\/index.php\/nauczyciele\/szczepan-cieslak\/","title":{"rendered":"Szczepan Cie\u015blak"},"content":{"rendered":"\n<p><em>Niemowlaki w Krainie D\u017awi\u0119k\u00f3w<br>Szkraby i Muzyka<\/em><br><span style=\"font-family: TimesNewRomanPS-ItalicMT; font-style: italic; font-kerning: none;\"><\/span><em>Junior Music Course<\/em><br><em>Junior Extension Course<br>Junior Step Fundamental Course<br>Fun Key Kids<br>Fun Key<br>Play for Keeps<br>PianoForte<\/em><\/p>\n\n\n\n<div class=\"wp-block-media-text is-stacked-on-mobile is-vertically-aligned-top\" style=\"grid-template-columns:40% auto\"><figure class=\"wp-block-media-text__media\"><img loading=\"lazy\" decoding=\"async\" width=\"683\" height=\"1024\" src=\"https:\/\/www.yamahakatowice.pl\/wp-content\/uploads\/2024\/08\/IMG_0471-683x1024.jpeg\" alt=\"\" class=\"wp-image-790 size-full\" srcset=\"https:\/\/www.yamahakatowice.pl\/wp-content\/uploads\/2024\/08\/IMG_0471-683x1024.jpeg 683w, https:\/\/www.yamahakatowice.pl\/wp-content\/uploads\/2024\/08\/IMG_0471-200x300.jpeg 200w, https:\/\/www.yamahakatowice.pl\/wp-content\/uploads\/2024\/08\/IMG_0471-768x1152.jpeg 768w, https:\/\/www.yamahakatowice.pl\/wp-content\/uploads\/2024\/08\/IMG_0471-1024x1536.jpeg 1024w, https:\/\/www.yamahakatowice.pl\/wp-content\/uploads\/2024\/08\/IMG_0471.jpeg 1365w\" sizes=\"auto, (max-width: 683px) 100vw, 683px\" \/><\/figure><div class=\"wp-block-media-text__content\">\n<p>Psychoterapeuta w trakcie szkolenia, pedagog specjalny, muzyk, muzykoterapeuta i trener EEG-Biofeedback.<\/p>\n\n\n\n<p>Absolwent pedagogiki opieku\u0144czo-resocjalizacyjnej (Akademia im. Jana D\u0142ugosza w Cz\u0119stochowie) oraz pedagogiki rewalidacyjnej (Uniwersytet \u015al\u0105ski). Obecnie w trakcie ca\u0142o\u015bciowego 4-letniego kursu psychoterapii atestowanego przez Polskie Towarzystwo Psychiatryczne. <\/p>\n\n\n\n<p>Studiowa\u0142 instrumentalistyk\u0119 w klasie organ\u00f3w prof. Juliana Gembalskiego i dra Krzysztofa Lukasa na Akademii Muzycznej im. Karola Szymanowskiego w Katowicach. Na tej samej uczelni uko\u0144czy\u0142 studia z zakresu muzykoterapii (dyplom z wyr\u00f3\u017cnieniem).<\/p>\n<\/div><\/div>\n","protected":false},"excerpt":{"rendered":"<p>Niemowlaki w Krainie D\u017awi\u0119k\u00f3wSzkraby i MuzykaJunior Music CourseJunior Extension CourseJunior Step Fundamental CourseFun Key KidsFun KeyPlay for KeepsPianoForte Psychoterapeuta w trakcie szkolenia, pedagog specjalny, muzyk, muzykoterapeuta i trener EEG-Biofeedback. Absolwent pedagogiki opieku\u0144czo-resocjalizacyjnej (Akademia im. Jana D\u0142ugosza w Cz\u0119stochowie) oraz pedagogiki rewalidacyjnej (Uniwersytet \u015al\u0105ski). Obecnie w trakcie ca\u0142o\u015bciowego 4-letniego kursu psychoterapii atestowanego przez Polskie Towarzystwo Psychiatryczne. [&hellip;]<\/p>\n","protected":false},"author":4,"featured_media":0,"parent":150,"menu_order":0,"comment_status":"closed","ping_status":"closed","template":"","meta":{"footnotes":""},"class_list":["post-804","page","type-page","status-publish","hentry"],"_links":{"self":[{"href":"https:\/\/www.yamahakatowice.pl\/index.php\/wp-json\/wp\/v2\/pages\/804","targetHints":{"allow":["GET"]}}],"collection":[{"href":"https:\/\/www.yamahakatowice.pl\/index.php\/wp-json\/wp\/v2\/pages"}],"about":[{"href":"https:\/\/www.yamahakatowice.pl\/index.php\/wp-json\/wp\/v2\/types\/page"}],"author":[{"embeddable":true,"href":"https:\/\/www.yamahakatowice.pl\/index.php\/wp-json\/wp\/v2\/users\/4"}],"replies":[{"embeddable":true,"href":"https:\/\/www.yamahakatowice.pl\/index.php\/wp-json\/wp\/v2\/comments?post=804"}],"version-history":[{"count":5,"href":"https:\/\/www.yamahakatowice.pl\/index.php\/wp-json\/wp\/v2\/pages\/804\/revisions"}],"predecessor-version":[{"id":814,"href":"https:\/\/www.yamahakatowice.pl\/index.php\/wp-json\/wp\/v2\/pages\/804\/revisions\/814"}],"up":[{"embeddable":true,"href":"https:\/\/www.yamahakatowice.pl\/index.php\/wp-json\/wp\/v2\/pages\/150"}],"wp:attachment":[{"href":"https:\/\/www.yamahakatowice.pl\/index.php\/wp-json\/wp\/v2\/media?parent=804"}],"curies":[{"name":"wp","href":"https:\/\/api.w.org\/{rel}","templated":true}]}}