{"id":59,"date":"2023-09-22T21:22:59","date_gmt":"2023-09-22T19:22:59","guid":{"rendered":"https:\/\/new.yamahakatowice.pl\/?page_id=59"},"modified":"2025-08-22T01:25:01","modified_gmt":"2025-08-21T23:25:01","slug":"gitara-elektryczna-pmc-eg","status":"publish","type":"page","link":"https:\/\/www.yamahakatowice.pl\/index.php\/programy-nauczania\/gitara-elektryczna-pmc-eg\/","title":{"rendered":"Gitara elektryczna (PMC-EG)"},"content":{"rendered":"\n<figure class=\"wp-block-image size-full\"><img loading=\"lazy\" decoding=\"async\" width=\"660\" height=\"200\" src=\"https:\/\/new.yamahakatowice.pl\/wp-content\/uploads\/2023\/09\/pmc_eguitar.jpg\" alt=\"\" class=\"wp-image-103\" srcset=\"https:\/\/www.yamahakatowice.pl\/wp-content\/uploads\/2023\/09\/pmc_eguitar.jpg 660w, https:\/\/www.yamahakatowice.pl\/wp-content\/uploads\/2023\/09\/pmc_eguitar-300x91.jpg 300w\" sizes=\"auto, (max-width: 660px) 100vw, 660px\" \/><\/figure>\n\n\n\n<p>\u201cPopular Music Course \u2013 Gitara Elektryczna\u201d to program dla os\u00f3b od 10. roku \u017cycia.<\/p>\n\n\n\n<p>G\u0142\u00f3wnym celem kursu jest:<\/p>\n\n\n\n<ul class=\"wp-block-list\">\n<li>wspieranie nowych impuls\u00f3w do grania rocka, bluesa, funk i latin, przy wykorzystaniu efekt\u00f3w i profesjonalnego nag\u0142o\u015bnienia;<\/li>\n\n\n\n<li>improwizowanie;<\/li>\n\n\n\n<li>przygotowanie do grania w zespole;<\/li>\n\n\n\n<li>rado\u015b\u0107 ze wsp\u00f3lnego muzykowania podczas grania r\u00f3\u017cnych partii g\u0142osowych (melodii, akord\u00f3w czy groove).<\/li>\n<\/ul>\n\n\n\n<p><strong>Kto mo\u017ce bra\u0107 udzia\u0142?<\/strong><br>Dzieci od 10. roku \u017cycia, m\u0142odzie\u017c i doro\u015bli<\/p>\n\n\n\n<p><strong>Czas trwania lekcji:<\/strong><br>55 minut<\/p>\n\n\n\n<p><strong>Liczebno\u015b\u0107 grupy:<\/strong><br>3-6 uczestnik\u00f3w<\/p>\n\n\n<div class=\"wp-block-image\">\n<figure class=\"aligncenter size-full\"><a href=\"https:\/\/www.yamahakatowice.pl\/index.php\/lekcja-probna\/\"><img loading=\"lazy\" decoding=\"async\" width=\"1830\" height=\"420\" src=\"https:\/\/www.yamahakatowice.pl\/wp-content\/uploads\/2025\/08\/5-krokow.jpeg\" alt=\"\" class=\"wp-image-1222\" srcset=\"https:\/\/www.yamahakatowice.pl\/wp-content\/uploads\/2025\/08\/5-krokow.jpeg 1830w, https:\/\/www.yamahakatowice.pl\/wp-content\/uploads\/2025\/08\/5-krokow-300x69.jpeg 300w, https:\/\/www.yamahakatowice.pl\/wp-content\/uploads\/2025\/08\/5-krokow-1024x235.jpeg 1024w, https:\/\/www.yamahakatowice.pl\/wp-content\/uploads\/2025\/08\/5-krokow-768x176.jpeg 768w, https:\/\/www.yamahakatowice.pl\/wp-content\/uploads\/2025\/08\/5-krokow-1536x353.jpeg 1536w\" sizes=\"auto, (max-width: 1830px) 100vw, 1830px\" \/><\/a><\/figure>\n<\/div>","protected":false},"excerpt":{"rendered":"<p>\u201cPopular Music Course \u2013 Gitara Elektryczna\u201d to program dla os\u00f3b od 10. roku \u017cycia. G\u0142\u00f3wnym celem kursu jest: Kto mo\u017ce bra\u0107 udzia\u0142?Dzieci od 10. roku \u017cycia, m\u0142odzie\u017c i doro\u015bli Czas trwania lekcji:55 minut Liczebno\u015b\u0107 grupy:3-6 uczestnik\u00f3w<\/p>\n","protected":false},"author":1,"featured_media":0,"parent":27,"menu_order":12,"comment_status":"closed","ping_status":"closed","template":"","meta":{"footnotes":""},"class_list":["post-59","page","type-page","status-publish","hentry"],"_links":{"self":[{"href":"https:\/\/www.yamahakatowice.pl\/index.php\/wp-json\/wp\/v2\/pages\/59","targetHints":{"allow":["GET"]}}],"collection":[{"href":"https:\/\/www.yamahakatowice.pl\/index.php\/wp-json\/wp\/v2\/pages"}],"about":[{"href":"https:\/\/www.yamahakatowice.pl\/index.php\/wp-json\/wp\/v2\/types\/page"}],"author":[{"embeddable":true,"href":"https:\/\/www.yamahakatowice.pl\/index.php\/wp-json\/wp\/v2\/users\/1"}],"replies":[{"embeddable":true,"href":"https:\/\/www.yamahakatowice.pl\/index.php\/wp-json\/wp\/v2\/comments?post=59"}],"version-history":[{"count":6,"href":"https:\/\/www.yamahakatowice.pl\/index.php\/wp-json\/wp\/v2\/pages\/59\/revisions"}],"predecessor-version":[{"id":1243,"href":"https:\/\/www.yamahakatowice.pl\/index.php\/wp-json\/wp\/v2\/pages\/59\/revisions\/1243"}],"up":[{"embeddable":true,"href":"https:\/\/www.yamahakatowice.pl\/index.php\/wp-json\/wp\/v2\/pages\/27"}],"wp:attachment":[{"href":"https:\/\/www.yamahakatowice.pl\/index.php\/wp-json\/wp\/v2\/media?parent=59"}],"curies":[{"name":"wp","href":"https:\/\/api.w.org\/{rel}","templated":true}]}}