{"id":57,"date":"2023-09-22T21:22:11","date_gmt":"2023-09-22T19:22:11","guid":{"rendered":"https:\/\/new.yamahakatowice.pl\/?page_id=57"},"modified":"2025-08-31T17:10:45","modified_gmt":"2025-08-31T15:10:45","slug":"pianoforte-pf","status":"publish","type":"page","link":"https:\/\/www.yamahakatowice.pl\/index.php\/programy-nauczania\/pianoforte-pf\/","title":{"rendered":"Pianoforte (PF)"},"content":{"rendered":"\n<figure class=\"wp-block-image size-full is-style-default\"><img loading=\"lazy\" decoding=\"async\" width=\"600\" height=\"200\" src=\"https:\/\/new.yamahakatowice.pl\/wp-content\/uploads\/2023\/09\/pianoforte.jpg\" alt=\"\" class=\"wp-image-100\" srcset=\"https:\/\/www.yamahakatowice.pl\/wp-content\/uploads\/2023\/09\/pianoforte.jpg 600w, https:\/\/www.yamahakatowice.pl\/wp-content\/uploads\/2023\/09\/pianoforte-300x100.jpg 300w\" sizes=\"auto, (max-width: 600px) 100vw, 600px\" \/><\/figure>\n\n\n\n<p>Kurs \u201cPianoforte\u201d zawiera r\u00f3\u017cnorodny repertuar, kt\u00f3ry pomaga rozwija\u0107 wszelkie techniki grania oraz muzyczn\u0105 ekspresj\u0119.<\/p>\n\n\n\n<p>Bogata paleta zagadnie\u0144 muzycznych obejmuje solfe\u017c, harmoni\u0119, czytanie nut, umiej\u0119tno\u015bci techniczne i s\u0142uchowe, a wszystko na bazie szeroko poj\u0119tej wiedzy muzycznej. Studiowanie tego szerokiego zakresu umiej\u0119tno\u015bci pozwala na przygotowanie si\u0119 do egzaminu YAMAHA Grade.<\/p>\n\n\n\n<p><strong>Kto mo\u017ce bra\u0107 udzia\u0142?<\/strong><br>Dzieci od 6. roku \u017cycia, m\u0142odzie\u017c i doro\u015bli<\/p>\n\n\n\n<p><strong>Czas trwania lekcji:<\/strong><br>45 minut<\/p>\n\n\n\n<p><strong>Miesi\u0119czna rata za kurs:<\/strong><br>360 z\u0142<\/p>\n\n\n\n<p><strong>Nauczyciele:<\/strong><br><a href=\"https:\/\/www.yamahakatowice.pl\/index.php\/nauczyciele\/bartosz-bezeglow\/\" data-type=\"page\" data-id=\"185\">Bartosz Bezeg\u0142\u00f3w<\/a>, <a href=\"https:\/\/www.yamahakatowice.pl\/index.php\/nauczyciele\/szczepan-cieslak\/\" data-type=\"page\" data-id=\"804\">Szczepan Cie\u015blak<\/a>, <a href=\"https:\/\/www.yamahakatowice.pl\/index.php\/nauczyciele\/agnieszka-grabowska-hanslik\/\" data-type=\"page\" data-id=\"200\">Agnieszka Grabowska-Hanslik<\/a>, <a href=\"https:\/\/www.yamahakatowice.pl\/index.php\/nauczyciele\/krystyna-jursza\/\" data-type=\"page\" data-id=\"204\">Krystyna Jursza<\/a>, <a href=\"https:\/\/www.yamahakatowice.pl\/index.php\/nauczyciele\/magdalena-noganska\/\" data-type=\"page\" data-id=\"214\">Magdalena Noga\u0144ska<\/a>, <a href=\"https:\/\/www.yamahakatowice.pl\/index.php\/nauczyciele\/marzena-rymarczyk\/\" data-type=\"page\" data-id=\"223\">Marzena Rymarczyk<\/a>, <a href=\"https:\/\/www.yamahakatowice.pl\/index.php\/nauczyciele\/maksymilian-steczek\/\" data-type=\"page\" data-id=\"1148\">Maksymilian Steczek<\/a>, <a href=\"https:\/\/www.yamahakatowice.pl\/index.php\/nauczyciele\/ziemowit-switalski\/\" data-type=\"page\" data-id=\"232\">Ziemowit \u015awitalski<\/a>, <a href=\"https:\/\/www.yamahakatowice.pl\/index.php\/nauczyciele\/katarzyna-wolner\/\" data-type=\"page\" data-id=\"237\">Katarzyna Wolner<\/a><\/p>\n\n\n<div class=\"wp-block-image\">\n<figure class=\"aligncenter size-full\"><a href=\"https:\/\/www.yamahakatowice.pl\/index.php\/lekcja-probna\/\"><img loading=\"lazy\" decoding=\"async\" width=\"1830\" height=\"420\" src=\"https:\/\/www.yamahakatowice.pl\/wp-content\/uploads\/2025\/08\/5-krokow.jpeg\" alt=\"\" class=\"wp-image-1222\" srcset=\"https:\/\/www.yamahakatowice.pl\/wp-content\/uploads\/2025\/08\/5-krokow.jpeg 1830w, https:\/\/www.yamahakatowice.pl\/wp-content\/uploads\/2025\/08\/5-krokow-300x69.jpeg 300w, https:\/\/www.yamahakatowice.pl\/wp-content\/uploads\/2025\/08\/5-krokow-1024x235.jpeg 1024w, https:\/\/www.yamahakatowice.pl\/wp-content\/uploads\/2025\/08\/5-krokow-768x176.jpeg 768w, https:\/\/www.yamahakatowice.pl\/wp-content\/uploads\/2025\/08\/5-krokow-1536x353.jpeg 1536w\" sizes=\"auto, (max-width: 1830px) 100vw, 1830px\" \/><\/a><\/figure>\n<\/div>","protected":false},"excerpt":{"rendered":"<p>Kurs \u201cPianoforte\u201d zawiera r\u00f3\u017cnorodny repertuar, kt\u00f3ry pomaga rozwija\u0107 wszelkie techniki grania oraz muzyczn\u0105 ekspresj\u0119. Bogata paleta zagadnie\u0144 muzycznych obejmuje solfe\u017c, harmoni\u0119, czytanie nut, umiej\u0119tno\u015bci techniczne i s\u0142uchowe, a wszystko na bazie szeroko poj\u0119tej wiedzy muzycznej. Studiowanie tego szerokiego zakresu umiej\u0119tno\u015bci pozwala na przygotowanie si\u0119 do egzaminu YAMAHA Grade. Kto mo\u017ce bra\u0107 udzia\u0142?Dzieci od 6. roku [&hellip;]<\/p>\n","protected":false},"author":1,"featured_media":0,"parent":27,"menu_order":11,"comment_status":"closed","ping_status":"closed","template":"","meta":{"footnotes":""},"class_list":["post-57","page","type-page","status-publish","hentry"],"_links":{"self":[{"href":"https:\/\/www.yamahakatowice.pl\/index.php\/wp-json\/wp\/v2\/pages\/57","targetHints":{"allow":["GET"]}}],"collection":[{"href":"https:\/\/www.yamahakatowice.pl\/index.php\/wp-json\/wp\/v2\/pages"}],"about":[{"href":"https:\/\/www.yamahakatowice.pl\/index.php\/wp-json\/wp\/v2\/types\/page"}],"author":[{"embeddable":true,"href":"https:\/\/www.yamahakatowice.pl\/index.php\/wp-json\/wp\/v2\/users\/1"}],"replies":[{"embeddable":true,"href":"https:\/\/www.yamahakatowice.pl\/index.php\/wp-json\/wp\/v2\/comments?post=57"}],"version-history":[{"count":9,"href":"https:\/\/www.yamahakatowice.pl\/index.php\/wp-json\/wp\/v2\/pages\/57\/revisions"}],"predecessor-version":[{"id":1435,"href":"https:\/\/www.yamahakatowice.pl\/index.php\/wp-json\/wp\/v2\/pages\/57\/revisions\/1435"}],"up":[{"embeddable":true,"href":"https:\/\/www.yamahakatowice.pl\/index.php\/wp-json\/wp\/v2\/pages\/27"}],"wp:attachment":[{"href":"https:\/\/www.yamahakatowice.pl\/index.php\/wp-json\/wp\/v2\/media?parent=57"}],"curies":[{"name":"wp","href":"https:\/\/api.w.org\/{rel}","templated":true}]}}