{"id":53,"date":"2023-09-22T21:20:55","date_gmt":"2023-09-22T19:20:55","guid":{"rendered":"https:\/\/new.yamahakatowice.pl\/?page_id=53"},"modified":"2025-08-31T17:10:19","modified_gmt":"2025-08-31T15:10:19","slug":"gitara-elektryczna-ge","status":"publish","type":"page","link":"https:\/\/www.yamahakatowice.pl\/index.php\/programy-nauczania\/gitara-elektryczna-ge\/","title":{"rendered":"Gitara elektryczna (GE)"},"content":{"rendered":"\n<figure class=\"wp-block-image size-full\"><img loading=\"lazy\" decoding=\"async\" width=\"198\" height=\"133\" src=\"https:\/\/new.yamahakatowice.pl\/wp-content\/uploads\/2023\/09\/ge.jpeg\" alt=\"\" class=\"wp-image-97\"\/><\/figure>\n\n\n\n<p>\u201eGuitar Encounters\u201d jest kursem nauki gry na gitarze elektrycznej\/elektroakustycznej, dla dzieci&nbsp;<strong>od 8. roku \u017cycia<\/strong>, m\u0142odzie\u017cy i doros\u0142ych.<\/p>\n\n\n\n<p>G\u0142\u00f3wnym celem kursu jest:<\/p>\n\n\n\n<ul class=\"wp-block-list\">\n<li>pomoc uczniowi w opanowaniu szerokiego wachlarza styl\u00f3w;<\/li>\n\n\n\n<li>poznanie warto\u015bciowego repertuaru;<\/li>\n\n\n\n<li>praca nad technik\u0105 gry;<\/li>\n\n\n\n<li>rozwijanie bieg\u0142ej umiej\u0119tno\u015bci czytania nut;<\/li>\n\n\n\n<li>przekazywanie solidnej wiedzy teoretycznej i rozwijanie umiej\u0119tno\u015bci s\u0142uchowych;<\/li>\n\n\n\n<li>nauka umiej\u0119tno\u015bci aran\u017cowania i improwizowania;<\/li>\n\n\n\n<li>przygotowanie do pracy zawodowego muzyka.<\/li>\n<\/ul>\n\n\n\n<p><strong>Kto mo\u017ce bra\u0107 udzia\u0142?<\/strong><br>Dzieci od 8. roku \u017cycia, m\u0142odzie\u017c i doro\u015bli<\/p>\n\n\n\n<p><strong>Czas trwania lekcji:<\/strong><br>55 minut (3-6 uczestnik\u00f3w)<br>45 minut (1-2 uczestnik\u00f3w)<br>30 minut (1 uczestnik)<\/p>\n\n\n\n<p><strong>Czas trwania kursu:<\/strong><br>8 lat<\/p>\n\n\n\n<p><strong>Miesi\u0119czna rata za kurs:<\/strong><br>260 z\u0142 &#8211; zaj\u0119cia grupowe<br>270 z\u0142 &#8211; zaj\u0119cia indywidualne (30 minut)<br>350 z\u0142 &#8211; zaj\u0119cia indywidualne (45 minut)<\/p>\n\n\n\n<p><strong>Nauczyciele<\/strong>:<br><a href=\"https:\/\/www.yamahakatowice.pl\/index.php\/nauczyciele\/przemyslaw-religa\/\" data-type=\"page\" data-id=\"218\">Przemys\u0142aw Religa<\/a><\/p>\n\n\n<div class=\"wp-block-image\">\n<figure class=\"aligncenter size-full\"><a href=\"https:\/\/www.yamahakatowice.pl\/index.php\/lekcja-probna\/\"><img loading=\"lazy\" decoding=\"async\" width=\"1830\" height=\"420\" src=\"https:\/\/www.yamahakatowice.pl\/wp-content\/uploads\/2025\/08\/5-krokow.jpeg\" alt=\"\" class=\"wp-image-1222\" srcset=\"https:\/\/www.yamahakatowice.pl\/wp-content\/uploads\/2025\/08\/5-krokow.jpeg 1830w, https:\/\/www.yamahakatowice.pl\/wp-content\/uploads\/2025\/08\/5-krokow-300x69.jpeg 300w, https:\/\/www.yamahakatowice.pl\/wp-content\/uploads\/2025\/08\/5-krokow-1024x235.jpeg 1024w, https:\/\/www.yamahakatowice.pl\/wp-content\/uploads\/2025\/08\/5-krokow-768x176.jpeg 768w, https:\/\/www.yamahakatowice.pl\/wp-content\/uploads\/2025\/08\/5-krokow-1536x353.jpeg 1536w\" sizes=\"auto, (max-width: 1830px) 100vw, 1830px\" \/><\/a><\/figure>\n<\/div>","protected":false},"excerpt":{"rendered":"<p>\u201eGuitar Encounters\u201d jest kursem nauki gry na gitarze elektrycznej\/elektroakustycznej, dla dzieci&nbsp;od 8. roku \u017cycia, m\u0142odzie\u017cy i doros\u0142ych. G\u0142\u00f3wnym celem kursu jest: Kto mo\u017ce bra\u0107 udzia\u0142?Dzieci od 8. roku \u017cycia, m\u0142odzie\u017c i doro\u015bli Czas trwania lekcji:55 minut (3-6 uczestnik\u00f3w)45 minut (1-2 uczestnik\u00f3w)30 minut (1 uczestnik) Czas trwania kursu:8 lat Miesi\u0119czna rata za kurs:260 z\u0142 &#8211; zaj\u0119cia [&hellip;]<\/p>\n","protected":false},"author":1,"featured_media":0,"parent":27,"menu_order":9,"comment_status":"closed","ping_status":"closed","template":"","meta":{"footnotes":""},"class_list":["post-53","page","type-page","status-publish","hentry"],"_links":{"self":[{"href":"https:\/\/www.yamahakatowice.pl\/index.php\/wp-json\/wp\/v2\/pages\/53","targetHints":{"allow":["GET"]}}],"collection":[{"href":"https:\/\/www.yamahakatowice.pl\/index.php\/wp-json\/wp\/v2\/pages"}],"about":[{"href":"https:\/\/www.yamahakatowice.pl\/index.php\/wp-json\/wp\/v2\/types\/page"}],"author":[{"embeddable":true,"href":"https:\/\/www.yamahakatowice.pl\/index.php\/wp-json\/wp\/v2\/users\/1"}],"replies":[{"embeddable":true,"href":"https:\/\/www.yamahakatowice.pl\/index.php\/wp-json\/wp\/v2\/comments?post=53"}],"version-history":[{"count":8,"href":"https:\/\/www.yamahakatowice.pl\/index.php\/wp-json\/wp\/v2\/pages\/53\/revisions"}],"predecessor-version":[{"id":1434,"href":"https:\/\/www.yamahakatowice.pl\/index.php\/wp-json\/wp\/v2\/pages\/53\/revisions\/1434"}],"up":[{"embeddable":true,"href":"https:\/\/www.yamahakatowice.pl\/index.php\/wp-json\/wp\/v2\/pages\/27"}],"wp:attachment":[{"href":"https:\/\/www.yamahakatowice.pl\/index.php\/wp-json\/wp\/v2\/media?parent=53"}],"curies":[{"name":"wp","href":"https:\/\/api.w.org\/{rel}","templated":true}]}}