{"id":47,"date":"2023-09-22T21:18:35","date_gmt":"2023-09-22T19:18:35","guid":{"rendered":"https:\/\/new.yamahakatowice.pl\/?page_id=47"},"modified":"2025-08-31T17:08:29","modified_gmt":"2025-08-31T15:08:29","slug":"fun-key-kids-fkk","status":"publish","type":"page","link":"https:\/\/www.yamahakatowice.pl\/index.php\/programy-nauczania\/fun-key-kids-fkk\/","title":{"rendered":"Fun Key Kids (FKK)"},"content":{"rendered":"\n<figure class=\"wp-block-image size-full\"><img loading=\"lazy\" decoding=\"async\" width=\"600\" height=\"200\" src=\"https:\/\/new.yamahakatowice.pl\/wp-content\/uploads\/2023\/09\/fun_key_kids.jpg\" alt=\"\" class=\"wp-image-96\" srcset=\"https:\/\/www.yamahakatowice.pl\/wp-content\/uploads\/2023\/09\/fun_key_kids.jpg 600w, https:\/\/www.yamahakatowice.pl\/wp-content\/uploads\/2023\/09\/fun_key_kids-300x100.jpg 300w\" sizes=\"auto, (max-width: 600px) 100vw, 600px\" \/><\/figure>\n\n\n\n<p>\u201eFun Key Kids\u201d to zaj\u0119cia muzyczne dla dzieci od 6. roku \u017cycia. W tym programie dzieci ucz\u0105 si\u0119 gra\u0107 na instrumencie klawiszowym typu keyboard.<\/p>\n\n\n\n<p>G\u0142\u00f3wnym celem kursu jest:<\/p>\n\n\n\n<ul class=\"wp-block-list\">\n<li>muzykowanie w zespole;<\/li>\n\n\n\n<li>nauczenie si\u0119 \u201emi\u0119dzynarodowego j\u0119zyka muzycznego\u201d, jako \u015brodka przekazu swoich pomys\u0142\u00f3w i uczu\u0107;<\/li>\n\n\n\n<li>rozw\u00f3j zdolno\u015bci tw\u00f3rczych, takich jak harmonizowanie, aran\u017cowanie i improwizowanie.<\/li>\n<\/ul>\n\n\n\n<p><strong>Kto mo\u017ce bra\u0107 udzia\u0142?<\/strong><br>Dzieci w wieku 6-8 lat<\/p>\n\n\n\n<p><strong>Czas trwania lekcji:<\/strong><br>55 minut<\/p>\n\n\n\n<p><strong>Liczebno\u015b\u0107 grupy:<\/strong><br>3-10 uczni\u00f3w<\/p>\n\n\n\n<p><strong>Miesi\u0119czna rata za kurs:<\/strong><br>260 z\u0142<\/p>\n\n\n\n<p><strong>Nauczyciele:<\/strong><br><a href=\"https:\/\/www.yamahakatowice.pl\/index.php\/nauczyciele\/bartosz-bezeglow\/\" data-type=\"page\" data-id=\"185\">Bartosz Bezeg\u0142\u00f3w<\/a>, <a href=\"https:\/\/www.yamahakatowice.pl\/index.php\/nauczyciele\/szczepan-cieslak\/\" data-type=\"page\" data-id=\"804\">Szczepan Cie\u015blak<\/a>, <a href=\"https:\/\/www.yamahakatowice.pl\/index.php\/nauczyciele\/agnieszka-grabowska-hanslik\/\" data-type=\"page\" data-id=\"200\">Agnieszka Grabowska-Hanslik<\/a>, <a href=\"https:\/\/www.yamahakatowice.pl\/index.php\/nauczyciele\/magdalena-noganska\/\" data-type=\"page\" data-id=\"214\">Magdalena Noga\u0144ska<\/a><\/p>\n\n\n<div class=\"wp-block-image\">\n<figure class=\"aligncenter size-full\"><a href=\"https:\/\/www.yamahakatowice.pl\/index.php\/lekcja-probna\/\"><img loading=\"lazy\" decoding=\"async\" width=\"1830\" height=\"420\" src=\"https:\/\/www.yamahakatowice.pl\/wp-content\/uploads\/2025\/08\/5-krokow.jpeg\" alt=\"\" class=\"wp-image-1222\" srcset=\"https:\/\/www.yamahakatowice.pl\/wp-content\/uploads\/2025\/08\/5-krokow.jpeg 1830w, https:\/\/www.yamahakatowice.pl\/wp-content\/uploads\/2025\/08\/5-krokow-300x69.jpeg 300w, https:\/\/www.yamahakatowice.pl\/wp-content\/uploads\/2025\/08\/5-krokow-1024x235.jpeg 1024w, https:\/\/www.yamahakatowice.pl\/wp-content\/uploads\/2025\/08\/5-krokow-768x176.jpeg 768w, https:\/\/www.yamahakatowice.pl\/wp-content\/uploads\/2025\/08\/5-krokow-1536x353.jpeg 1536w\" sizes=\"auto, (max-width: 1830px) 100vw, 1830px\" \/><\/a><\/figure>\n<\/div>","protected":false},"excerpt":{"rendered":"<p>\u201eFun Key Kids\u201d to zaj\u0119cia muzyczne dla dzieci od 6. roku \u017cycia. W tym programie dzieci ucz\u0105 si\u0119 gra\u0107 na instrumencie klawiszowym typu keyboard. G\u0142\u00f3wnym celem kursu jest: Kto mo\u017ce bra\u0107 udzia\u0142?Dzieci w wieku 6-8 lat Czas trwania lekcji:55 minut Liczebno\u015b\u0107 grupy:3-10 uczni\u00f3w Miesi\u0119czna rata za kurs:260 z\u0142 Nauczyciele:Bartosz Bezeg\u0142\u00f3w, Szczepan Cie\u015blak, Agnieszka Grabowska-Hanslik, Magdalena [&hellip;]<\/p>\n","protected":false},"author":1,"featured_media":0,"parent":27,"menu_order":6,"comment_status":"closed","ping_status":"closed","template":"","meta":{"footnotes":""},"class_list":["post-47","page","type-page","status-publish","hentry"],"_links":{"self":[{"href":"https:\/\/www.yamahakatowice.pl\/index.php\/wp-json\/wp\/v2\/pages\/47","targetHints":{"allow":["GET"]}}],"collection":[{"href":"https:\/\/www.yamahakatowice.pl\/index.php\/wp-json\/wp\/v2\/pages"}],"about":[{"href":"https:\/\/www.yamahakatowice.pl\/index.php\/wp-json\/wp\/v2\/types\/page"}],"author":[{"embeddable":true,"href":"https:\/\/www.yamahakatowice.pl\/index.php\/wp-json\/wp\/v2\/users\/1"}],"replies":[{"embeddable":true,"href":"https:\/\/www.yamahakatowice.pl\/index.php\/wp-json\/wp\/v2\/comments?post=47"}],"version-history":[{"count":9,"href":"https:\/\/www.yamahakatowice.pl\/index.php\/wp-json\/wp\/v2\/pages\/47\/revisions"}],"predecessor-version":[{"id":1197,"href":"https:\/\/www.yamahakatowice.pl\/index.php\/wp-json\/wp\/v2\/pages\/47\/revisions\/1197"}],"up":[{"embeddable":true,"href":"https:\/\/www.yamahakatowice.pl\/index.php\/wp-json\/wp\/v2\/pages\/27"}],"wp:attachment":[{"href":"https:\/\/www.yamahakatowice.pl\/index.php\/wp-json\/wp\/v2\/media?parent=47"}],"curies":[{"name":"wp","href":"https:\/\/api.w.org\/{rel}","templated":true}]}}