{"id":45,"date":"2023-09-22T21:17:52","date_gmt":"2023-09-22T19:17:52","guid":{"rendered":"https:\/\/new.yamahakatowice.pl\/?page_id=45"},"modified":"2025-08-31T17:07:44","modified_gmt":"2025-08-31T15:07:44","slug":"junior-advanced-course","status":"publish","type":"page","link":"https:\/\/www.yamahakatowice.pl\/index.php\/programy-nauczania\/junior-advanced-course\/","title":{"rendered":"Junior Advanced Course (JAC)"},"content":{"rendered":"\n<p>\u201eJunior Advanced Course\u201d jest kontynuacj\u0105 \u201eJunior Extension Course\u201d oraz \u201cJunior Step Course\u201d i promuje indywidualne zdolno\u015bci tw\u00f3rcze.&nbsp;Dzieci ucz\u0105 si\u0119 i graj\u0105 kreatywne interpretacje repertuaru muzycznego, jak r\u00f3wnie\u017c komponuj\u0105 w\u0142asne utwory. Opr\u00f3cz jednej lekcji grupowej w tygodniu, dzieci bior\u0105 r\u00f3wnie\u017c udzia\u0142 w indywidualnej lekcji gry na fortepianie, trwaj\u0105cej p\u00f3\u0142 godziny. To z jednej strony przyczynia si\u0119 do rozwoju ich umiej\u0119tno\u015bci grania, a z drugiej umo\u017cliwia nauczycielowi w tym samym czasie rozwija\u0107 indywidualne zdolno\u015bci tw\u00f3rcze.<\/p>\n\n\n\n<p><strong>Kto mo\u017ce bra\u0107 udzia\u0142?<\/strong><br>Dzieci w wieku 8-9 lat, kt\u00f3re wcze\u015bniej wzi\u0119\u0142y udzia\u0142 w \u201eJunior Extension Course\u201d lub \u201eJunior Step Course\u201d<\/p>\n\n\n\n<p><strong>Czas trwania lekcji:<\/strong><br>55 minut lekcji grupowej i 30 minut indywidualnej nauki gry na fortepianie<\/p>\n\n\n\n<p><strong>Liczebno\u015b\u0107 grupy:<\/strong><br>6-10 dzieci<\/p>\n\n\n\n<p><strong>Miesi\u0119czna rata za kurs:<\/strong><br>260 z\u0142<\/p>\n\n\n\n<p><strong>Nauczyciele:<\/strong><br><a href=\"https:\/\/www.yamahakatowice.pl\/index.php\/nauczyciele\/bartosz-bezeglow\/\" data-type=\"page\" data-id=\"185\">Bartosz Bezeg\u0142\u00f3w<\/a>, <a href=\"https:\/\/www.yamahakatowice.pl\/index.php\/nauczyciele\/szczepan-cieslak\/\" data-type=\"page\" data-id=\"804\">Szczepan Cie\u015blak<\/a>, <a href=\"https:\/\/www.yamahakatowice.pl\/index.php\/nauczyciele\/wiktoria-janczyk\/\" data-type=\"page\" data-id=\"202\">Wiktoria Ja\u0144czyk<\/a>, <a href=\"https:\/\/www.yamahakatowice.pl\/index.php\/nauczyciele\/krystyna-jursza\/\" data-type=\"page\" data-id=\"204\">Krystyna Jursza<\/a>, <a href=\"https:\/\/www.yamahakatowice.pl\/index.php\/nauczyciele\/magdalena-noganska\/\" data-type=\"page\" data-id=\"214\">Magdalena Noga\u0144ska<\/a>, <a href=\"https:\/\/www.yamahakatowice.pl\/index.php\/nauczyciele\/marzena-rymarczyk\/\" data-type=\"page\" data-id=\"223\">Marzena Rymarczyk<\/a><\/p>\n\n\n<div class=\"wp-block-image\">\n<figure class=\"aligncenter size-full\"><a href=\"https:\/\/www.yamahakatowice.pl\/index.php\/lekcja-probna\/\"><img loading=\"lazy\" decoding=\"async\" width=\"1830\" height=\"420\" src=\"https:\/\/www.yamahakatowice.pl\/wp-content\/uploads\/2025\/08\/5-krokow.jpeg\" alt=\"\" class=\"wp-image-1222\" srcset=\"https:\/\/www.yamahakatowice.pl\/wp-content\/uploads\/2025\/08\/5-krokow.jpeg 1830w, https:\/\/www.yamahakatowice.pl\/wp-content\/uploads\/2025\/08\/5-krokow-300x69.jpeg 300w, https:\/\/www.yamahakatowice.pl\/wp-content\/uploads\/2025\/08\/5-krokow-1024x235.jpeg 1024w, https:\/\/www.yamahakatowice.pl\/wp-content\/uploads\/2025\/08\/5-krokow-768x176.jpeg 768w, https:\/\/www.yamahakatowice.pl\/wp-content\/uploads\/2025\/08\/5-krokow-1536x353.jpeg 1536w\" sizes=\"auto, (max-width: 1830px) 100vw, 1830px\" \/><\/a><\/figure>\n<\/div>","protected":false},"excerpt":{"rendered":"<p>\u201eJunior Advanced Course\u201d jest kontynuacj\u0105 \u201eJunior Extension Course\u201d oraz \u201cJunior Step Course\u201d i promuje indywidualne zdolno\u015bci tw\u00f3rcze.&nbsp;Dzieci ucz\u0105 si\u0119 i graj\u0105 kreatywne interpretacje repertuaru muzycznego, jak r\u00f3wnie\u017c komponuj\u0105 w\u0142asne utwory. Opr\u00f3cz jednej lekcji grupowej w tygodniu, dzieci bior\u0105 r\u00f3wnie\u017c udzia\u0142 w indywidualnej lekcji gry na fortepianie, trwaj\u0105cej p\u00f3\u0142 godziny. To z jednej strony przyczynia si\u0119 [&hellip;]<\/p>\n","protected":false},"author":1,"featured_media":0,"parent":27,"menu_order":5,"comment_status":"closed","ping_status":"closed","template":"","meta":{"footnotes":""},"class_list":["post-45","page","type-page","status-publish","hentry"],"_links":{"self":[{"href":"https:\/\/www.yamahakatowice.pl\/index.php\/wp-json\/wp\/v2\/pages\/45","targetHints":{"allow":["GET"]}}],"collection":[{"href":"https:\/\/www.yamahakatowice.pl\/index.php\/wp-json\/wp\/v2\/pages"}],"about":[{"href":"https:\/\/www.yamahakatowice.pl\/index.php\/wp-json\/wp\/v2\/types\/page"}],"author":[{"embeddable":true,"href":"https:\/\/www.yamahakatowice.pl\/index.php\/wp-json\/wp\/v2\/users\/1"}],"replies":[{"embeddable":true,"href":"https:\/\/www.yamahakatowice.pl\/index.php\/wp-json\/wp\/v2\/comments?post=45"}],"version-history":[{"count":8,"href":"https:\/\/www.yamahakatowice.pl\/index.php\/wp-json\/wp\/v2\/pages\/45\/revisions"}],"predecessor-version":[{"id":1431,"href":"https:\/\/www.yamahakatowice.pl\/index.php\/wp-json\/wp\/v2\/pages\/45\/revisions\/1431"}],"up":[{"embeddable":true,"href":"https:\/\/www.yamahakatowice.pl\/index.php\/wp-json\/wp\/v2\/pages\/27"}],"wp:attachment":[{"href":"https:\/\/www.yamahakatowice.pl\/index.php\/wp-json\/wp\/v2\/media?parent=45"}],"curies":[{"name":"wp","href":"https:\/\/api.w.org\/{rel}","templated":true}]}}