{"id":43,"date":"2023-09-22T21:17:22","date_gmt":"2023-09-22T19:17:22","guid":{"rendered":"https:\/\/new.yamahakatowice.pl\/?page_id=43"},"modified":"2025-08-31T17:07:27","modified_gmt":"2025-08-31T15:07:27","slug":"junior-extension-course-jxc","status":"publish","type":"page","link":"https:\/\/www.yamahakatowice.pl\/index.php\/programy-nauczania\/junior-extension-course-jxc\/","title":{"rendered":"Junior Extension Course (JXC)"},"content":{"rendered":"\n<figure class=\"wp-block-image size-full\"><img loading=\"lazy\" decoding=\"async\" width=\"600\" height=\"200\" src=\"https:\/\/new.yamahakatowice.pl\/wp-content\/uploads\/2023\/09\/jxc.jpg\" alt=\"\" class=\"wp-image-99\" srcset=\"https:\/\/www.yamahakatowice.pl\/wp-content\/uploads\/2023\/09\/jxc.jpg 600w, https:\/\/www.yamahakatowice.pl\/wp-content\/uploads\/2023\/09\/jxc-300x100.jpg 300w\" sizes=\"auto, (max-width: 600px) 100vw, 600px\" \/><\/figure>\n\n\n\n<p>\u201eJunior Extension Course&#8221; opiera si\u0119 na umiej\u0119tno\u015bciach s\u0142uchania, \u015bpiewania i grania, osi\u0105gni\u0119tych w trakcie programu \u201eJunior Music Course\u201d i wspiera g\u0142\u0119bsze rozumienie oraz wra\u017cliwo\u015b\u0107 w celu harmonijnego rozwoju muzycznego.<\/p>\n\n\n\n<p>Poprzez s\u0142uchanie i granie dzieci ucz\u0105 si\u0119 lepszego rozumienia harmonii i jej tworzenia.<\/p>\n\n\n\n<p>Na tym etapie technika grania oraz pozosta\u0142e umiej\u0119tno\u015bci, kt\u00f3re dzieci naby\u0142y dzi\u0119ki instrumentowi klawiszowemu, pozwalaj\u0105 na tworzenie pierwszych w\u0142asnych kompozycji.<\/p>\n\n\n\n<p><br><strong>Kto mo\u017ce bra\u0107 udzia\u0142?<\/strong><br>Dzieci w wieku 6-7 lat, kt\u00f3re wcze\u015bniej wzi\u0119\u0142y udzia\u0142 w \u201eJunior Music Course\u201d<\/p>\n\n\n\n<p><strong>Czas trwania lekcji:<\/strong><br>55 minut<\/p>\n\n\n\n<p><strong>Liczebno\u015b\u0107 grupy:<\/strong><br>6-10 dzieci<\/p>\n\n\n\n<p><strong>Miesi\u0119czna rata za kurs:<\/strong><br>260 z\u0142<\/p>\n\n\n\n<p><strong>Nauczyciele:<\/strong><br><a href=\"https:\/\/www.yamahakatowice.pl\/index.php\/nauczyciele\/bartosz-bezeglow\/\" data-type=\"page\" data-id=\"185\">Bartosz Bezeg\u0142\u00f3w<\/a>, <a href=\"https:\/\/www.yamahakatowice.pl\/index.php\/nauczyciele\/szczepan-cieslak\/\" data-type=\"page\" data-id=\"804\">Szczepan Cie\u015blak<\/a>, <a href=\"https:\/\/www.yamahakatowice.pl\/index.php\/nauczyciele\/wiktoria-janczyk\/\" data-type=\"page\" data-id=\"202\">Wiktoria Ja\u0144czyk<\/a>, <a href=\"https:\/\/www.yamahakatowice.pl\/index.php\/nauczyciele\/krystyna-jursza\/\" data-type=\"page\" data-id=\"204\">Krystyna Jursza<\/a>, <a href=\"https:\/\/www.yamahakatowice.pl\/index.php\/nauczyciele\/magdalena-noganska\/\" data-type=\"page\" data-id=\"214\">Magdalena Noga\u0144ska<\/a>, <a href=\"https:\/\/www.yamahakatowice.pl\/index.php\/nauczyciele\/marzena-rymarczyk\/\" data-type=\"page\" data-id=\"223\">Marzena Rymarczyk<\/a><\/p>\n\n\n<div class=\"wp-block-image\">\n<figure class=\"aligncenter size-full\"><a href=\"https:\/\/www.yamahakatowice.pl\/index.php\/lekcja-probna\/\"><img loading=\"lazy\" decoding=\"async\" width=\"1830\" height=\"420\" src=\"https:\/\/www.yamahakatowice.pl\/wp-content\/uploads\/2025\/08\/5-krokow.jpeg\" alt=\"\" class=\"wp-image-1222\" srcset=\"https:\/\/www.yamahakatowice.pl\/wp-content\/uploads\/2025\/08\/5-krokow.jpeg 1830w, https:\/\/www.yamahakatowice.pl\/wp-content\/uploads\/2025\/08\/5-krokow-300x69.jpeg 300w, https:\/\/www.yamahakatowice.pl\/wp-content\/uploads\/2025\/08\/5-krokow-1024x235.jpeg 1024w, https:\/\/www.yamahakatowice.pl\/wp-content\/uploads\/2025\/08\/5-krokow-768x176.jpeg 768w, https:\/\/www.yamahakatowice.pl\/wp-content\/uploads\/2025\/08\/5-krokow-1536x353.jpeg 1536w\" sizes=\"auto, (max-width: 1830px) 100vw, 1830px\" \/><\/a><\/figure>\n<\/div>","protected":false},"excerpt":{"rendered":"<p>\u201eJunior Extension Course&#8221; opiera si\u0119 na umiej\u0119tno\u015bciach s\u0142uchania, \u015bpiewania i grania, osi\u0105gni\u0119tych w trakcie programu \u201eJunior Music Course\u201d i wspiera g\u0142\u0119bsze rozumienie oraz wra\u017cliwo\u015b\u0107 w celu harmonijnego rozwoju muzycznego. Poprzez s\u0142uchanie i granie dzieci ucz\u0105 si\u0119 lepszego rozumienia harmonii i jej tworzenia. Na tym etapie technika grania oraz pozosta\u0142e umiej\u0119tno\u015bci, kt\u00f3re dzieci naby\u0142y dzi\u0119ki instrumentowi [&hellip;]<\/p>\n","protected":false},"author":1,"featured_media":0,"parent":27,"menu_order":4,"comment_status":"closed","ping_status":"closed","template":"","meta":{"footnotes":""},"class_list":["post-43","page","type-page","status-publish","hentry"],"_links":{"self":[{"href":"https:\/\/www.yamahakatowice.pl\/index.php\/wp-json\/wp\/v2\/pages\/43","targetHints":{"allow":["GET"]}}],"collection":[{"href":"https:\/\/www.yamahakatowice.pl\/index.php\/wp-json\/wp\/v2\/pages"}],"about":[{"href":"https:\/\/www.yamahakatowice.pl\/index.php\/wp-json\/wp\/v2\/types\/page"}],"author":[{"embeddable":true,"href":"https:\/\/www.yamahakatowice.pl\/index.php\/wp-json\/wp\/v2\/users\/1"}],"replies":[{"embeddable":true,"href":"https:\/\/www.yamahakatowice.pl\/index.php\/wp-json\/wp\/v2\/comments?post=43"}],"version-history":[{"count":8,"href":"https:\/\/www.yamahakatowice.pl\/index.php\/wp-json\/wp\/v2\/pages\/43\/revisions"}],"predecessor-version":[{"id":1430,"href":"https:\/\/www.yamahakatowice.pl\/index.php\/wp-json\/wp\/v2\/pages\/43\/revisions\/1430"}],"up":[{"embeddable":true,"href":"https:\/\/www.yamahakatowice.pl\/index.php\/wp-json\/wp\/v2\/pages\/27"}],"wp:attachment":[{"href":"https:\/\/www.yamahakatowice.pl\/index.php\/wp-json\/wp\/v2\/media?parent=43"}],"curies":[{"name":"wp","href":"https:\/\/api.w.org\/{rel}","templated":true}]}}