{"id":39,"date":"2023-09-22T21:11:35","date_gmt":"2023-09-22T19:11:35","guid":{"rendered":"https:\/\/new.yamahakatowice.pl\/?page_id=39"},"modified":"2025-08-23T16:12:27","modified_gmt":"2025-08-23T14:12:27","slug":"szkraby-i-muzyka-sim","status":"publish","type":"page","link":"https:\/\/www.yamahakatowice.pl\/index.php\/programy-nauczania\/szkraby-i-muzyka-sim\/","title":{"rendered":"Szkraby i Muzyka (SiM)"},"content":{"rendered":"\n<figure class=\"wp-block-image size-full\"><img loading=\"lazy\" decoding=\"async\" width=\"600\" height=\"200\" src=\"https:\/\/new.yamahakatowice.pl\/wp-content\/uploads\/2023\/09\/sim.jpg\" alt=\"\" class=\"wp-image-106\" srcset=\"https:\/\/www.yamahakatowice.pl\/wp-content\/uploads\/2023\/09\/sim.jpg 600w, https:\/\/www.yamahakatowice.pl\/wp-content\/uploads\/2023\/09\/sim-300x100.jpg 300w\" sizes=\"auto, (max-width: 600px) 100vw, 600px\" \/><\/figure>\n\n\n\n<p>\u201eSzkraby i Muzyka\u201d to nasze autorskie zaj\u0119cia muzyczne dla dzieci od 18 miesi\u0105ca \u017cycia. Programowi towarzyszy maskotka zwana \u201eKraki\u201d. Ta ma\u0142a o\u015bmiornica swoimi ramionami symbolizuje r\u00f3\u017cnorodne umiej\u0119tno\u015bci i talenty, jakie ma\u0142e dzieci mog\u0105 rozwija\u0107, dzi\u0119ki odpowiedniemu wsparciu.<\/p>\n\n\n\n<p>Fantazja i kreatywno\u015b\u0107 s\u0105 dodatkowo wzmocnione rysowaniem i drobnymi pracami plastycznymi, wykonywanymi zgodnie z sugesti\u0105 z podr\u0119cznika. Tematy ka\u017cdego tygodnia s\u0105 zaczerpni\u0119te z \u017cycia codziennego, np. plac zabaw, zabawki, imprezy, przyroda i zwierz\u0119ta, na ulicy, w domu, jedzenie, moje cia\u0142o i jego funkcje itp., a wszystko jest powi\u0105zane z muzyk\u0105. Zw\u0142aszcza piosenki i wiersze pomagaj\u0105 w zrozumieniu muzyki, ale dodatkowo wp\u0142ywaj\u0105 na rozw\u00f3j umiej\u0119tno\u015bci j\u0119zykowych dziecka.<\/p>\n\n\n\n<p><strong>Kto mo\u017ce bra\u0107 udzia\u0142?<\/strong><br>Dzieci od 18 miesi\u0105ca \u017cycia do 4 roku \u017cycia.<\/p>\n\n\n\n<p><strong>Czas trwania lekcji:<\/strong><br>45 minut<\/p>\n\n\n\n<p><strong>Liczebno\u015b\u0107 grupy:<\/strong><br>3-10 dzieci z rodzicami<\/p>\n\n\n\n<p><strong>Miesi\u0119czna rata za kurs:<\/strong><br>210 z\u0142<\/p>\n\n\n\n<p><strong>Nauczyciele:<\/strong><br><a href=\"https:\/\/www.yamahakatowice.pl\/index.php\/nauczyciele\/nadia-wiesner\/\" data-type=\"page\" data-id=\"583\">Nadia Wiesner<\/a>, <a href=\"https:\/\/www.yamahakatowice.pl\/index.php\/nauczyciele\/barbara-krolikowska-balun\/\" data-type=\"page\" data-id=\"212\">Barbara Kr\u00f3likowska-Balun<\/a>, <a href=\"https:\/\/www.yamahakatowice.pl\/index.php\/nauczyciele\/elzbieta-swierad-slusarczyk\/\" data-type=\"page\" data-id=\"230\">El\u017cbieta \u015awierad-\u015alusarczyk<\/a><\/p>\n\n\n<div class=\"wp-block-image\">\n<figure class=\"aligncenter size-full\"><a href=\"https:\/\/www.yamahakatowice.pl\/index.php\/lekcja-probna\/\"><img loading=\"lazy\" decoding=\"async\" width=\"1830\" height=\"420\" src=\"https:\/\/www.yamahakatowice.pl\/wp-content\/uploads\/2025\/08\/5-krokow.jpeg\" alt=\"\" class=\"wp-image-1222\" srcset=\"https:\/\/www.yamahakatowice.pl\/wp-content\/uploads\/2025\/08\/5-krokow.jpeg 1830w, https:\/\/www.yamahakatowice.pl\/wp-content\/uploads\/2025\/08\/5-krokow-300x69.jpeg 300w, https:\/\/www.yamahakatowice.pl\/wp-content\/uploads\/2025\/08\/5-krokow-1024x235.jpeg 1024w, https:\/\/www.yamahakatowice.pl\/wp-content\/uploads\/2025\/08\/5-krokow-768x176.jpeg 768w, https:\/\/www.yamahakatowice.pl\/wp-content\/uploads\/2025\/08\/5-krokow-1536x353.jpeg 1536w\" sizes=\"auto, (max-width: 1830px) 100vw, 1830px\" \/><\/a><\/figure>\n<\/div>","protected":false},"excerpt":{"rendered":"<p>\u201eSzkraby i Muzyka\u201d to nasze autorskie zaj\u0119cia muzyczne dla dzieci od 18 miesi\u0105ca \u017cycia. Programowi towarzyszy maskotka zwana \u201eKraki\u201d. Ta ma\u0142a o\u015bmiornica swoimi ramionami symbolizuje r\u00f3\u017cnorodne umiej\u0119tno\u015bci i talenty, jakie ma\u0142e dzieci mog\u0105 rozwija\u0107, dzi\u0119ki odpowiedniemu wsparciu. Fantazja i kreatywno\u015b\u0107 s\u0105 dodatkowo wzmocnione rysowaniem i drobnymi pracami plastycznymi, wykonywanymi zgodnie z sugesti\u0105 z podr\u0119cznika. Tematy [&hellip;]<\/p>\n","protected":false},"author":1,"featured_media":0,"parent":27,"menu_order":2,"comment_status":"closed","ping_status":"closed","template":"","meta":{"footnotes":""},"class_list":["post-39","page","type-page","status-publish","hentry"],"_links":{"self":[{"href":"https:\/\/www.yamahakatowice.pl\/index.php\/wp-json\/wp\/v2\/pages\/39","targetHints":{"allow":["GET"]}}],"collection":[{"href":"https:\/\/www.yamahakatowice.pl\/index.php\/wp-json\/wp\/v2\/pages"}],"about":[{"href":"https:\/\/www.yamahakatowice.pl\/index.php\/wp-json\/wp\/v2\/types\/page"}],"author":[{"embeddable":true,"href":"https:\/\/www.yamahakatowice.pl\/index.php\/wp-json\/wp\/v2\/users\/1"}],"replies":[{"embeddable":true,"href":"https:\/\/www.yamahakatowice.pl\/index.php\/wp-json\/wp\/v2\/comments?post=39"}],"version-history":[{"count":9,"href":"https:\/\/www.yamahakatowice.pl\/index.php\/wp-json\/wp\/v2\/pages\/39\/revisions"}],"predecessor-version":[{"id":1195,"href":"https:\/\/www.yamahakatowice.pl\/index.php\/wp-json\/wp\/v2\/pages\/39\/revisions\/1195"}],"up":[{"embeddable":true,"href":"https:\/\/www.yamahakatowice.pl\/index.php\/wp-json\/wp\/v2\/pages\/27"}],"wp:attachment":[{"href":"https:\/\/www.yamahakatowice.pl\/index.php\/wp-json\/wp\/v2\/media?parent=39"}],"curies":[{"name":"wp","href":"https:\/\/api.w.org\/{rel}","templated":true}]}}