{"id":37,"date":"2023-09-22T21:10:35","date_gmt":"2023-09-22T19:10:35","guid":{"rendered":"https:\/\/new.yamahakatowice.pl\/?page_id=37"},"modified":"2025-08-23T16:10:44","modified_gmt":"2025-08-23T14:10:44","slug":"niemowlaki-w-krainie-dzwiekow-nkd","status":"publish","type":"page","link":"https:\/\/www.yamahakatowice.pl\/index.php\/programy-nauczania\/niemowlaki-w-krainie-dzwiekow-nkd\/","title":{"rendered":"Niemowlaki w Krainie D\u017awi\u0119k\u00f3w (NKD)"},"content":{"rendered":"\n<figure class=\"wp-block-image size-full\"><img loading=\"lazy\" decoding=\"async\" width=\"600\" height=\"200\" src=\"https:\/\/new.yamahakatowice.pl\/wp-content\/uploads\/2023\/09\/robi.jpg\" alt=\"\" class=\"wp-image-105\" srcset=\"https:\/\/www.yamahakatowice.pl\/wp-content\/uploads\/2023\/09\/robi.jpg 600w, https:\/\/www.yamahakatowice.pl\/wp-content\/uploads\/2023\/09\/robi-300x100.jpg 300w\" sizes=\"auto, (max-width: 600px) 100vw, 600px\" \/><\/figure>\n\n\n\n<p>Program \u201eNiemowlaki w Krainie D\u017awi\u0119k\u00f3w\u201d to zaj\u0119cia muzyczne dla dzieci ju\u017c od 4. miesi\u0105ca \u017cycia wraz z rodzicami. Zaj\u0119ciom towarzyszy foczka \u201eRobby\u201d, kt\u00f3ra wprowadza dzieci w ich pierwsz\u0105 faz\u0119 muzycznego rozwoju.<\/p>\n\n\n\n<p>Tematy ka\u017cdego tygodnia s\u0105 zaczerpni\u0119te z \u017cycia codziennego, np. k\u0105piel, zmiana pieluszki, spanie, jedzenie, poruszanie si\u0119, z\u0105bkowanie, nauka m\u00f3wienia, choroby, urodziny.<\/p>\n\n\n\n<p>Za pomoc\u0105 muzyki, graj\u0105c na prostych instrumentach, wykorzystuj\u0105c zabawki i inne przedmioty codziennego u\u017cytku, proces uczenia si\u0119 jest wspierany w zr\u00f3\u017cnicowany spos\u00f3b i jednocze\u015bnie skierowany w stron\u0119 dziecka.<\/p>\n\n\n\n<p>Podr\u0119cznik zawieraj\u0105cy piosenki, wiersze i komentarze, a tak\u017ce p\u0142yt\u0119 CD, wspiera zar\u00f3wno rodzic\u00f3w jak i nauczycieli.<\/p>\n\n\n\n<p><strong>Kto mo\u017ce bra\u0107 udzia\u0142?<\/strong><br>Dzieci pomi\u0119dzy 4. a 18. miesi\u0105cem \u017cycia<\/p>\n\n\n\n<p><strong>Czas trwania lekcji:<\/strong><br>45 minut<\/p>\n\n\n\n<p><strong>Liczebno\u015b\u0107 grupy:<\/strong><br>3-10 dzieci z rodzicami<\/p>\n\n\n\n<p><strong>Miesi\u0119czna rata za kurs:<\/strong><br>210 z\u0142<\/p>\n\n\n\n<p><strong>Nauczyciele:<\/strong><br><a href=\"https:\/\/www.yamahakatowice.pl\/index.php\/nauczyciele\/nadia-wiesner\/\" data-type=\"page\" data-id=\"583\">Nadia Wiesner<\/a>, <a href=\"https:\/\/www.yamahakatowice.pl\/index.php\/nauczyciele\/barbara-krolikowska-balun\/\" data-type=\"page\" data-id=\"212\">Barbara Kr\u00f3likowska-Balun<\/a>, <a href=\"https:\/\/www.yamahakatowice.pl\/index.php\/nauczyciele\/elzbieta-swierad-slusarczyk\/\" data-type=\"page\" data-id=\"230\">El\u017cbieta \u015awierad-\u015alusarczyk<\/a><\/p>\n\n\n<div class=\"wp-block-image\">\n<figure class=\"aligncenter size-full\"><a href=\"https:\/\/www.yamahakatowice.pl\/index.php\/lekcja-probna\/\"><img loading=\"lazy\" decoding=\"async\" width=\"1830\" height=\"420\" src=\"https:\/\/www.yamahakatowice.pl\/wp-content\/uploads\/2025\/08\/5-krokow.jpeg\" alt=\"\" class=\"wp-image-1222\" srcset=\"https:\/\/www.yamahakatowice.pl\/wp-content\/uploads\/2025\/08\/5-krokow.jpeg 1830w, https:\/\/www.yamahakatowice.pl\/wp-content\/uploads\/2025\/08\/5-krokow-300x69.jpeg 300w, https:\/\/www.yamahakatowice.pl\/wp-content\/uploads\/2025\/08\/5-krokow-1024x235.jpeg 1024w, https:\/\/www.yamahakatowice.pl\/wp-content\/uploads\/2025\/08\/5-krokow-768x176.jpeg 768w, https:\/\/www.yamahakatowice.pl\/wp-content\/uploads\/2025\/08\/5-krokow-1536x353.jpeg 1536w\" sizes=\"auto, (max-width: 1830px) 100vw, 1830px\" \/><\/a><\/figure>\n<\/div>\n\n\n<p><\/p>\n","protected":false},"excerpt":{"rendered":"<p>Program \u201eNiemowlaki w Krainie D\u017awi\u0119k\u00f3w\u201d to zaj\u0119cia muzyczne dla dzieci ju\u017c od 4. miesi\u0105ca \u017cycia wraz z rodzicami. Zaj\u0119ciom towarzyszy foczka \u201eRobby\u201d, kt\u00f3ra wprowadza dzieci w ich pierwsz\u0105 faz\u0119 muzycznego rozwoju. Tematy ka\u017cdego tygodnia s\u0105 zaczerpni\u0119te z \u017cycia codziennego, np. k\u0105piel, zmiana pieluszki, spanie, jedzenie, poruszanie si\u0119, z\u0105bkowanie, nauka m\u00f3wienia, choroby, urodziny. Za pomoc\u0105 muzyki, [&hellip;]<\/p>\n","protected":false},"author":1,"featured_media":0,"parent":27,"menu_order":1,"comment_status":"closed","ping_status":"closed","template":"","meta":{"footnotes":""},"class_list":["post-37","page","type-page","status-publish","hentry"],"_links":{"self":[{"href":"https:\/\/www.yamahakatowice.pl\/index.php\/wp-json\/wp\/v2\/pages\/37","targetHints":{"allow":["GET"]}}],"collection":[{"href":"https:\/\/www.yamahakatowice.pl\/index.php\/wp-json\/wp\/v2\/pages"}],"about":[{"href":"https:\/\/www.yamahakatowice.pl\/index.php\/wp-json\/wp\/v2\/types\/page"}],"author":[{"embeddable":true,"href":"https:\/\/www.yamahakatowice.pl\/index.php\/wp-json\/wp\/v2\/users\/1"}],"replies":[{"embeddable":true,"href":"https:\/\/www.yamahakatowice.pl\/index.php\/wp-json\/wp\/v2\/comments?post=37"}],"version-history":[{"count":9,"href":"https:\/\/www.yamahakatowice.pl\/index.php\/wp-json\/wp\/v2\/pages\/37\/revisions"}],"predecessor-version":[{"id":1356,"href":"https:\/\/www.yamahakatowice.pl\/index.php\/wp-json\/wp\/v2\/pages\/37\/revisions\/1356"}],"up":[{"embeddable":true,"href":"https:\/\/www.yamahakatowice.pl\/index.php\/wp-json\/wp\/v2\/pages\/27"}],"wp:attachment":[{"href":"https:\/\/www.yamahakatowice.pl\/index.php\/wp-json\/wp\/v2\/media?parent=37"}],"curies":[{"name":"wp","href":"https:\/\/api.w.org\/{rel}","templated":true}]}}