{"id":30,"date":"2023-09-22T16:36:40","date_gmt":"2023-09-22T14:36:40","guid":{"rendered":"https:\/\/new.yamahakatowice.pl\/?page_id=30"},"modified":"2025-09-01T11:36:18","modified_gmt":"2025-09-01T09:36:18","slug":"koncepcja","status":"publish","type":"page","link":"https:\/\/www.yamahakatowice.pl\/index.php\/koncepcja\/","title":{"rendered":"Koncepcja"},"content":{"rendered":"\n<h3 class=\"wp-block-heading\"><strong>Podstawowe warto\u015bci Systemu Edukacji Muzycznej YAMAHA<\/strong><\/h3>\n\n\n\n<p>System Edukacji Muzycznej firmy YAMAHA (<em>YAMAHA Music Education System \u2013 YMES<\/em>) to wyj\u0105tkowy system nauczania dla dzieci od 4. roku \u017cycia. Jest oparty na kompleksowym podej\u015bciu do edukacji muzycznej, kt\u00f3ra zwraca szczeg\u00f3ln\u0105 uwag\u0119 na <strong>rozbudzenie kreatywno\u015bci ka\u017cdego dziecka, poprzez odtw\u00f3rczo\u015b\u0107 i komponowanie<\/strong>. Podstaw\u0105 jest program <a href=\"https:\/\/www.yamahakatowice.pl\/index.php\/programy-nauczania\/junior-music-course-jmc\/\" data-type=\"page\" data-id=\"41\">Junior Music Course<\/a>, po kt\u00f3rym jest <a href=\"https:\/\/www.yamahakatowice.pl\/index.php\/programy-nauczania\/junior-extension-course-jxc\/\" data-type=\"page\" data-id=\"43\">Junior Extension Course<\/a>, a nast\u0119pnie <a href=\"https:\/\/www.yamahakatowice.pl\/index.php\/programy-nauczania\/junior-advanced-course\/\" data-type=\"page\" data-id=\"45\">Junior Advanced Course.<\/a><\/p>\n\n\n\n<h3 class=\"wp-block-heading\">Dlaczego YAMAHA?<\/h3>\n\n\n\n<p>System YAMAHA bazuje na przekonaniu, \u017ce muzyka to nie tylko nauka gry na instrumencie, ale tak\u017ce spos\u00f3b budowania relacji, rozwijania emocji i kszta\u0142towania osobowo\u015bci.<\/p>\n\n\n\n<p><strong>Regularny kontakt z muzyk\u0105:<\/strong><\/p>\n\n\n\n<ul class=\"wp-block-list\">\n<li>wspiera rozw\u00f3j intelektualny i emocjonalny,<\/li>\n\n\n\n<li>uczy koncentracji i pracy w grupie,<\/li>\n\n\n\n<li>rozwija kreatywno\u015b\u0107 i odwag\u0119 tw\u00f3rcz\u0105,<\/li>\n\n\n\n<li>daje rado\u015b\u0107 i satysfakcj\u0119 z w\u0142asnych post\u0119p\u00f3w.<\/li>\n<\/ul>\n\n\n\n<p>Jeste\u015bmy przekonani, \u017ce zaanga\u017cowanie w muzyk\u0119 i aktywne muzykowanie powinno by\u0107 sta\u0142ym elementem nowoczesnego spo\u0142ecze\u0144stwa. Odtwarzanie, granie i s\u0142uchanie muzyki ma pozytywny oraz trwa\u0142y wp\u0142yw na spos\u00f3b, w jaki \u017cyjemy w naszym otoczeniu.<\/p>\n\n\n\n<p>Programy nauczania firmy YAMAHA zwracaj\u0105 baczn\u0105 uwag\u0119 na <strong>specyficzne mo\u017cliwo\u015bci dzieci w danym momencie rozwoju<\/strong>, pod wzgl\u0119dem fizycznym, intelektualnym i emocjonalnym.<\/p>\n\n\n\n<h2 class=\"wp-block-heading\"><strong>Kluczowe zasady edukacji<\/strong><\/h2>\n\n\n\n<p>Nast\u0119puj\u0105ce zasady okre\u015blaj\u0105 praktyki pedagogiczne os\u00f3b zatrudnionych w Szko\u0142ach Muzycznych YAMAHA:<\/p>\n\n\n\n<figure class=\"wp-block-image size-large\"><img loading=\"lazy\" decoding=\"async\" width=\"1024\" height=\"877\" src=\"https:\/\/www.yamahakatowice.pl\/wp-content\/uploads\/2025\/08\/5-krokow-1-1024x877.jpeg\" alt=\"\" class=\"wp-image-1280\" srcset=\"https:\/\/www.yamahakatowice.pl\/wp-content\/uploads\/2025\/08\/5-krokow-1-1024x877.jpeg 1024w, https:\/\/www.yamahakatowice.pl\/wp-content\/uploads\/2025\/08\/5-krokow-1-300x257.jpeg 300w, https:\/\/www.yamahakatowice.pl\/wp-content\/uploads\/2025\/08\/5-krokow-1-768x658.jpeg 768w, https:\/\/www.yamahakatowice.pl\/wp-content\/uploads\/2025\/08\/5-krokow-1-1536x1316.jpeg 1536w, https:\/\/www.yamahakatowice.pl\/wp-content\/uploads\/2025\/08\/5-krokow-1.jpeg 1651w\" sizes=\"auto, (max-width: 1024px) 100vw, 1024px\" \/><\/figure>\n\n\n\n<h3 class=\"wp-block-heading\">1. Edukacja w okre\u015blonym przedziale czasowym<\/h3>\n\n\n\n<p>\u2026wyznacza bardzo wyra\u017any kierunek koncepcji lekcji.<\/p>\n\n\n\n<p>Dzieci ucz\u0105 si\u0119 muzyki tak naturalnie, jak j\u0119zyka ojczystego \u2013 poprzez zabaw\u0119 i kontakt z innymi. <strong>Mi\u0119dzy 4. a 6. rokiem \u017cycia przypada faza najsilniejszego rozwoju s\u0142uchu dziecka<\/strong>. Jest to wa\u017cny etap nie tylko dla nauki j\u0119zyka, ale tak\u017ce dla edukacji muzycznej, dlatego zaj\u0119cia s\u0105 idealnie dostosowane do tej fazy rozwoju.<\/p>\n\n\n\n<h3 class=\"wp-block-heading\">2. Lekcje grupowe<\/h3>\n\n\n\n<p>\u2026s\u0105 centralnym elementem systemu YAMAHA Szko\u0142a Muzyczna.<\/p>\n\n\n\n<p>Tworzenie pozytywnego \u015brodowiska uczenia si\u0119, zapewniaj\u0105cego ciekawe do\u015bwiadczenia i odkrywanie ich wszystkimi zmys\u0142ami jest wyzwaniem dla nauczycieli zaanga\u017cowanych w lekcje. Uczniowie z bardzo r\u00f3\u017cnych \u015brodowisk, r\u00f3\u017cnych poziom\u00f3w wcze\u015bniejszej edukacji, s\u0105 zach\u0119cani do wsp\u00f3lnej nauki, cho\u0107 r\u00f3wnolegle otrzymuj\u0105 wsparcie indywidualne. <\/p>\n\n\n\n<p><strong>Kompleksowo rozwijaj\u0105 zdolno\u015bci muzyczne, a jednocze\u015bnie uczestnicz\u0105 w procesie wzajemnej pomocy i motywacji<\/strong>, co przyczynia si\u0119 do poczucia gry zespo\u0142owej, kiedy graj\u0105 razem w grupie.<\/p>\n\n\n\n<p>Wiele lat praktycznego do\u015bwiadczenia i bada\u0144 naukowych jest wykorzystanych w procesie nauczania, kt\u00f3ry motywuje do osi\u0105gania indywidualnych sukces\u00f3w muzycznych przez wszystkich cz\u0142onk\u00f3w grupy.<\/p>\n\n\n\n<h3 class=\"wp-block-heading\">3. Nacisk na kreatywno\u015b\u0107<\/h3>\n\n\n\n<p>\u2026ma kluczowe znaczenie w koncepcji nauczania w Szko\u0142ach Muzycznych YAMAHA.<\/p>\n\n\n\n<p>Dobra znajomo\u015b\u0107 podstaw muzycznych jest warunkiem kreatywno\u015bci, aby m\u00f3c realizowa\u0107 w\u0142asne pomys\u0142y muzyczne. <strong>Improwizacja, komponowanie i aran\u017cacja to wa\u017cne elementy zaj\u0119\u0107. <\/strong>Uczniowie nie tylko odtwarzaj\u0105 muzyk\u0119, ale tak\u017ce&nbsp;<strong><strong>tworz\u0105 w\u0142asne d\u017awi\u0119ki i pomys\u0142y muzyczne<\/strong>.<\/strong> Akceptowane s\u0105 r\u00f3\u017cne style i gatunki muzyczne, kt\u00f3re traktowane s\u0105 r\u00f3wnorz\u0119dnie, a materia\u0142y dydaktyczne dostosowane do wieku ucznia, pomagaj\u0105 \u0107wiczy\u0107 z rado\u015bci\u0105 od samego pocz\u0105tku.<\/p>\n\n\n\n<h2 class=\"wp-block-heading\"><strong>Nauka przez zabaw\u0119 \u2013 filozofia YAMAHA<\/strong><\/h2>\n\n\n\n<p>Najwa\u017cniejsz\u0105 zasad\u0105 YAMAHA Music Education System jest&nbsp;<strong>\u201enauka poprzez zabaw\u0119\u201d<\/strong>. To w\u0142a\u015bnie rado\u015b\u0107 z odkrywania muzyki sprawia, \u017ce dzieci i m\u0142odzie\u017c ucz\u0105 si\u0119 szybciej, ch\u0119tniej i z wi\u0119kszym zaanga\u017cowaniem.<\/p>\n","protected":false},"excerpt":{"rendered":"<p>Podstawowe warto\u015bci Systemu Edukacji Muzycznej YAMAHA System Edukacji Muzycznej firmy YAMAHA (YAMAHA Music Education System \u2013 YMES) to wyj\u0105tkowy system nauczania dla dzieci od 4. roku \u017cycia. Jest oparty na kompleksowym podej\u015bciu do edukacji muzycznej, kt\u00f3ra zwraca szczeg\u00f3ln\u0105 uwag\u0119 na rozbudzenie kreatywno\u015bci ka\u017cdego dziecka, poprzez odtw\u00f3rczo\u015b\u0107 i komponowanie. Podstaw\u0105 jest program Junior Music Course, po [&hellip;]<\/p>\n","protected":false},"author":1,"featured_media":0,"parent":0,"menu_order":0,"comment_status":"closed","ping_status":"closed","template":"","meta":{"footnotes":""},"class_list":["post-30","page","type-page","status-publish","hentry"],"_links":{"self":[{"href":"https:\/\/www.yamahakatowice.pl\/index.php\/wp-json\/wp\/v2\/pages\/30","targetHints":{"allow":["GET"]}}],"collection":[{"href":"https:\/\/www.yamahakatowice.pl\/index.php\/wp-json\/wp\/v2\/pages"}],"about":[{"href":"https:\/\/www.yamahakatowice.pl\/index.php\/wp-json\/wp\/v2\/types\/page"}],"author":[{"embeddable":true,"href":"https:\/\/www.yamahakatowice.pl\/index.php\/wp-json\/wp\/v2\/users\/1"}],"replies":[{"embeddable":true,"href":"https:\/\/www.yamahakatowice.pl\/index.php\/wp-json\/wp\/v2\/comments?post=30"}],"version-history":[{"count":16,"href":"https:\/\/www.yamahakatowice.pl\/index.php\/wp-json\/wp\/v2\/pages\/30\/revisions"}],"predecessor-version":[{"id":1519,"href":"https:\/\/www.yamahakatowice.pl\/index.php\/wp-json\/wp\/v2\/pages\/30\/revisions\/1519"}],"wp:attachment":[{"href":"https:\/\/www.yamahakatowice.pl\/index.php\/wp-json\/wp\/v2\/media?parent=30"}],"curies":[{"name":"wp","href":"https:\/\/api.w.org\/{rel}","templated":true}]}}