{"id":27,"date":"2023-09-22T16:34:59","date_gmt":"2023-09-22T14:34:59","guid":{"rendered":"https:\/\/new.yamahakatowice.pl\/?page_id=27"},"modified":"2025-09-01T12:02:54","modified_gmt":"2025-09-01T10:02:54","slug":"programy-nauczania","status":"publish","type":"page","link":"https:\/\/www.yamahakatowice.pl\/index.php\/programy-nauczania\/","title":{"rendered":"Programy nauczania"},"content":{"rendered":"\n<h4 class=\"wp-block-heading\">Programy nauczania systemu YAMAHA oferowane przez Plac\u00f3wk\u0119 Artystyczn\u0105:<\/h4>\n\n\n\n<p><strong>programy MUZYCZNEJ EDUKACJI WCZESNODZIECI\u0118CEJ (0-4 lat)<\/strong><\/p>\n\n\n\n<ul class=\"wp-block-list\">\n<li><a href=\"https:\/\/www.yamahakatowice.pl\/index.php\/programy-nauczania\/niemowlaki-w-krainie-dzwiekow-nkd\/\" data-type=\"page\" data-id=\"37\">Niemowlaki w Krainie D\u017awi\u0119k\u00f3w (NKD)<\/a>&#8211; dla niemowl\u0105t od 4 do 18 m-ca \u017cycia<\/li>\n<\/ul>\n\n\n\n<ul class=\"wp-block-list\">\n<li><a href=\"https:\/\/www.yamahakatowice.pl\/index.php\/programy-nauczania\/szkraby-i-muzyka-sim\/\" data-type=\"page\" data-id=\"39\">Szkraby i Muzyka (SiM)<\/a> &#8211; dla dzieci od 1.5 do 4 lat&nbsp;<\/li>\n<\/ul>\n\n\n\n<p><strong>programy ELEMENTARNEGO WYCHOWANIA MUZYCZNEGO \u2013System Edukacji Muzycznej YAMAHA (4-12 lat)<\/strong><\/p>\n\n\n\n<ul class=\"wp-block-list\">\n<li><a href=\"https:\/\/www.yamahakatowice.pl\/index.php\/programy-nauczania\/junior-music-course-jmc\/\" data-type=\"page\" data-id=\"41\">Junior Music Course (JMC)<\/a> &#8211; dla dzieci od 4 do 5 roku \u017cycia&nbsp;<\/li>\n<\/ul>\n\n\n\n<ul class=\"wp-block-list\">\n<li><a href=\"https:\/\/www.yamahakatowice.pl\/index.php\/programy-nauczania\/junior-extension-course-jxc\/\" data-type=\"page\" data-id=\"43\">Junior Extension Course (JXC)<\/a> &#8211; kontynuacja kursu JMC &#8211; dzieci od 6. roku \u017cycia&nbsp;<\/li>\n<\/ul>\n\n\n\n<ul class=\"wp-block-list\">\n<li><a href=\"https:\/\/www.yamahakatowice.pl\/index.php\/programy-nauczania\/junior-advanced-course\/\" data-type=\"page\" data-id=\"45\">Junior Advanced Course (JAC)<\/a> &#8211; kontynuacja kursu JXC &#8211; dzieci od 8. roku \u017cycia&nbsp;<\/li>\n<\/ul>\n\n\n\n<p><strong>programy NAUKI GRY NA INSTRUMENTACH i \u015aPIEWU \u2013 KURSY INSTRUMENTALNE (6-99 lat)<\/strong><\/p>\n\n\n\n<ul class=\"wp-block-list\">\n<li><a href=\"https:\/\/www.yamahakatowice.pl\/index.php\/programy-nauczania\/fun-key-kids-fkk\/\" data-type=\"page\" data-id=\"47\">Keyboard dla dzieci \u201eFun Key Kids\u201d (FKK)<\/a> &#8211; dla dzieci w wieku od 6 do 8 lat&nbsp;<\/li>\n<\/ul>\n\n\n\n<ul class=\"wp-block-list\">\n<li><a href=\"https:\/\/www.yamahakatowice.pl\/index.php\/programy-nauczania\/fun-key-fk\/\" data-type=\"page\" data-id=\"49\">Keyboard \u201eFun Key\u201d (FK)<\/a> &#8211; dla dzieci od 8. roku \u017cycia, m\u0142odzie\u017cy i doros\u0142ych&nbsp;<\/li>\n<\/ul>\n\n\n\n<ul class=\"wp-block-list\">\n<li><a href=\"https:\/\/www.yamahakatowice.pl\/index.php\/programy-nauczania\/play-for-keeps\/\" data-type=\"page\" data-id=\"1202\">Keyboard \u201ePlay for Keeps\u201d (PFK)<\/a> &#8211; dla dzieci od 8. roku \u017cycia, m\u0142odzie\u017cy i doros\u0142ych&nbsp;<\/li>\n<\/ul>\n\n\n\n<ul class=\"wp-block-list\">\n<li><a href=\"https:\/\/www.yamahakatowice.pl\/index.php\/programy-nauczania\/gitara-klasyczna-glg\/\" data-type=\"page\" data-id=\"51\">Gitara klasyczna \u201eZabawa na sze\u015bciu strunach\u201d (GLG)<\/a> &#8211; dla dzieci od 8. roku \u017cycia, m\u0142odzie\u017cy i doros\u0142ych&nbsp;<\/li>\n<\/ul>\n\n\n\n<ul class=\"wp-block-list\">\n<li><a href=\"https:\/\/www.yamahakatowice.pl\/index.php\/programy-nauczania\/gitara-elektryczna-ge\/\" data-type=\"page\" data-id=\"53\">Gitara elektryczna \u201eGuitar Encounters\u201d (GE)<\/a> &#8211; dla dzieci od 8. roku \u017cycia, m\u0142odzie\u017cy i doros\u0142ych&nbsp;<\/li>\n<\/ul>\n\n\n\n<ul class=\"wp-block-list\">\n<li><a href=\"https:\/\/www.yamahakatowice.pl\/index.php\/programy-nauczania\/pianoforte-pf\/\" data-type=\"page\" data-id=\"57\">Fortepian \u201ePianoforte\u201d (PF)<\/a> &#8211; dla dzieci od 8. roku \u017cycia, m\u0142odzie\u017cy i doros\u0142ych&nbsp;<\/li>\n<\/ul>\n\n\n\n<p><strong>programy SZKO\u0141Y MUZYKI ROZRYWKOWEJ YAMAHA &#8211; PMC (9-99 lat)<\/strong><\/p>\n\n\n\n<ul class=\"wp-block-list\">\n<li><a href=\"https:\/\/www.yamahakatowice.pl\/index.php\/programy-nauczania\/gitara-elektryczna-pmc-eg\/\" data-type=\"page\" data-id=\"59\">Gitara elektryczna (PMC-EG)<\/a>&nbsp;<\/li>\n<\/ul>\n\n\n\n<ul class=\"wp-block-list\">\n<li><a href=\"https:\/\/www.yamahakatowice.pl\/index.php\/programy-nauczania\/gitara-basowa-pmc-eb\/\" data-type=\"page\" data-id=\"61\">Gitara basowa (PMC-EB)<\/a>&nbsp;<\/li>\n<\/ul>\n\n\n\n<ul class=\"wp-block-list\">\n<li><a href=\"https:\/\/www.yamahakatowice.pl\/index.php\/programy-nauczania\/perkusja-pmc-dr\/\" data-type=\"page\" data-id=\"63\">Perkusja (PMC-DR)&nbsp;<\/a><\/li>\n<\/ul>\n\n\n\n<ul class=\"wp-block-list\">\n<li><a href=\"https:\/\/www.yamahakatowice.pl\/index.php\/programy-nauczania\/wokal-pmc-vo\/\" data-type=\"page\" data-id=\"65\">Wokal (PMC-VO)<\/a> &#8211; dla m\u0142odzie\u017cy i doros\u0142ych&nbsp;<\/li>\n<\/ul>\n\n\n\n<h4 class=\"wp-block-heading\">Autorskie programy nauczania oferowane przez Plac\u00f3wk\u0119 Artystyczn\u0105 w Katowicach:<\/h4>\n\n\n\n<ul class=\"wp-block-list\">\n<li>Zesp\u00f3\u0142 muzyczny &#8211; dla m\u0142odzie\u017cy i doros\u0142ych&nbsp;<\/li>\n<\/ul>\n\n\n\n<div data-wp-interactive=\"core\/file\" class=\"wp-block-file\"><object data-wp-bind--hidden=\"!state.hasPdfPreview\" hidden class=\"wp-block-file__embed\" data=\"https:\/\/www.yamahakatowice.pl\/wp-content\/uploads\/2024\/09\/YSM-Cennik-20252026-1.pdf\" type=\"application\/pdf\" style=\"width:100%;height:600px\" aria-label=\"Osadzone z YSM - Cennik 2025:2026.\"><\/object><a id=\"wp-block-file--media-9c3db20d-d90f-461a-bc0f-61899533056d\" href=\"https:\/\/www.yamahakatowice.pl\/wp-content\/uploads\/2024\/09\/YSM-Cennik-20252026-1.pdf\">YSM &#8211; Cennik 2025:2026<\/a><a href=\"https:\/\/www.yamahakatowice.pl\/wp-content\/uploads\/2024\/09\/YSM-Cennik-20252026-1.pdf\" class=\"wp-block-file__button wp-element-button\" download aria-describedby=\"wp-block-file--media-9c3db20d-d90f-461a-bc0f-61899533056d\">Pobierz<\/a><\/div>\n\n\n\n<hr class=\"wp-block-separator has-alpha-channel-opacity\"\/>\n\n\n\n<h4 class=\"wp-block-heading\">Pe\u0142na oferta zaj\u0119\u0107 muzycznych, nauki \u015bpiewu i gry na instrumentach w ramach systemu YAMAHA w Polsce:<\/h4>\n\n\n\n<p>YAMAHA Szko\u0142a Muzyczna oferuje zaj\u0119cia muzyczne dla r\u00f3\u017cnych grup wiekowych: dla niemowlak\u00f3w, dzieci, m\u0142odzie\u017cy i doros\u0142ych. Prowadzimy lekcje \u015bpiewu, gry na gitarze, pianinie, perkusji i keyboardzie.<\/p>\n\n\n\n<p><strong>Priorytetami program\u00f3w nauczania szko\u0142y YAMAHA s\u0105:<\/strong><\/p>\n\n\n\n<ul class=\"wp-block-list\">\n<li>Promocja nauczania grupowego<\/li>\n\n\n\n<li>Uwzgl\u0119dnienie czynnik\u00f3w charakterystycznych dla danej grupy wiekowej<\/li>\n\n\n\n<li>Zapoznanie z r\u00f3\u017cnymi stylami muzycznymi<\/li>\n\n\n\n<li>Tw\u00f3rcza interakcja z muzyk\u0105, jako sta\u0142y element wszystkich program\u00f3w nauczania<\/li>\n<\/ul>\n","protected":false},"excerpt":{"rendered":"<p>Programy nauczania systemu YAMAHA oferowane przez Plac\u00f3wk\u0119 Artystyczn\u0105: programy MUZYCZNEJ EDUKACJI WCZESNODZIECI\u0118CEJ (0-4 lat) programy ELEMENTARNEGO WYCHOWANIA MUZYCZNEGO \u2013System Edukacji Muzycznej YAMAHA (4-12 lat) programy NAUKI GRY NA INSTRUMENTACH i \u015aPIEWU \u2013 KURSY INSTRUMENTALNE (6-99 lat) programy SZKO\u0141Y MUZYKI ROZRYWKOWEJ YAMAHA &#8211; PMC (9-99 lat) Autorskie programy nauczania oferowane przez Plac\u00f3wk\u0119 Artystyczn\u0105 w Katowicach: Pe\u0142na [&hellip;]<\/p>\n","protected":false},"author":1,"featured_media":0,"parent":0,"menu_order":0,"comment_status":"closed","ping_status":"closed","template":"","meta":{"footnotes":""},"class_list":["post-27","page","type-page","status-publish","hentry"],"_links":{"self":[{"href":"https:\/\/www.yamahakatowice.pl\/index.php\/wp-json\/wp\/v2\/pages\/27","targetHints":{"allow":["GET"]}}],"collection":[{"href":"https:\/\/www.yamahakatowice.pl\/index.php\/wp-json\/wp\/v2\/pages"}],"about":[{"href":"https:\/\/www.yamahakatowice.pl\/index.php\/wp-json\/wp\/v2\/types\/page"}],"author":[{"embeddable":true,"href":"https:\/\/www.yamahakatowice.pl\/index.php\/wp-json\/wp\/v2\/users\/1"}],"replies":[{"embeddable":true,"href":"https:\/\/www.yamahakatowice.pl\/index.php\/wp-json\/wp\/v2\/comments?post=27"}],"version-history":[{"count":17,"href":"https:\/\/www.yamahakatowice.pl\/index.php\/wp-json\/wp\/v2\/pages\/27\/revisions"}],"predecessor-version":[{"id":1523,"href":"https:\/\/www.yamahakatowice.pl\/index.php\/wp-json\/wp\/v2\/pages\/27\/revisions\/1523"}],"wp:attachment":[{"href":"https:\/\/www.yamahakatowice.pl\/index.php\/wp-json\/wp\/v2\/media?parent=27"}],"curies":[{"name":"wp","href":"https:\/\/api.w.org\/{rel}","templated":true}]}}