{"id":234,"date":"2023-10-03T22:16:04","date_gmt":"2023-10-03T20:16:04","guid":{"rendered":"https:\/\/new.yamahakatowice.pl\/?page_id=234"},"modified":"2025-08-21T23:38:50","modified_gmt":"2025-08-21T21:38:50","slug":"martyna-wiesner","status":"publish","type":"page","link":"https:\/\/www.yamahakatowice.pl\/index.php\/nauczyciele\/martyna-wiesner\/","title":{"rendered":"Martyna Wiesner"},"content":{"rendered":"\n<p><em>Gitara klasyczna<\/em><\/p>\n\n\n\n<div class=\"wp-block-media-text is-stacked-on-mobile is-vertically-aligned-top\" style=\"grid-template-columns:40% auto\"><figure class=\"wp-block-media-text__media\"><img loading=\"lazy\" decoding=\"async\" width=\"506\" height=\"742\" src=\"https:\/\/new.yamahakatowice.pl\/wp-content\/uploads\/2023\/10\/Wiesner-Martyna_-1.png\" alt=\"\" class=\"wp-image-235 size-full\" srcset=\"https:\/\/www.yamahakatowice.pl\/wp-content\/uploads\/2023\/10\/Wiesner-Martyna_-1.png 506w, https:\/\/www.yamahakatowice.pl\/wp-content\/uploads\/2023\/10\/Wiesner-Martyna_-1-205x300.png 205w\" sizes=\"auto, (max-width: 506px) 100vw, 506px\" \/><\/figure><div class=\"wp-block-media-text__content\">\n<p>Studentka Akademii Muzycznej im. Karola Szymanowskiego w Katowicach na wydziale instrumentalnym, specjalno\u015b\u0107: gitara klasyczna. Jest laureatk\u0105 wielu konkurs\u00f3w zar\u00f3wno og\u00f3lnopolskich jak i mi\u0119dzynarodowych. Pasj\u0119 do gitary zaszczepi\u0142 w niej tata, gdy mia\u0142a zaledwie 5 lat. Do ka\u017cdego projektu podchodzi z 100% zaanga\u017cowaniem, pozytywnym nastawieniem oraz cierpliwo\u015bci\u0105. Wracaj\u0105c do domu na weekend, lubi sp\u0119dza\u0107 czas z rodzin\u0105, a w wolnej chwili spe\u0142nia si\u0119 dodatkowo w rodzinnym zespole muzycznym graj\u0105cym ka\u017cdy rodzaj muzyki, nie tylko klasyczny.<\/p>\n<\/div><\/div>\n","protected":false},"excerpt":{"rendered":"<p>Gitara klasyczna Studentka Akademii Muzycznej im. Karola Szymanowskiego w Katowicach na wydziale instrumentalnym, specjalno\u015b\u0107: gitara klasyczna. Jest laureatk\u0105 wielu konkurs\u00f3w zar\u00f3wno og\u00f3lnopolskich jak i mi\u0119dzynarodowych. Pasj\u0119 do gitary zaszczepi\u0142 w niej tata, gdy mia\u0142a zaledwie 5 lat. Do ka\u017cdego projektu podchodzi z 100% zaanga\u017cowaniem, pozytywnym nastawieniem oraz cierpliwo\u015bci\u0105. Wracaj\u0105c do domu na weekend, lubi sp\u0119dza\u0107 [&hellip;]<\/p>\n","protected":false},"author":1,"featured_media":235,"parent":150,"menu_order":0,"comment_status":"closed","ping_status":"closed","template":"","meta":{"footnotes":""},"class_list":["post-234","page","type-page","status-publish","has-post-thumbnail","hentry"],"_links":{"self":[{"href":"https:\/\/www.yamahakatowice.pl\/index.php\/wp-json\/wp\/v2\/pages\/234","targetHints":{"allow":["GET"]}}],"collection":[{"href":"https:\/\/www.yamahakatowice.pl\/index.php\/wp-json\/wp\/v2\/pages"}],"about":[{"href":"https:\/\/www.yamahakatowice.pl\/index.php\/wp-json\/wp\/v2\/types\/page"}],"author":[{"embeddable":true,"href":"https:\/\/www.yamahakatowice.pl\/index.php\/wp-json\/wp\/v2\/users\/1"}],"replies":[{"embeddable":true,"href":"https:\/\/www.yamahakatowice.pl\/index.php\/wp-json\/wp\/v2\/comments?post=234"}],"version-history":[{"count":6,"href":"https:\/\/www.yamahakatowice.pl\/index.php\/wp-json\/wp\/v2\/pages\/234\/revisions"}],"predecessor-version":[{"id":1174,"href":"https:\/\/www.yamahakatowice.pl\/index.php\/wp-json\/wp\/v2\/pages\/234\/revisions\/1174"}],"up":[{"embeddable":true,"href":"https:\/\/www.yamahakatowice.pl\/index.php\/wp-json\/wp\/v2\/pages\/150"}],"wp:featuredmedia":[{"embeddable":true,"href":"https:\/\/www.yamahakatowice.pl\/index.php\/wp-json\/wp\/v2\/media\/235"}],"wp:attachment":[{"href":"https:\/\/www.yamahakatowice.pl\/index.php\/wp-json\/wp\/v2\/media?parent=234"}],"curies":[{"name":"wp","href":"https:\/\/api.w.org\/{rel}","templated":true}]}}