{"id":232,"date":"2023-10-03T22:11:51","date_gmt":"2023-10-03T20:11:51","guid":{"rendered":"https:\/\/new.yamahakatowice.pl\/?page_id=232"},"modified":"2024-09-17T13:40:00","modified_gmt":"2024-09-17T11:40:00","slug":"ziemowit-switalski","status":"publish","type":"page","link":"https:\/\/www.yamahakatowice.pl\/index.php\/nauczyciele\/ziemowit-switalski\/","title":{"rendered":"Ziemowit \u015awitalski"},"content":{"rendered":"\n<p><em>PianoForte<\/em><\/p>\n\n\n\n<div class=\"wp-block-media-text is-stacked-on-mobile is-vertically-aligned-top\" style=\"grid-template-columns:40% auto\"><figure class=\"wp-block-media-text__media\"><img loading=\"lazy\" decoding=\"async\" width=\"692\" height=\"1024\" src=\"https:\/\/new.yamahakatowice.pl\/wp-content\/uploads\/2023\/10\/Switalski-Ziemowit_-692x1024.jpg\" alt=\"\" class=\"wp-image-175 size-full\" srcset=\"https:\/\/www.yamahakatowice.pl\/wp-content\/uploads\/2023\/10\/Switalski-Ziemowit_-692x1024.jpg 692w, https:\/\/www.yamahakatowice.pl\/wp-content\/uploads\/2023\/10\/Switalski-Ziemowit_-203x300.jpg 203w, https:\/\/www.yamahakatowice.pl\/wp-content\/uploads\/2023\/10\/Switalski-Ziemowit_-768x1136.jpg 768w, https:\/\/www.yamahakatowice.pl\/wp-content\/uploads\/2023\/10\/Switalski-Ziemowit_.jpg 921w\" sizes=\"auto, (max-width: 692px) 100vw, 692px\" \/><\/figure><div class=\"wp-block-media-text__content\">\n<p>Student studi\u00f3w magisterskich Akademii Muzycznej w Katowicach na kierunku instrumentalistyka o specjalno\u015bci: fortepian. Jest laureatem wielu og\u00f3lnopolskich i mi\u0119dzynarodowych konkurs\u00f3w pianistycznych. Koncertowa\u0142 zar\u00f3wno solo jak i z orkiestrami na wielu europejskich scenach. Kiedy nie \u0107wiczy, lubi aktywnie sp\u0119dza\u0107 czas, szczeg\u00f3lnie graj\u0105c w pi\u0142k\u0119 no\u017cn\u0105. Jego ulubionym klubem jest Real Madryt. Dzi\u0119ki otrzymaniu stypendium Allianz dla wybitnie zdolnych, mia\u0142 okazj\u0119 wyst\u0119powa\u0107 na Allianz Arenie oraz Camp Nou (oczywi\u015bcie graj\u0105c na fortepianie).<\/p>\n\n\n\n<p>W wieku 7 lat doszed\u0142 do fina\u0142u programu Mam Talent, gdzie zas\u0142yn\u0105\u0142 swoj\u0105 przebojowo\u015bci\u0105, dzieci\u0119c\u0105 rado\u015bci\u0105, wyj\u0105tkowym poczuciem humoru i ogromnym muzycznym talentem.<\/p>\n<\/div><\/div>\n","protected":false},"excerpt":{"rendered":"<p>PianoForte Student studi\u00f3w magisterskich Akademii Muzycznej w Katowicach na kierunku instrumentalistyka o specjalno\u015bci: fortepian. Jest laureatem wielu og\u00f3lnopolskich i mi\u0119dzynarodowych konkurs\u00f3w pianistycznych. Koncertowa\u0142 zar\u00f3wno solo jak i z orkiestrami na wielu europejskich scenach. Kiedy nie \u0107wiczy, lubi aktywnie sp\u0119dza\u0107 czas, szczeg\u00f3lnie graj\u0105c w pi\u0142k\u0119 no\u017cn\u0105. Jego ulubionym klubem jest Real Madryt. Dzi\u0119ki otrzymaniu stypendium Allianz [&hellip;]<\/p>\n","protected":false},"author":1,"featured_media":175,"parent":150,"menu_order":0,"comment_status":"closed","ping_status":"closed","template":"","meta":{"footnotes":""},"class_list":["post-232","page","type-page","status-publish","has-post-thumbnail","hentry"],"_links":{"self":[{"href":"https:\/\/www.yamahakatowice.pl\/index.php\/wp-json\/wp\/v2\/pages\/232","targetHints":{"allow":["GET"]}}],"collection":[{"href":"https:\/\/www.yamahakatowice.pl\/index.php\/wp-json\/wp\/v2\/pages"}],"about":[{"href":"https:\/\/www.yamahakatowice.pl\/index.php\/wp-json\/wp\/v2\/types\/page"}],"author":[{"embeddable":true,"href":"https:\/\/www.yamahakatowice.pl\/index.php\/wp-json\/wp\/v2\/users\/1"}],"replies":[{"embeddable":true,"href":"https:\/\/www.yamahakatowice.pl\/index.php\/wp-json\/wp\/v2\/comments?post=232"}],"version-history":[{"count":3,"href":"https:\/\/www.yamahakatowice.pl\/index.php\/wp-json\/wp\/v2\/pages\/232\/revisions"}],"predecessor-version":[{"id":948,"href":"https:\/\/www.yamahakatowice.pl\/index.php\/wp-json\/wp\/v2\/pages\/232\/revisions\/948"}],"up":[{"embeddable":true,"href":"https:\/\/www.yamahakatowice.pl\/index.php\/wp-json\/wp\/v2\/pages\/150"}],"wp:featuredmedia":[{"embeddable":true,"href":"https:\/\/www.yamahakatowice.pl\/index.php\/wp-json\/wp\/v2\/media\/175"}],"wp:attachment":[{"href":"https:\/\/www.yamahakatowice.pl\/index.php\/wp-json\/wp\/v2\/media?parent=232"}],"curies":[{"name":"wp","href":"https:\/\/api.w.org\/{rel}","templated":true}]}}