{"id":230,"date":"2023-10-03T22:10:37","date_gmt":"2023-10-03T20:10:37","guid":{"rendered":"https:\/\/new.yamahakatowice.pl\/?page_id=230"},"modified":"2024-09-17T13:45:56","modified_gmt":"2024-09-17T11:45:56","slug":"elzbieta-swierad-slusarczyk","status":"publish","type":"page","link":"https:\/\/www.yamahakatowice.pl\/index.php\/nauczyciele\/elzbieta-swierad-slusarczyk\/","title":{"rendered":"El\u017cbieta \u015awierad-\u015alusarczyk"},"content":{"rendered":"\n<p><em><em>Niemowlaki w Krainie D\u017awi\u0119k\u00f3w<br>Szkraby i Muzyka<\/em><\/em><\/p>\n\n\n\n<div class=\"wp-block-media-text is-stacked-on-mobile is-vertically-aligned-top\" style=\"grid-template-columns:40% auto\"><figure class=\"wp-block-media-text__media\"><img loading=\"lazy\" decoding=\"async\" width=\"768\" height=\"1024\" src=\"https:\/\/new.yamahakatowice.pl\/wp-content\/uploads\/2023\/10\/Swierad-Slusarczyk-Elzbieta_-768x1024.jpg\" alt=\"\" class=\"wp-image-174 size-full\" srcset=\"https:\/\/www.yamahakatowice.pl\/wp-content\/uploads\/2023\/10\/Swierad-Slusarczyk-Elzbieta_-768x1024.jpg 768w, https:\/\/www.yamahakatowice.pl\/wp-content\/uploads\/2023\/10\/Swierad-Slusarczyk-Elzbieta_-225x300.jpg 225w, https:\/\/www.yamahakatowice.pl\/wp-content\/uploads\/2023\/10\/Swierad-Slusarczyk-Elzbieta_-1152x1536.jpg 1152w, https:\/\/www.yamahakatowice.pl\/wp-content\/uploads\/2023\/10\/Swierad-Slusarczyk-Elzbieta_-1536x2048.jpg 1536w, https:\/\/www.yamahakatowice.pl\/wp-content\/uploads\/2023\/10\/Swierad-Slusarczyk-Elzbieta_-scaled.jpg 1920w\" sizes=\"auto, (max-width: 768px) 100vw, 768px\" \/><\/figure><div class=\"wp-block-media-text__content\">\n<p>Absolwentka studi\u00f3w licencjackich na Akademii Muzycznej im. Karola Szymanowskiego w Katowicach na kierunku wokalno-aktorskim, a obecnie studentka studi\u00f3w magisterskich na tym samym kierunku. Od 2023 roku jest tak\u017ce studentk\u0105 psychologii. Swoj\u0105 muzyczn\u0105 przygod\u0119 zaczyna\u0142a od skrzypiec, jednak p\u00f3\u017aniej mocniej pokocha\u0142a \u015bpiew.<\/p>\n\n\n\n<p>Realizuje swoje pasje jako wychowawca kolonijny, a tak\u017ce prowadz\u0105c zaj\u0119cia muzyczno-terapeutyczne (r\u00f3wnie\u017c dla os\u00f3b niepe\u0142nosprawnych) i Audycje Muzyczne wraz z Fundacj\u0105 Ziarno Talentu.<\/p>\n\n\n\n<p>Podchodzi do swojej pracy bardzo sumiennie i kreatywnie. Jak m\u00f3wi\u0105 rodzice jej uczni\u00f3w: \u201ePani Ela potrafi oczarowa\u0107 swoim g\u0142osem i charyzm\u0105 ka\u017cdego malucha\u201d.<\/p>\n\n\n\n<blockquote class=\"wp-block-quote is-layout-flow wp-block-quote-is-layout-flow\"><\/blockquote>\n<\/div><\/div>\n","protected":false},"excerpt":{"rendered":"<p>Niemowlaki w Krainie D\u017awi\u0119k\u00f3wSzkraby i Muzyka Absolwentka studi\u00f3w licencjackich na Akademii Muzycznej im. Karola Szymanowskiego w Katowicach na kierunku wokalno-aktorskim, a obecnie studentka studi\u00f3w magisterskich na tym samym kierunku. Od 2023 roku jest tak\u017ce studentk\u0105 psychologii. Swoj\u0105 muzyczn\u0105 przygod\u0119 zaczyna\u0142a od skrzypiec, jednak p\u00f3\u017aniej mocniej pokocha\u0142a \u015bpiew. Realizuje swoje pasje jako wychowawca kolonijny, a tak\u017ce [&hellip;]<\/p>\n","protected":false},"author":1,"featured_media":174,"parent":150,"menu_order":0,"comment_status":"closed","ping_status":"closed","template":"","meta":{"footnotes":""},"class_list":["post-230","page","type-page","status-publish","has-post-thumbnail","hentry"],"_links":{"self":[{"href":"https:\/\/www.yamahakatowice.pl\/index.php\/wp-json\/wp\/v2\/pages\/230","targetHints":{"allow":["GET"]}}],"collection":[{"href":"https:\/\/www.yamahakatowice.pl\/index.php\/wp-json\/wp\/v2\/pages"}],"about":[{"href":"https:\/\/www.yamahakatowice.pl\/index.php\/wp-json\/wp\/v2\/types\/page"}],"author":[{"embeddable":true,"href":"https:\/\/www.yamahakatowice.pl\/index.php\/wp-json\/wp\/v2\/users\/1"}],"replies":[{"embeddable":true,"href":"https:\/\/www.yamahakatowice.pl\/index.php\/wp-json\/wp\/v2\/comments?post=230"}],"version-history":[{"count":5,"href":"https:\/\/www.yamahakatowice.pl\/index.php\/wp-json\/wp\/v2\/pages\/230\/revisions"}],"predecessor-version":[{"id":955,"href":"https:\/\/www.yamahakatowice.pl\/index.php\/wp-json\/wp\/v2\/pages\/230\/revisions\/955"}],"up":[{"embeddable":true,"href":"https:\/\/www.yamahakatowice.pl\/index.php\/wp-json\/wp\/v2\/pages\/150"}],"wp:featuredmedia":[{"embeddable":true,"href":"https:\/\/www.yamahakatowice.pl\/index.php\/wp-json\/wp\/v2\/media\/174"}],"wp:attachment":[{"href":"https:\/\/www.yamahakatowice.pl\/index.php\/wp-json\/wp\/v2\/media?parent=230"}],"curies":[{"name":"wp","href":"https:\/\/api.w.org\/{rel}","templated":true}]}}