{"id":218,"date":"2023-10-03T22:01:34","date_gmt":"2023-10-03T20:01:34","guid":{"rendered":"https:\/\/new.yamahakatowice.pl\/?page_id=218"},"modified":"2024-09-17T13:41:36","modified_gmt":"2024-09-17T11:41:36","slug":"przemyslaw-religa","status":"publish","type":"page","link":"https:\/\/www.yamahakatowice.pl\/index.php\/nauczyciele\/przemyslaw-religa\/","title":{"rendered":"Przemys\u0142aw Religa"},"content":{"rendered":"\n<p><em><em>Gitara elektryczna \u201eGuitar Encounters\u201d<\/em><\/em><\/p>\n\n\n\n<div class=\"wp-block-media-text is-stacked-on-mobile is-vertically-aligned-top\" style=\"grid-template-columns:40% auto\"><figure class=\"wp-block-media-text__media\"><img loading=\"lazy\" decoding=\"async\" width=\"681\" height=\"1024\" src=\"https:\/\/new.yamahakatowice.pl\/wp-content\/uploads\/2023\/10\/Religa-Przemyslaw_-681x1024.jpg\" alt=\"\" class=\"wp-image-167 size-full\" srcset=\"https:\/\/www.yamahakatowice.pl\/wp-content\/uploads\/2023\/10\/Religa-Przemyslaw_-681x1024.jpg 681w, https:\/\/www.yamahakatowice.pl\/wp-content\/uploads\/2023\/10\/Religa-Przemyslaw_-200x300.jpg 200w, https:\/\/www.yamahakatowice.pl\/wp-content\/uploads\/2023\/10\/Religa-Przemyslaw_-768x1154.jpg 768w, https:\/\/www.yamahakatowice.pl\/wp-content\/uploads\/2023\/10\/Religa-Przemyslaw_-1022x1536.jpg 1022w, https:\/\/www.yamahakatowice.pl\/wp-content\/uploads\/2023\/10\/Religa-Przemyslaw_-1363x2048.jpg 1363w, https:\/\/www.yamahakatowice.pl\/wp-content\/uploads\/2023\/10\/Religa-Przemyslaw_-scaled.jpg 1703w\" sizes=\"auto, (max-width: 681px) 100vw, 681px\" \/><\/figure><div class=\"wp-block-media-text__content\">\n<p>Absolwent Og\u00f3lnokszta\u0142c\u0105cej Szko\u0142y Muzycznej II stopnia im. K. Lipi\u0144skiego w Lublinie oraz Akademii Muzycznej im. Karola Szymanowskiego w Katowicach na kierunku instrumentalistyka o specjalno\u015bci: gitara klasyczna w klasie prof. dra hab. Marka Nosala.<\/p>\n\n\n\n<p>Jest niezwykle wszechstronnym artyst\u0105. Opr\u00f3cz mistrzostwa osi\u0105gni\u0119tego na gitarze klasycznej, Przemys\u0142aw fascynuje si\u0119 r\u00f3wnie\u017c gr\u0105 na instrumentach historycznych (kt\u00f3rej uczy\u0142 si\u0119 fakultatywnie w trakcie studi\u00f3w pod kierunkiem dra Jana \u010ci\u017em\u00e1\u0159a), a tak\u017ce gr\u0105 na gitarze elektrycznej. T\u0119 ostatni\u0105 pasj\u0119 realizuje przede wszystkim ucz\u0105c w naszej szkole gry na tym instrumencie.<\/p>\n\n\n\n<p>Dzi\u0119ki swoim wyr\u00f3\u017cniaj\u0105cym osi\u0105gni\u0119ciom mia\u0142 okazj\u0119 studiowa\u0107 na University of Szeged pod kierunkiem prof. Davida Pavlovitsa, w ramach programu Erasmus+. Wielokrotny zdobywca najwy\u017cszych miejsc na og\u00f3lnopolskich i mi\u0119dzynarodowych konkursach oraz wielu stypendi\u00f3w.<\/p>\n<\/div><\/div>\n","protected":false},"excerpt":{"rendered":"<p>Gitara elektryczna \u201eGuitar Encounters\u201d Absolwent Og\u00f3lnokszta\u0142c\u0105cej Szko\u0142y Muzycznej II stopnia im. K. Lipi\u0144skiego w Lublinie oraz Akademii Muzycznej im. Karola Szymanowskiego w Katowicach na kierunku instrumentalistyka o specjalno\u015bci: gitara klasyczna w klasie prof. dra hab. Marka Nosala. Jest niezwykle wszechstronnym artyst\u0105. Opr\u00f3cz mistrzostwa osi\u0105gni\u0119tego na gitarze klasycznej, Przemys\u0142aw fascynuje si\u0119 r\u00f3wnie\u017c gr\u0105 na instrumentach historycznych [&hellip;]<\/p>\n","protected":false},"author":1,"featured_media":167,"parent":150,"menu_order":0,"comment_status":"closed","ping_status":"closed","template":"","meta":{"footnotes":""},"class_list":["post-218","page","type-page","status-publish","has-post-thumbnail","hentry"],"_links":{"self":[{"href":"https:\/\/www.yamahakatowice.pl\/index.php\/wp-json\/wp\/v2\/pages\/218","targetHints":{"allow":["GET"]}}],"collection":[{"href":"https:\/\/www.yamahakatowice.pl\/index.php\/wp-json\/wp\/v2\/pages"}],"about":[{"href":"https:\/\/www.yamahakatowice.pl\/index.php\/wp-json\/wp\/v2\/types\/page"}],"author":[{"embeddable":true,"href":"https:\/\/www.yamahakatowice.pl\/index.php\/wp-json\/wp\/v2\/users\/1"}],"replies":[{"embeddable":true,"href":"https:\/\/www.yamahakatowice.pl\/index.php\/wp-json\/wp\/v2\/comments?post=218"}],"version-history":[{"count":4,"href":"https:\/\/www.yamahakatowice.pl\/index.php\/wp-json\/wp\/v2\/pages\/218\/revisions"}],"predecessor-version":[{"id":951,"href":"https:\/\/www.yamahakatowice.pl\/index.php\/wp-json\/wp\/v2\/pages\/218\/revisions\/951"}],"up":[{"embeddable":true,"href":"https:\/\/www.yamahakatowice.pl\/index.php\/wp-json\/wp\/v2\/pages\/150"}],"wp:featuredmedia":[{"embeddable":true,"href":"https:\/\/www.yamahakatowice.pl\/index.php\/wp-json\/wp\/v2\/media\/167"}],"wp:attachment":[{"href":"https:\/\/www.yamahakatowice.pl\/index.php\/wp-json\/wp\/v2\/media?parent=218"}],"curies":[{"name":"wp","href":"https:\/\/api.w.org\/{rel}","templated":true}]}}