{"id":214,"date":"2023-10-03T21:58:11","date_gmt":"2023-10-03T19:58:11","guid":{"rendered":"https:\/\/new.yamahakatowice.pl\/?page_id=214"},"modified":"2024-09-17T13:24:54","modified_gmt":"2024-09-17T11:24:54","slug":"magdalena-noganska","status":"publish","type":"page","link":"https:\/\/www.yamahakatowice.pl\/index.php\/nauczyciele\/magdalena-noganska\/","title":{"rendered":"Magdalena Noga\u0144ska"},"content":{"rendered":"\n<p><em><em>Junior Music Course<br>Fun Key Kids<br>Play for Keeps<br>Pianoforte<br>Szkraby i Muzyka<\/em><\/em><\/p>\n\n\n\n<div class=\"wp-block-media-text is-stacked-on-mobile is-vertically-aligned-top\" style=\"grid-template-columns:40% auto\"><figure class=\"wp-block-media-text__media\"><img loading=\"lazy\" decoding=\"async\" width=\"768\" height=\"1024\" src=\"https:\/\/new.yamahakatowice.pl\/wp-content\/uploads\/2023\/10\/Noganska-Magdalena_-768x1024.jpg\" alt=\"\" class=\"wp-image-179 size-full\" srcset=\"https:\/\/www.yamahakatowice.pl\/wp-content\/uploads\/2023\/10\/Noganska-Magdalena_-768x1024.jpg 768w, https:\/\/www.yamahakatowice.pl\/wp-content\/uploads\/2023\/10\/Noganska-Magdalena_-225x300.jpg 225w, https:\/\/www.yamahakatowice.pl\/wp-content\/uploads\/2023\/10\/Noganska-Magdalena_-1152x1536.jpg 1152w, https:\/\/www.yamahakatowice.pl\/wp-content\/uploads\/2023\/10\/Noganska-Magdalena_-1536x2048.jpg 1536w, https:\/\/www.yamahakatowice.pl\/wp-content\/uploads\/2023\/10\/Noganska-Magdalena_-scaled.jpg 1920w\" sizes=\"auto, (max-width: 768px) 100vw, 768px\" \/><\/figure><div class=\"wp-block-media-text__content\">\n<p>Pianistka, wokalistka, dyrygentka. Uko\u0144czy\u0142a Pa\u0144stwow\u0105 Szko\u0142\u0119 Muzyczn\u0105 II stopnia w Siedlcach w klasie fortepianu, a obecnie jest studentk\u0105 Akademii Muzycznej im. Karola Szymanowskiego w Katowicach w klasie dyrygentury ch\u00f3ralnej prof. Krystyny Krzy\u017canowskiej-\u0141obody. <\/p>\n\n\n\n<p>Przez wiele lat by\u0142a organistk\u0105 w swojej rodzinnej parafii oraz prowadzi\u0142a zaj\u0119cia i wyst\u0119powa\u0142a w wielu zespo\u0142ach zar\u00f3wno wokalnych jak i wokalno-instrumentalnych. <\/p>\n\n\n\n<p>W przesz\u0142o\u015bci by\u0142a te\u017c nauczycielem w Szkole Muzycznej YAMAHA w Mi\u0144sku Mazowieckim w programie Szkraby i Muzyka. Prowadzi warsztaty wokalne, zaj\u0119cia z emisji g\u0142osu oraz uczy fortepianu. Spo\u015br\u00f3d wszystkich muzycznych zagadnie\u0144 najbardziej interesuj\u0105 j\u0105 te zwi\u0105zane z emisj\u0105 i higien\u0105 g\u0142osu, a jej ulubiony gatunek muzyczny to poezja \u015bpiewana, w kt\u00f3rej spe\u0142nia si\u0119, b\u0119d\u0105c cz\u0142onkiem zespo\u0142u Kreska oraz zespo\u0142u Poema.<\/p>\n<\/div><\/div>\n","protected":false},"excerpt":{"rendered":"<p>Junior Music CourseFun Key KidsPlay for KeepsPianoforteSzkraby i Muzyka Pianistka, wokalistka, dyrygentka. Uko\u0144czy\u0142a Pa\u0144stwow\u0105 Szko\u0142\u0119 Muzyczn\u0105 II stopnia w Siedlcach w klasie fortepianu, a obecnie jest studentk\u0105 Akademii Muzycznej im. Karola Szymanowskiego w Katowicach w klasie dyrygentury ch\u00f3ralnej prof. Krystyny Krzy\u017canowskiej-\u0141obody. Przez wiele lat by\u0142a organistk\u0105 w swojej rodzinnej parafii oraz prowadzi\u0142a zaj\u0119cia i wyst\u0119powa\u0142a [&hellip;]<\/p>\n","protected":false},"author":1,"featured_media":179,"parent":150,"menu_order":0,"comment_status":"closed","ping_status":"closed","template":"","meta":{"footnotes":""},"class_list":["post-214","page","type-page","status-publish","has-post-thumbnail","hentry"],"_links":{"self":[{"href":"https:\/\/www.yamahakatowice.pl\/index.php\/wp-json\/wp\/v2\/pages\/214","targetHints":{"allow":["GET"]}}],"collection":[{"href":"https:\/\/www.yamahakatowice.pl\/index.php\/wp-json\/wp\/v2\/pages"}],"about":[{"href":"https:\/\/www.yamahakatowice.pl\/index.php\/wp-json\/wp\/v2\/types\/page"}],"author":[{"embeddable":true,"href":"https:\/\/www.yamahakatowice.pl\/index.php\/wp-json\/wp\/v2\/users\/1"}],"replies":[{"embeddable":true,"href":"https:\/\/www.yamahakatowice.pl\/index.php\/wp-json\/wp\/v2\/comments?post=214"}],"version-history":[{"count":2,"href":"https:\/\/www.yamahakatowice.pl\/index.php\/wp-json\/wp\/v2\/pages\/214\/revisions"}],"predecessor-version":[{"id":931,"href":"https:\/\/www.yamahakatowice.pl\/index.php\/wp-json\/wp\/v2\/pages\/214\/revisions\/931"}],"up":[{"embeddable":true,"href":"https:\/\/www.yamahakatowice.pl\/index.php\/wp-json\/wp\/v2\/pages\/150"}],"wp:featuredmedia":[{"embeddable":true,"href":"https:\/\/www.yamahakatowice.pl\/index.php\/wp-json\/wp\/v2\/media\/179"}],"wp:attachment":[{"href":"https:\/\/www.yamahakatowice.pl\/index.php\/wp-json\/wp\/v2\/media?parent=214"}],"curies":[{"name":"wp","href":"https:\/\/api.w.org\/{rel}","templated":true}]}}