{"id":212,"date":"2023-10-03T21:56:33","date_gmt":"2023-10-03T19:56:33","guid":{"rendered":"https:\/\/new.yamahakatowice.pl\/?page_id=212"},"modified":"2024-09-17T13:11:09","modified_gmt":"2024-09-17T11:11:09","slug":"barbara-krolikowska-balun","status":"publish","type":"page","link":"https:\/\/www.yamahakatowice.pl\/index.php\/nauczyciele\/barbara-krolikowska-balun\/","title":{"rendered":"Barbara Kr\u00f3likowska-Balun"},"content":{"rendered":"\n<p><em><em>Niemowlaki w Krainie D\u017awi\u0119k\u00f3w<br>Szkraby i Muzyka<\/em><\/em><\/p>\n\n\n\n<div class=\"wp-block-media-text is-stacked-on-mobile is-vertically-aligned-top\" style=\"grid-template-columns:40% auto\"><figure class=\"wp-block-media-text__media\"><img loading=\"lazy\" decoding=\"async\" width=\"683\" height=\"1024\" src=\"https:\/\/new.yamahakatowice.pl\/wp-content\/uploads\/2023\/10\/Krolikowska-Balun-Barbara-683x1024.jpg\" alt=\"\" class=\"wp-image-191 size-full\" srcset=\"https:\/\/www.yamahakatowice.pl\/wp-content\/uploads\/2023\/10\/Krolikowska-Balun-Barbara-683x1024.jpg 683w, https:\/\/www.yamahakatowice.pl\/wp-content\/uploads\/2023\/10\/Krolikowska-Balun-Barbara-200x300.jpg 200w, https:\/\/www.yamahakatowice.pl\/wp-content\/uploads\/2023\/10\/Krolikowska-Balun-Barbara-768x1152.jpg 768w, https:\/\/www.yamahakatowice.pl\/wp-content\/uploads\/2023\/10\/Krolikowska-Balun-Barbara-1024x1536.jpg 1024w, https:\/\/www.yamahakatowice.pl\/wp-content\/uploads\/2023\/10\/Krolikowska-Balun-Barbara.jpg 1189w\" sizes=\"auto, (max-width: 683px) 100vw, 683px\" \/><\/figure><div class=\"wp-block-media-text__content\">\n<p>Absolwentka Akademii Muzycznej im. Karola Szymanowskiego w Katowicach, uko\u0144czone specjalno\u015bci: Edukacja Artystyczna w Zakresie Sztuki Muzycznej oraz Prowadzenie Zespo\u0142\u00f3w Wokalnych, Instrumentalnych i Wokalno-Instrumentalnych. Absolwentka studi\u00f3w podyplomowych Na Uniwersytecie \u015al\u0105skim, wydzia\u0142 Pedagogiki i Psychologii: Edukacja Wczesnoszkolna i Wychowanie Przedszkolne.<\/p>\n\n\n\n<p>Najbardziej do\u015bwiadczona z naszych nauczycielek program\u00f3w wczesnodzieci\u0119cych. Zna programy <a href=\"https:\/\/www.yamahakatowice.pl\/index.php\/programy-nauczania\/szkraby-i-muzyka-sim\/\" data-type=\"page\" data-id=\"39\">Szkraby i Muzyka<\/a> oraz <a href=\"https:\/\/www.yamahakatowice.pl\/index.php\/programy-nauczania\/niemowlaki-w-krainie-dzwiekow-nkd\/\" data-type=\"page\" data-id=\"37\">Niemowlaki w Krainie D\u017awi\u0119k\u00f3w<\/a> jak nikt inny. <\/p>\n<\/div><\/div>\n","protected":false},"excerpt":{"rendered":"<p>Niemowlaki w Krainie D\u017awi\u0119k\u00f3wSzkraby i Muzyka Absolwentka Akademii Muzycznej im. Karola Szymanowskiego w Katowicach, uko\u0144czone specjalno\u015bci: Edukacja Artystyczna w Zakresie Sztuki Muzycznej oraz Prowadzenie Zespo\u0142\u00f3w Wokalnych, Instrumentalnych i Wokalno-Instrumentalnych. Absolwentka studi\u00f3w podyplomowych Na Uniwersytecie \u015al\u0105skim, wydzia\u0142 Pedagogiki i Psychologii: Edukacja Wczesnoszkolna i Wychowanie Przedszkolne. Najbardziej do\u015bwiadczona z naszych nauczycielek program\u00f3w wczesnodzieci\u0119cych. Zna programy Szkraby i [&hellip;]<\/p>\n","protected":false},"author":1,"featured_media":191,"parent":150,"menu_order":0,"comment_status":"closed","ping_status":"closed","template":"","meta":{"footnotes":""},"class_list":["post-212","page","type-page","status-publish","has-post-thumbnail","hentry"],"_links":{"self":[{"href":"https:\/\/www.yamahakatowice.pl\/index.php\/wp-json\/wp\/v2\/pages\/212","targetHints":{"allow":["GET"]}}],"collection":[{"href":"https:\/\/www.yamahakatowice.pl\/index.php\/wp-json\/wp\/v2\/pages"}],"about":[{"href":"https:\/\/www.yamahakatowice.pl\/index.php\/wp-json\/wp\/v2\/types\/page"}],"author":[{"embeddable":true,"href":"https:\/\/www.yamahakatowice.pl\/index.php\/wp-json\/wp\/v2\/users\/1"}],"replies":[{"embeddable":true,"href":"https:\/\/www.yamahakatowice.pl\/index.php\/wp-json\/wp\/v2\/comments?post=212"}],"version-history":[{"count":2,"href":"https:\/\/www.yamahakatowice.pl\/index.php\/wp-json\/wp\/v2\/pages\/212\/revisions"}],"predecessor-version":[{"id":921,"href":"https:\/\/www.yamahakatowice.pl\/index.php\/wp-json\/wp\/v2\/pages\/212\/revisions\/921"}],"up":[{"embeddable":true,"href":"https:\/\/www.yamahakatowice.pl\/index.php\/wp-json\/wp\/v2\/pages\/150"}],"wp:featuredmedia":[{"embeddable":true,"href":"https:\/\/www.yamahakatowice.pl\/index.php\/wp-json\/wp\/v2\/media\/191"}],"wp:attachment":[{"href":"https:\/\/www.yamahakatowice.pl\/index.php\/wp-json\/wp\/v2\/media?parent=212"}],"curies":[{"name":"wp","href":"https:\/\/api.w.org\/{rel}","templated":true}]}}