{"id":21,"date":"2023-09-22T16:30:13","date_gmt":"2023-09-22T14:30:13","guid":{"rendered":"https:\/\/new.yamahakatowice.pl\/?page_id=21"},"modified":"2025-08-22T09:13:59","modified_gmt":"2025-08-22T07:13:59","slug":"kontakt","status":"publish","type":"page","link":"https:\/\/www.yamahakatowice.pl\/index.php\/kontakt\/","title":{"rendered":"Kontakt"},"content":{"rendered":"\n<figure class=\"wp-block-image size-full\"><img loading=\"lazy\" decoding=\"async\" width=\"2560\" height=\"871\" src=\"https:\/\/www.yamahakatowice.pl\/wp-content\/uploads\/2025\/08\/89428-scaled.png\" alt=\"\" class=\"wp-image-1250\" srcset=\"https:\/\/www.yamahakatowice.pl\/wp-content\/uploads\/2025\/08\/89428-scaled.png 2560w, https:\/\/www.yamahakatowice.pl\/wp-content\/uploads\/2025\/08\/89428-300x102.png 300w, https:\/\/www.yamahakatowice.pl\/wp-content\/uploads\/2025\/08\/89428-1024x348.png 1024w, https:\/\/www.yamahakatowice.pl\/wp-content\/uploads\/2025\/08\/89428-768x261.png 768w, https:\/\/www.yamahakatowice.pl\/wp-content\/uploads\/2025\/08\/89428-1536x522.png 1536w, https:\/\/www.yamahakatowice.pl\/wp-content\/uploads\/2025\/08\/89428-2048x697.png 2048w\" sizes=\"auto, (max-width: 2560px) 100vw, 2560px\" \/><\/figure>\n\n\n\n<p><strong>PLAC\u00d3WKA ARTYSTYCZNA AKADEMII ARTYSTYCZNEJ<\/strong><br><strong>ul. Sowi\u0144skiego 5A<\/strong><br>40-018 Katowice<\/p>\n\n\n\n<p>NIP: 626-211-54-28<br>REGON: 243077721<\/p>\n\n\n\n<p><strong>Konta bankowe<\/strong>:<br>op\u0142aty za zaj\u0119cia: 63 1050 1399 1000 0090 3068 7892<\/p>\n\n\n\n<p><strong>Kontakt:<\/strong><br>tel: +48 601 439 730<br>marcela@bujnowicz.pl<\/p>\n\n\n\n<p><strong>Godziny otwarcia szko\u0142y:<\/strong><br>Poniedzia\u0142ek 15:00-21:00<br>Wtorek 15:00-21:00<br>\u015aroda 15:00-21:00<br>Czwartek 15:00-21:00<br>Pi\u0105tek 15:00-21:00<br>Sobota nieczynne <br>Niedziela nieczynne<\/p>\n\n\n<div class=\"wp-block-image\">\n<figure class=\"aligncenter size-full\"><a href=\"https:\/\/www.yamahakatowice.pl\/index.php\/lekcja-probna\/\"><img loading=\"lazy\" decoding=\"async\" width=\"1830\" height=\"420\" src=\"https:\/\/www.yamahakatowice.pl\/wp-content\/uploads\/2025\/08\/5-krokow.jpeg\" alt=\"\" class=\"wp-image-1222\" srcset=\"https:\/\/www.yamahakatowice.pl\/wp-content\/uploads\/2025\/08\/5-krokow.jpeg 1830w, https:\/\/www.yamahakatowice.pl\/wp-content\/uploads\/2025\/08\/5-krokow-300x69.jpeg 300w, https:\/\/www.yamahakatowice.pl\/wp-content\/uploads\/2025\/08\/5-krokow-1024x235.jpeg 1024w, https:\/\/www.yamahakatowice.pl\/wp-content\/uploads\/2025\/08\/5-krokow-768x176.jpeg 768w, https:\/\/www.yamahakatowice.pl\/wp-content\/uploads\/2025\/08\/5-krokow-1536x353.jpeg 1536w\" sizes=\"auto, (max-width: 1830px) 100vw, 1830px\" \/><\/a><\/figure>\n<\/div>","protected":false},"excerpt":{"rendered":"<p>PLAC\u00d3WKA ARTYSTYCZNA AKADEMII ARTYSTYCZNEJul. Sowi\u0144skiego 5A40-018 Katowice NIP: 626-211-54-28REGON: 243077721 Konta bankowe:op\u0142aty za zaj\u0119cia: 63 1050 1399 1000 0090 3068 7892 Kontakt:tel: +48 601 439 730marcela@bujnowicz.pl Godziny otwarcia szko\u0142y:Poniedzia\u0142ek 15:00-21:00Wtorek 15:00-21:00\u015aroda 15:00-21:00Czwartek 15:00-21:00Pi\u0105tek 15:00-21:00Sobota nieczynne Niedziela nieczynne<\/p>\n","protected":false},"author":1,"featured_media":0,"parent":0,"menu_order":0,"comment_status":"closed","ping_status":"closed","template":"","meta":{"footnotes":""},"class_list":["post-21","page","type-page","status-publish","hentry"],"_links":{"self":[{"href":"https:\/\/www.yamahakatowice.pl\/index.php\/wp-json\/wp\/v2\/pages\/21","targetHints":{"allow":["GET"]}}],"collection":[{"href":"https:\/\/www.yamahakatowice.pl\/index.php\/wp-json\/wp\/v2\/pages"}],"about":[{"href":"https:\/\/www.yamahakatowice.pl\/index.php\/wp-json\/wp\/v2\/types\/page"}],"author":[{"embeddable":true,"href":"https:\/\/www.yamahakatowice.pl\/index.php\/wp-json\/wp\/v2\/users\/1"}],"replies":[{"embeddable":true,"href":"https:\/\/www.yamahakatowice.pl\/index.php\/wp-json\/wp\/v2\/comments?post=21"}],"version-history":[{"count":10,"href":"https:\/\/www.yamahakatowice.pl\/index.php\/wp-json\/wp\/v2\/pages\/21\/revisions"}],"predecessor-version":[{"id":1312,"href":"https:\/\/www.yamahakatowice.pl\/index.php\/wp-json\/wp\/v2\/pages\/21\/revisions\/1312"}],"wp:attachment":[{"href":"https:\/\/www.yamahakatowice.pl\/index.php\/wp-json\/wp\/v2\/media?parent=21"}],"curies":[{"name":"wp","href":"https:\/\/api.w.org\/{rel}","templated":true}]}}