{"id":204,"date":"2023-10-03T21:49:43","date_gmt":"2023-10-03T19:49:43","guid":{"rendered":"https:\/\/new.yamahakatowice.pl\/?page_id=204"},"modified":"2024-09-17T13:23:40","modified_gmt":"2024-09-17T11:23:40","slug":"krystyna-jursza","status":"publish","type":"page","link":"https:\/\/www.yamahakatowice.pl\/index.php\/nauczyciele\/krystyna-jursza\/","title":{"rendered":"Krystyna Jursza"},"content":{"rendered":"\n<p><em><em>PianoForte<br>Junior Music Course<\/em><\/em><\/p>\n\n\n\n<div class=\"wp-block-media-text is-stacked-on-mobile is-vertically-aligned-top\" style=\"grid-template-columns:40% auto\"><figure class=\"wp-block-media-text__media\"><img loading=\"lazy\" decoding=\"async\" width=\"673\" height=\"1024\" src=\"https:\/\/new.yamahakatowice.pl\/wp-content\/uploads\/2023\/10\/Jursza-Krystyna_-673x1024.jpg\" alt=\"\" class=\"wp-image-173 size-full\" srcset=\"https:\/\/www.yamahakatowice.pl\/wp-content\/uploads\/2023\/10\/Jursza-Krystyna_-673x1024.jpg 673w, https:\/\/www.yamahakatowice.pl\/wp-content\/uploads\/2023\/10\/Jursza-Krystyna_-197x300.jpg 197w, https:\/\/www.yamahakatowice.pl\/wp-content\/uploads\/2023\/10\/Jursza-Krystyna_.jpg 720w\" sizes=\"auto, (max-width: 673px) 100vw, 673px\" \/><\/figure><div class=\"wp-block-media-text__content\">\n<p>Uko\u0144czy\u0142a Pa\u0144stwow\u0105 Og\u00f3lnokszta\u0142c\u0105c\u0105 Szko\u0142\u0119 Muzyczn\u0105 II stopnia im. Karola Szymanowskiego w Katowicach. Obecnie studiuje na Akademii Muzycznej im. Karola Szymanowskiego w Katowicach w klasie fortepianu. Wsp\u00f3\u0142pracuje z Filharmoni\u0105 \u015al\u0105sk\u0105 jako akompaniator na koncertach umuzykalniaj\u0105cych dla dzieci.<\/p>\n\n\n\n<p>Zawsze jest pe\u0142na pozytywnej energii i u\u015bmiechu. \u017badne muzyczne wyzwania nie s\u0105 jej straszne. Uwielbia pomaga\u0107 swoim uczniom odkrywa\u0107 ich bariery i poszukuje coraz to nowych, kreatywnych sposob\u00f3w na ich pokonanie.<\/p>\n<\/div><\/div>\n","protected":false},"excerpt":{"rendered":"<p>PianoForteJunior Music Course Uko\u0144czy\u0142a Pa\u0144stwow\u0105 Og\u00f3lnokszta\u0142c\u0105c\u0105 Szko\u0142\u0119 Muzyczn\u0105 II stopnia im. Karola Szymanowskiego w Katowicach. Obecnie studiuje na Akademii Muzycznej im. Karola Szymanowskiego w Katowicach w klasie fortepianu. Wsp\u00f3\u0142pracuje z Filharmoni\u0105 \u015al\u0105sk\u0105 jako akompaniator na koncertach umuzykalniaj\u0105cych dla dzieci. Zawsze jest pe\u0142na pozytywnej energii i u\u015bmiechu. \u017badne muzyczne wyzwania nie s\u0105 jej straszne. Uwielbia pomaga\u0107 [&hellip;]<\/p>\n","protected":false},"author":1,"featured_media":173,"parent":150,"menu_order":0,"comment_status":"closed","ping_status":"closed","template":"","meta":{"footnotes":""},"class_list":["post-204","page","type-page","status-publish","has-post-thumbnail","hentry"],"_links":{"self":[{"href":"https:\/\/www.yamahakatowice.pl\/index.php\/wp-json\/wp\/v2\/pages\/204","targetHints":{"allow":["GET"]}}],"collection":[{"href":"https:\/\/www.yamahakatowice.pl\/index.php\/wp-json\/wp\/v2\/pages"}],"about":[{"href":"https:\/\/www.yamahakatowice.pl\/index.php\/wp-json\/wp\/v2\/types\/page"}],"author":[{"embeddable":true,"href":"https:\/\/www.yamahakatowice.pl\/index.php\/wp-json\/wp\/v2\/users\/1"}],"replies":[{"embeddable":true,"href":"https:\/\/www.yamahakatowice.pl\/index.php\/wp-json\/wp\/v2\/comments?post=204"}],"version-history":[{"count":2,"href":"https:\/\/www.yamahakatowice.pl\/index.php\/wp-json\/wp\/v2\/pages\/204\/revisions"}],"predecessor-version":[{"id":930,"href":"https:\/\/www.yamahakatowice.pl\/index.php\/wp-json\/wp\/v2\/pages\/204\/revisions\/930"}],"up":[{"embeddable":true,"href":"https:\/\/www.yamahakatowice.pl\/index.php\/wp-json\/wp\/v2\/pages\/150"}],"wp:featuredmedia":[{"embeddable":true,"href":"https:\/\/www.yamahakatowice.pl\/index.php\/wp-json\/wp\/v2\/media\/173"}],"wp:attachment":[{"href":"https:\/\/www.yamahakatowice.pl\/index.php\/wp-json\/wp\/v2\/media?parent=204"}],"curies":[{"name":"wp","href":"https:\/\/api.w.org\/{rel}","templated":true}]}}