{"id":2,"date":"2023-09-19T22:38:03","date_gmt":"2023-09-19T20:38:03","guid":{"rendered":"https:\/\/new.yamahakatowice.pl\/?page_id=2"},"modified":"2026-01-23T17:53:58","modified_gmt":"2026-01-23T16:53:58","slug":"przykladowa-strona","status":"publish","type":"page","link":"https:\/\/www.yamahakatowice.pl\/","title":{"rendered":"Szko\u0142a Muzyczna Yamaha w Katowicach"},"content":{"rendered":"\n<figure class=\"wp-block-image size-full\"><img loading=\"lazy\" decoding=\"async\" width=\"660\" height=\"268\" src=\"https:\/\/new.yamahakatowice.pl\/wp-content\/uploads\/2023\/09\/visual_homepage_big.jpg\" alt=\"\" class=\"wp-image-147\" srcset=\"https:\/\/www.yamahakatowice.pl\/wp-content\/uploads\/2023\/09\/visual_homepage_big.jpg 660w, https:\/\/www.yamahakatowice.pl\/wp-content\/uploads\/2023\/09\/visual_homepage_big-300x122.jpg 300w\" sizes=\"auto, (max-width: 660px) 100vw, 660px\" \/><\/figure>\n\n\n\n<p>Szko\u0142a Muzyczna Yamaha w Katowicach oferuje&nbsp;<strong>zaj\u0119cia muzyczne dla dzieci, m\u0142odzie\u017cy i doros\u0142ych<\/strong>, kt\u00f3re rozwijaj\u0105 kreatywno\u015b\u0107, wyobra\u017ani\u0119 i pasj\u0119 do muzyki od pierwszych chwil. Nasze kursy obejmuj\u0105&nbsp;<strong>lekcje gry na pianinie, gitarze, perkusji, keyboardzie oraz zaj\u0119cia wokalne<\/strong>, stosowane w renomowanych szko\u0142ach Yamaha na ca\u0142ym \u015bwiecie.<\/p>\n\n\n\n<p>Uczymy\u00a0<strong>przez zabaw\u0119 i praktyk\u0119<\/strong>, niezale\u017cnie od wieku i poziomu do\u015bwiadczenia. Znajd\u017a idealne zaj\u0119cia dla siebie lub swojego dziecka i odkryj fascynuj\u0105cy \u015bwiat muzyki w Katowicach!<\/p>\n\n\n\n<p><a href=\"https:\/\/www.yamahakatowice.pl\/index.php\/2024\/09\/09\/faq-najczesciej-zadawane-pytania\/\" data-type=\"post\" data-id=\"867\"><strong>FAQ <\/strong>&#8211; najcz\u0119\u015bciej zadawane pytania<\/a><\/p>\n\n\n<div class=\"wp-block-image\">\n<figure class=\"aligncenter size-full\"><a href=\"https:\/\/www.yamahakatowice.pl\/index.php\/lekcja-probna\/\"><img loading=\"lazy\" decoding=\"async\" width=\"1830\" height=\"420\" src=\"https:\/\/www.yamahakatowice.pl\/wp-content\/uploads\/2025\/08\/5-krokow.jpeg\" alt=\"\" class=\"wp-image-1222\" srcset=\"https:\/\/www.yamahakatowice.pl\/wp-content\/uploads\/2025\/08\/5-krokow.jpeg 1830w, https:\/\/www.yamahakatowice.pl\/wp-content\/uploads\/2025\/08\/5-krokow-300x69.jpeg 300w, https:\/\/www.yamahakatowice.pl\/wp-content\/uploads\/2025\/08\/5-krokow-1024x235.jpeg 1024w, https:\/\/www.yamahakatowice.pl\/wp-content\/uploads\/2025\/08\/5-krokow-768x176.jpeg 768w, https:\/\/www.yamahakatowice.pl\/wp-content\/uploads\/2025\/08\/5-krokow-1536x353.jpeg 1536w\" sizes=\"auto, (max-width: 1830px) 100vw, 1830px\" \/><\/a><\/figure>\n<\/div>\n\n\n<p><\/p>\n","protected":false},"excerpt":{"rendered":"<p>Szko\u0142a Muzyczna Yamaha w Katowicach oferuje&nbsp;zaj\u0119cia muzyczne dla dzieci, m\u0142odzie\u017cy i doros\u0142ych, kt\u00f3re rozwijaj\u0105 kreatywno\u015b\u0107, wyobra\u017ani\u0119 i pasj\u0119 do muzyki od pierwszych chwil. Nasze kursy obejmuj\u0105&nbsp;lekcje gry na pianinie, gitarze, perkusji, keyboardzie oraz zaj\u0119cia wokalne, stosowane w renomowanych szko\u0142ach Yamaha na ca\u0142ym \u015bwiecie. Uczymy\u00a0przez zabaw\u0119 i praktyk\u0119, niezale\u017cnie od wieku i poziomu do\u015bwiadczenia. Znajd\u017a idealne [&hellip;]<\/p>\n","protected":false},"author":1,"featured_media":0,"parent":0,"menu_order":0,"comment_status":"closed","ping_status":"open","template":"","meta":{"footnotes":""},"class_list":["post-2","page","type-page","status-publish","hentry"],"_links":{"self":[{"href":"https:\/\/www.yamahakatowice.pl\/index.php\/wp-json\/wp\/v2\/pages\/2","targetHints":{"allow":["GET"]}}],"collection":[{"href":"https:\/\/www.yamahakatowice.pl\/index.php\/wp-json\/wp\/v2\/pages"}],"about":[{"href":"https:\/\/www.yamahakatowice.pl\/index.php\/wp-json\/wp\/v2\/types\/page"}],"author":[{"embeddable":true,"href":"https:\/\/www.yamahakatowice.pl\/index.php\/wp-json\/wp\/v2\/users\/1"}],"replies":[{"embeddable":true,"href":"https:\/\/www.yamahakatowice.pl\/index.php\/wp-json\/wp\/v2\/comments?post=2"}],"version-history":[{"count":31,"href":"https:\/\/www.yamahakatowice.pl\/index.php\/wp-json\/wp\/v2\/pages\/2\/revisions"}],"predecessor-version":[{"id":1710,"href":"https:\/\/www.yamahakatowice.pl\/index.php\/wp-json\/wp\/v2\/pages\/2\/revisions\/1710"}],"wp:attachment":[{"href":"https:\/\/www.yamahakatowice.pl\/index.php\/wp-json\/wp\/v2\/media?parent=2"}],"curies":[{"name":"wp","href":"https:\/\/api.w.org\/{rel}","templated":true}]}}