{"id":193,"date":"2023-10-03T21:39:30","date_gmt":"2023-10-03T19:39:30","guid":{"rendered":"https:\/\/new.yamahakatowice.pl\/?page_id=193"},"modified":"2024-09-17T13:26:33","modified_gmt":"2024-09-17T11:26:33","slug":"marcela-bujnowicz","status":"publish","type":"page","link":"https:\/\/www.yamahakatowice.pl\/index.php\/nauczyciele\/marcela-bujnowicz\/","title":{"rendered":"Marcela Bujnowicz"},"content":{"rendered":"\n<p><em>Dyrektor<\/em><\/p>\n\n\n\n<div class=\"wp-block-media-text is-stacked-on-mobile is-vertically-aligned-top\" style=\"grid-template-columns:40% auto\"><figure class=\"wp-block-media-text__media\"><img loading=\"lazy\" decoding=\"async\" width=\"683\" height=\"1024\" src=\"https:\/\/new.yamahakatowice.pl\/wp-content\/uploads\/2023\/10\/Bujnowicz-Marcela-683x1024.jpg\" alt=\"\" class=\"wp-image-209 size-full\" srcset=\"https:\/\/www.yamahakatowice.pl\/wp-content\/uploads\/2023\/10\/Bujnowicz-Marcela-683x1024.jpg 683w, https:\/\/www.yamahakatowice.pl\/wp-content\/uploads\/2023\/10\/Bujnowicz-Marcela-200x300.jpg 200w, https:\/\/www.yamahakatowice.pl\/wp-content\/uploads\/2023\/10\/Bujnowicz-Marcela-768x1152.jpg 768w, https:\/\/www.yamahakatowice.pl\/wp-content\/uploads\/2023\/10\/Bujnowicz-Marcela-1024x1536.jpg 1024w, https:\/\/www.yamahakatowice.pl\/wp-content\/uploads\/2023\/10\/Bujnowicz-Marcela-1365x2048.jpg 1365w, https:\/\/www.yamahakatowice.pl\/wp-content\/uploads\/2023\/10\/Bujnowicz-Marcela.jpg 1635w\" sizes=\"auto, (max-width: 683px) 100vw, 683px\" \/><\/figure><div class=\"wp-block-media-text__content\">\n<p>Z Firm\u0105 zwi\u0105zana od 1997 r.<\/p>\n\n\n\n<p>Przez najbli\u017cszych pracownik\u00f3w zwana \u201eSzefow\u0105\u201d! Trzyma w r\u0119ku ca\u0142\u0105 logistyk\u0119 i organizacj\u0119 pracy Szko\u0142y Muzycznej YAMAHA w Katowicach. Zawsze\u00a0 stara si\u0119 by\u0107 ciep\u0142a i u\u015bmiechni\u0119ta. Ch\u0119tnie rozmawia i \u201cplotkuje\u201d z naszymi uczniami oraz ich rodzicami. Jest gotowa na znalezienia rady na wszystko. Cho\u0107 czasami zdarzaj\u0105 si\u0119 jej momenty kryzysowe przez ogrom stresu zwi\u0105zany\u00a0 z prowadzeniem szko\u0142y, uwielbia pomaga\u0107 i rozwi\u0105zywa\u0107 problemy zar\u00f3wno logistyczne, spo\u0142eczne jak i muzyczne.<\/p>\n\n\n\n<p>W wolnych chwilach sp\u0119dza czas z rodzin\u0105, bawi si\u0119 ze swoim kotkiem Dolly oraz gra na ukulele i maluje obrazy.<\/p>\n<\/div><\/div>\n","protected":false},"excerpt":{"rendered":"<p>Dyrektor Z Firm\u0105 zwi\u0105zana od 1997 r. Przez najbli\u017cszych pracownik\u00f3w zwana \u201eSzefow\u0105\u201d! Trzyma w r\u0119ku ca\u0142\u0105 logistyk\u0119 i organizacj\u0119 pracy Szko\u0142y Muzycznej YAMAHA w Katowicach. Zawsze\u00a0 stara si\u0119 by\u0107 ciep\u0142a i u\u015bmiechni\u0119ta. Ch\u0119tnie rozmawia i \u201cplotkuje\u201d z naszymi uczniami oraz ich rodzicami. Jest gotowa na znalezienia rady na wszystko. Cho\u0107 czasami zdarzaj\u0105 si\u0119 jej momenty [&hellip;]<\/p>\n","protected":false},"author":1,"featured_media":209,"parent":150,"menu_order":0,"comment_status":"closed","ping_status":"closed","template":"","meta":{"footnotes":""},"class_list":["post-193","page","type-page","status-publish","has-post-thumbnail","hentry"],"_links":{"self":[{"href":"https:\/\/www.yamahakatowice.pl\/index.php\/wp-json\/wp\/v2\/pages\/193","targetHints":{"allow":["GET"]}}],"collection":[{"href":"https:\/\/www.yamahakatowice.pl\/index.php\/wp-json\/wp\/v2\/pages"}],"about":[{"href":"https:\/\/www.yamahakatowice.pl\/index.php\/wp-json\/wp\/v2\/types\/page"}],"author":[{"embeddable":true,"href":"https:\/\/www.yamahakatowice.pl\/index.php\/wp-json\/wp\/v2\/users\/1"}],"replies":[{"embeddable":true,"href":"https:\/\/www.yamahakatowice.pl\/index.php\/wp-json\/wp\/v2\/comments?post=193"}],"version-history":[{"count":4,"href":"https:\/\/www.yamahakatowice.pl\/index.php\/wp-json\/wp\/v2\/pages\/193\/revisions"}],"predecessor-version":[{"id":932,"href":"https:\/\/www.yamahakatowice.pl\/index.php\/wp-json\/wp\/v2\/pages\/193\/revisions\/932"}],"up":[{"embeddable":true,"href":"https:\/\/www.yamahakatowice.pl\/index.php\/wp-json\/wp\/v2\/pages\/150"}],"wp:featuredmedia":[{"embeddable":true,"href":"https:\/\/www.yamahakatowice.pl\/index.php\/wp-json\/wp\/v2\/media\/209"}],"wp:attachment":[{"href":"https:\/\/www.yamahakatowice.pl\/index.php\/wp-json\/wp\/v2\/media?parent=193"}],"curies":[{"name":"wp","href":"https:\/\/api.w.org\/{rel}","templated":true}]}}