{"id":189,"date":"2023-10-03T16:48:42","date_gmt":"2023-10-03T14:48:42","guid":{"rendered":"https:\/\/new.yamahakatowice.pl\/?page_id=189"},"modified":"2024-09-17T13:28:06","modified_gmt":"2024-09-17T11:28:06","slug":"marcin-bujnowicz","status":"publish","type":"page","link":"https:\/\/www.yamahakatowice.pl\/index.php\/nauczyciele\/marcin-bujnowicz\/","title":{"rendered":"Marcin Bujnowicz"},"content":{"rendered":"\n<p><em>W\u0142a\u015bciciel<\/em><\/p>\n\n\n\n<div class=\"wp-block-media-text is-stacked-on-mobile is-vertically-aligned-top\" style=\"grid-template-columns:41% auto\"><figure class=\"wp-block-media-text__media\"><img loading=\"lazy\" decoding=\"async\" width=\"683\" height=\"1024\" src=\"https:\/\/new.yamahakatowice.pl\/wp-content\/uploads\/2023\/10\/Bujnowicz-Marcin-683x1024.jpg\" alt=\"\" class=\"wp-image-181 size-full\" srcset=\"https:\/\/www.yamahakatowice.pl\/wp-content\/uploads\/2023\/10\/Bujnowicz-Marcin-683x1024.jpg 683w, https:\/\/www.yamahakatowice.pl\/wp-content\/uploads\/2023\/10\/Bujnowicz-Marcin-200x300.jpg 200w, https:\/\/www.yamahakatowice.pl\/wp-content\/uploads\/2023\/10\/Bujnowicz-Marcin-768x1152.jpg 768w, https:\/\/www.yamahakatowice.pl\/wp-content\/uploads\/2023\/10\/Bujnowicz-Marcin-1024x1536.jpg 1024w, https:\/\/www.yamahakatowice.pl\/wp-content\/uploads\/2023\/10\/Bujnowicz-Marcin-1365x2048.jpg 1365w, https:\/\/www.yamahakatowice.pl\/wp-content\/uploads\/2023\/10\/Bujnowicz-Marcin.jpg 1635w\" sizes=\"auto, (max-width: 683px) 100vw, 683px\" \/><\/figure><div class=\"wp-block-media-text__content\">\n<p>Magister psychologii. Od 1997 r. przedsi\u0119biorca, ekspert w dziedzinie organizacji i zarz\u0105dzania oraz w zakresie projektowania i realizacji szkole\u0144. Autor prawie 30 publikacji i 90 program\u00f3w szkoleniowych dla handlu i przemys\u0142u. Prowadzi\u0142 ponad 350 projekt\u00f3w szkoleniowych, 36 seminari\u00f3w i paneli dyskusyjnych, w kt\u00f3rych bra\u0142o udzia\u0142 \u0142\u0105cznie ponad 8000 s\u0142uchaczy. Zarz\u0105dza\u0142 i nadzorowa\u0142 ponad 70 projekt\u00f3w doradczych z dziedziny organizacji i zarz\u0105dzania. Doradca kilku firm i instytucji na terenie Polski.<\/p>\n<\/div><\/div>\n","protected":false},"excerpt":{"rendered":"<p>W\u0142a\u015bciciel Magister psychologii. Od 1997 r. przedsi\u0119biorca, ekspert w dziedzinie organizacji i zarz\u0105dzania oraz w zakresie projektowania i realizacji szkole\u0144. Autor prawie 30 publikacji i 90 program\u00f3w szkoleniowych dla handlu i przemys\u0142u. Prowadzi\u0142 ponad 350 projekt\u00f3w szkoleniowych, 36 seminari\u00f3w i paneli dyskusyjnych, w kt\u00f3rych bra\u0142o udzia\u0142 \u0142\u0105cznie ponad 8000 s\u0142uchaczy. Zarz\u0105dza\u0142 i nadzorowa\u0142 ponad 70 [&hellip;]<\/p>\n","protected":false},"author":1,"featured_media":181,"parent":150,"menu_order":0,"comment_status":"closed","ping_status":"closed","template":"","meta":{"footnotes":""},"class_list":["post-189","page","type-page","status-publish","has-post-thumbnail","hentry"],"_links":{"self":[{"href":"https:\/\/www.yamahakatowice.pl\/index.php\/wp-json\/wp\/v2\/pages\/189","targetHints":{"allow":["GET"]}}],"collection":[{"href":"https:\/\/www.yamahakatowice.pl\/index.php\/wp-json\/wp\/v2\/pages"}],"about":[{"href":"https:\/\/www.yamahakatowice.pl\/index.php\/wp-json\/wp\/v2\/types\/page"}],"author":[{"embeddable":true,"href":"https:\/\/www.yamahakatowice.pl\/index.php\/wp-json\/wp\/v2\/users\/1"}],"replies":[{"embeddable":true,"href":"https:\/\/www.yamahakatowice.pl\/index.php\/wp-json\/wp\/v2\/comments?post=189"}],"version-history":[{"count":2,"href":"https:\/\/www.yamahakatowice.pl\/index.php\/wp-json\/wp\/v2\/pages\/189\/revisions"}],"predecessor-version":[{"id":934,"href":"https:\/\/www.yamahakatowice.pl\/index.php\/wp-json\/wp\/v2\/pages\/189\/revisions\/934"}],"up":[{"embeddable":true,"href":"https:\/\/www.yamahakatowice.pl\/index.php\/wp-json\/wp\/v2\/pages\/150"}],"wp:featuredmedia":[{"embeddable":true,"href":"https:\/\/www.yamahakatowice.pl\/index.php\/wp-json\/wp\/v2\/media\/181"}],"wp:attachment":[{"href":"https:\/\/www.yamahakatowice.pl\/index.php\/wp-json\/wp\/v2\/media?parent=189"}],"curies":[{"name":"wp","href":"https:\/\/api.w.org\/{rel}","templated":true}]}}