{"id":187,"date":"2023-10-03T16:46:32","date_gmt":"2023-10-03T14:46:32","guid":{"rendered":"https:\/\/new.yamahakatowice.pl\/?page_id=187"},"modified":"2024-09-17T13:42:18","modified_gmt":"2024-09-17T11:42:18","slug":"oktavia-bujnowicz","status":"publish","type":"page","link":"https:\/\/www.yamahakatowice.pl\/index.php\/nauczyciele\/oktavia-bujnowicz\/","title":{"rendered":"Oktavia Bujnowicz"},"content":{"rendered":"\n<p><em>Gitara klasyczna<\/em><\/p>\n\n\n\n<div class=\"wp-block-media-text is-stacked-on-mobile is-vertically-aligned-top\" style=\"grid-template-columns:40% auto\"><figure class=\"wp-block-media-text__media\"><img loading=\"lazy\" decoding=\"async\" width=\"683\" height=\"1024\" src=\"https:\/\/new.yamahakatowice.pl\/wp-content\/uploads\/2023\/10\/Bujnowicz-Oktavia_-683x1024.jpg\" alt=\"\" class=\"wp-image-178 size-full\" srcset=\"https:\/\/www.yamahakatowice.pl\/wp-content\/uploads\/2023\/10\/Bujnowicz-Oktavia_-683x1024.jpg 683w, https:\/\/www.yamahakatowice.pl\/wp-content\/uploads\/2023\/10\/Bujnowicz-Oktavia_-200x300.jpg 200w, https:\/\/www.yamahakatowice.pl\/wp-content\/uploads\/2023\/10\/Bujnowicz-Oktavia_-768x1152.jpg 768w, https:\/\/www.yamahakatowice.pl\/wp-content\/uploads\/2023\/10\/Bujnowicz-Oktavia_-1024x1536.jpg 1024w, https:\/\/www.yamahakatowice.pl\/wp-content\/uploads\/2023\/10\/Bujnowicz-Oktavia_-1365x2048.jpg 1365w, https:\/\/www.yamahakatowice.pl\/wp-content\/uploads\/2023\/10\/Bujnowicz-Oktavia_-scaled.jpg 1707w\" sizes=\"auto, (max-width: 683px) 100vw, 683px\" \/><\/figure><div class=\"wp-block-media-text__content\">\n<p>Jest \u201edzieckiem YAMAHY\u201d, w dzieci\u0144stwie uko\u0144czy\u0142a programy: Szkraby i Muzyka, Junior Music Course, Junior Extension Course, Junior Advanced Course.<\/p>\n\n\n\n<p>Uko\u0144czy\u0142a z wyr\u00f3\u017cnieniem Pa\u0144stwow\u0105 Og\u00f3lnokszta\u0142c\u0105c\u0105 Szko\u0142\u0119 Muzyczn\u0105 II stopnia im. Karola Szymanowskiego w Katowicach w klasie prof. dr hab. Wandy Palacz. Aktualnie jest studentk\u0105 Akademii Muzycznej im. Karola Szymanowskiego w Katowicach na kierunku instrumentalistyka o specjalno\u015bci: gitara klasyczna w klasie dra hab. Marcina Dylli, a tak\u017ce kierunku Creative Management in New Media w Szkole Filmowej w Katowicach.<\/p>\n\n\n\n<p>Jest laureatk\u0105 ponad 20 og\u00f3lnopolskich i mi\u0119dzynarodowych konkurs\u00f3w gitarowych oraz z kszta\u0142cenia s\u0142uchu (wi\u0119kszo\u015b\u0107 ko\u0144cz\u0105c na najwy\u017cszym stopniu podium). Koncertowa\u0142a na wa\u017cnych og\u00f3lnopolskich oraz og\u00f3lnopolskich festiwalach. Pasjonuje si\u0119 wszystkim, co j\u0105 otacza, a przede wszystkim szeroko poj\u0119t\u0105 sztuk\u0105, psychologicznymi procesami zwi\u0105zanymi z muzyk\u0105, niekonwencjonalnymi sposobami nauczania, j\u0119zykami obcymi. <\/p>\n\n\n\n<p>Czerpie rado\u015b\u0107 z dzielenia si\u0119 swoim do\u015bwiadczeniem i wiedz\u0105. Dzi\u0119ki swojej kreatywno\u015bci&nbsp;zawsze znajduje nowe, indywidualne sposoby na efektywny i przyjemny rozw\u00f3j ucznia.<\/p>\n<\/div><\/div>\n","protected":false},"excerpt":{"rendered":"<p>Gitara klasyczna Jest \u201edzieckiem YAMAHY\u201d, w dzieci\u0144stwie uko\u0144czy\u0142a programy: Szkraby i Muzyka, Junior Music Course, Junior Extension Course, Junior Advanced Course. Uko\u0144czy\u0142a z wyr\u00f3\u017cnieniem Pa\u0144stwow\u0105 Og\u00f3lnokszta\u0142c\u0105c\u0105 Szko\u0142\u0119 Muzyczn\u0105 II stopnia im. Karola Szymanowskiego w Katowicach w klasie prof. dr hab. Wandy Palacz. Aktualnie jest studentk\u0105 Akademii Muzycznej im. Karola Szymanowskiego w Katowicach na kierunku instrumentalistyka [&hellip;]<\/p>\n","protected":false},"author":1,"featured_media":178,"parent":150,"menu_order":0,"comment_status":"closed","ping_status":"closed","template":"","meta":{"footnotes":""},"class_list":["post-187","page","type-page","status-publish","has-post-thumbnail","hentry"],"_links":{"self":[{"href":"https:\/\/www.yamahakatowice.pl\/index.php\/wp-json\/wp\/v2\/pages\/187","targetHints":{"allow":["GET"]}}],"collection":[{"href":"https:\/\/www.yamahakatowice.pl\/index.php\/wp-json\/wp\/v2\/pages"}],"about":[{"href":"https:\/\/www.yamahakatowice.pl\/index.php\/wp-json\/wp\/v2\/types\/page"}],"author":[{"embeddable":true,"href":"https:\/\/www.yamahakatowice.pl\/index.php\/wp-json\/wp\/v2\/users\/1"}],"replies":[{"embeddable":true,"href":"https:\/\/www.yamahakatowice.pl\/index.php\/wp-json\/wp\/v2\/comments?post=187"}],"version-history":[{"count":4,"href":"https:\/\/www.yamahakatowice.pl\/index.php\/wp-json\/wp\/v2\/pages\/187\/revisions"}],"predecessor-version":[{"id":952,"href":"https:\/\/www.yamahakatowice.pl\/index.php\/wp-json\/wp\/v2\/pages\/187\/revisions\/952"}],"up":[{"embeddable":true,"href":"https:\/\/www.yamahakatowice.pl\/index.php\/wp-json\/wp\/v2\/pages\/150"}],"wp:featuredmedia":[{"embeddable":true,"href":"https:\/\/www.yamahakatowice.pl\/index.php\/wp-json\/wp\/v2\/media\/178"}],"wp:attachment":[{"href":"https:\/\/www.yamahakatowice.pl\/index.php\/wp-json\/wp\/v2\/media?parent=187"}],"curies":[{"name":"wp","href":"https:\/\/api.w.org\/{rel}","templated":true}]}}