{"id":1783,"date":"2026-05-14T16:32:55","date_gmt":"2026-05-14T14:32:55","guid":{"rendered":"https:\/\/www.yamahakatowice.pl\/?page_id=1783"},"modified":"2026-05-14T16:32:55","modified_gmt":"2026-05-14T14:32:55","slug":"eryk-walda","status":"publish","type":"page","link":"https:\/\/www.yamahakatowice.pl\/index.php\/nauczyciele\/eryk-walda\/","title":{"rendered":"Eryk Walda"},"content":{"rendered":"\n<p><em>PianoForte<\/em><\/p>\n\n\n\n<div class=\"wp-block-media-text is-stacked-on-mobile is-vertically-aligned-top\" style=\"grid-template-columns:40% auto\"><figure class=\"wp-block-media-text__media\"><img loading=\"lazy\" decoding=\"async\" width=\"1024\" height=\"768\" src=\"https:\/\/www.yamahakatowice.pl\/wp-content\/uploads\/2026\/05\/Eryk-Walda-2-1024x768.jpeg\" alt=\"\" class=\"wp-image-1784 size-full\" srcset=\"https:\/\/www.yamahakatowice.pl\/wp-content\/uploads\/2026\/05\/Eryk-Walda-2-1024x768.jpeg 1024w, https:\/\/www.yamahakatowice.pl\/wp-content\/uploads\/2026\/05\/Eryk-Walda-2-300x225.jpeg 300w, https:\/\/www.yamahakatowice.pl\/wp-content\/uploads\/2026\/05\/Eryk-Walda-2-768x576.jpeg 768w, https:\/\/www.yamahakatowice.pl\/wp-content\/uploads\/2026\/05\/Eryk-Walda-2-1536x1152.jpeg 1536w, https:\/\/www.yamahakatowice.pl\/wp-content\/uploads\/2026\/05\/Eryk-Walda-2.jpeg 2048w\" sizes=\"auto, (max-width: 1024px) 100vw, 1024px\" \/><\/figure><div class=\"wp-block-media-text__content\">\n<p>Uko\u0144czy\u0142 organy w Diecezjalnej Szkole Muzycznej II stopnia w Gliwicach. Obecnie studiuje na specjalno\u015bci: dyrygentura ch\u00f3ralna i przedmioty og\u00f3lnomuzyczne w Akademii Muzycznej im. Karola Szymanowskiego w Katowicach.<\/p>\n\n\n\n<p>Pe\u0142ni pos\u0142ug\u0119 organisty w swoim parafialnym ko\u015bciele pw. NMP Kr\u00f3lowej Anio\u0142\u00f3w w Chudowie. Jest wsp\u00f3\u0142za\u0142o\u017cycielem i dyrygentem Zespo\u0142u Wokalnego \u201cColorato\u201d z Giera\u0142towic oraz II Dyrygentem Ch\u00f3ru Uniwersytetu Ekonomicznego w Katowicach. Cz\u0142onek Zarz\u0105du G\u0142\u00f3wnego \u015al\u0105skiego Zwi\u0105zku Ch\u00f3r\u00f3w i Orkiestr. Jest autorem wielu wywiad\u00f3w publikowanych w czasopi\u015bmie \u201c\u015apiewak \u015al\u0105ski\u201d z wa\u017cnymi osobami \u015bwiata ch\u00f3ralnego.<\/p>\n\n\n\n<p>W wolnych chwilach du\u017co s\u0142ucha, czyta i wychodzi na spacery ze swoim psem &#8211; Jack Russel Terrierem &#8211; \u201cRufim\u201d.<\/p>\n<\/div><\/div>\n\n\n\n<p><\/p>\n","protected":false},"excerpt":{"rendered":"<p>PianoForte Uko\u0144czy\u0142 organy w Diecezjalnej Szkole Muzycznej II stopnia w Gliwicach. Obecnie studiuje na specjalno\u015bci: dyrygentura ch\u00f3ralna i przedmioty og\u00f3lnomuzyczne w Akademii Muzycznej im. Karola Szymanowskiego w Katowicach. Pe\u0142ni pos\u0142ug\u0119 organisty w swoim parafialnym ko\u015bciele pw. NMP Kr\u00f3lowej Anio\u0142\u00f3w w Chudowie. Jest wsp\u00f3\u0142za\u0142o\u017cycielem i dyrygentem Zespo\u0142u Wokalnego \u201cColorato\u201d z Giera\u0142towic oraz II Dyrygentem Ch\u00f3ru Uniwersytetu [&hellip;]<\/p>\n","protected":false},"author":4,"featured_media":0,"parent":150,"menu_order":0,"comment_status":"closed","ping_status":"closed","template":"","meta":{"footnotes":""},"class_list":["post-1783","page","type-page","status-publish","hentry"],"_links":{"self":[{"href":"https:\/\/www.yamahakatowice.pl\/index.php\/wp-json\/wp\/v2\/pages\/1783","targetHints":{"allow":["GET"]}}],"collection":[{"href":"https:\/\/www.yamahakatowice.pl\/index.php\/wp-json\/wp\/v2\/pages"}],"about":[{"href":"https:\/\/www.yamahakatowice.pl\/index.php\/wp-json\/wp\/v2\/types\/page"}],"author":[{"embeddable":true,"href":"https:\/\/www.yamahakatowice.pl\/index.php\/wp-json\/wp\/v2\/users\/4"}],"replies":[{"embeddable":true,"href":"https:\/\/www.yamahakatowice.pl\/index.php\/wp-json\/wp\/v2\/comments?post=1783"}],"version-history":[{"count":1,"href":"https:\/\/www.yamahakatowice.pl\/index.php\/wp-json\/wp\/v2\/pages\/1783\/revisions"}],"predecessor-version":[{"id":1785,"href":"https:\/\/www.yamahakatowice.pl\/index.php\/wp-json\/wp\/v2\/pages\/1783\/revisions\/1785"}],"up":[{"embeddable":true,"href":"https:\/\/www.yamahakatowice.pl\/index.php\/wp-json\/wp\/v2\/pages\/150"}],"wp:attachment":[{"href":"https:\/\/www.yamahakatowice.pl\/index.php\/wp-json\/wp\/v2\/media?parent=1783"}],"curies":[{"name":"wp","href":"https:\/\/api.w.org\/{rel}","templated":true}]}}