{"id":1774,"date":"2026-05-12T14:55:37","date_gmt":"2026-05-12T12:55:37","guid":{"rendered":"https:\/\/www.yamahakatowice.pl\/?page_id=1774"},"modified":"2026-05-12T14:56:09","modified_gmt":"2026-05-12T12:56:09","slug":"mateusz-borgiel","status":"publish","type":"page","link":"https:\/\/www.yamahakatowice.pl\/index.php\/nauczyciele\/mateusz-borgiel\/","title":{"rendered":"Mateusz Borgiel"},"content":{"rendered":"\n<p><em><a href=\"https:\/\/www.yamahakatowice.pl\/index.php\/programy-nauczania\/perkusja-pmc-dr\/\" data-type=\"page\" data-id=\"63\">Perkusja<\/a><\/em><\/p>\n\n\n\n<div class=\"wp-block-media-text is-stacked-on-mobile is-vertically-aligned-top\" style=\"grid-template-columns:40% auto\"><figure class=\"wp-block-media-text__media\"><img loading=\"lazy\" decoding=\"async\" width=\"825\" height=\"1024\" src=\"https:\/\/www.yamahakatowice.pl\/wp-content\/uploads\/2026\/05\/IMG_9496-825x1024.jpeg\" alt=\"\" class=\"wp-image-1775 size-full\" srcset=\"https:\/\/www.yamahakatowice.pl\/wp-content\/uploads\/2026\/05\/IMG_9496-825x1024.jpeg 825w, https:\/\/www.yamahakatowice.pl\/wp-content\/uploads\/2026\/05\/IMG_9496-242x300.jpeg 242w, https:\/\/www.yamahakatowice.pl\/wp-content\/uploads\/2026\/05\/IMG_9496-768x954.jpeg 768w, https:\/\/www.yamahakatowice.pl\/wp-content\/uploads\/2026\/05\/IMG_9496-1237x1536.jpeg 1237w, https:\/\/www.yamahakatowice.pl\/wp-content\/uploads\/2026\/05\/IMG_9496.jpeg 1482w\" sizes=\"auto, (max-width: 825px) 100vw, 825px\" \/><\/figure><div class=\"wp-block-media-text__content\">\n<p>Perkusista m\u0142odego pokolenia. Wsp\u00f3\u0142tworzy zesp\u00f3\u0142 Product May Contain (wraz z Tymonem Kosm\u0105 oraz Filipem Botorem), z kt\u00f3rym wydali debiutanck\u0105 p\u0142yt\u0119 \u201ePlaygrounds\u201d, nagrodzon\u0105 Fonograficznym Debiutem Roku Jazz &#8211; Fryderyk 2026.<\/p>\n\n\n\n<p>Wsp\u00f3\u0142pracuje z Marcinem Maseckim oraz tworzy duet z Fabianem Klimankiem.<\/p>\n\n\n\n<p>W swojej tw\u00f3rczo\u015bci wykorzystuje r\u00f3\u017cne instrumenty perkusyjne i techniki gry, co pozwala uzyska\u0107 szerokie mo\u017cliwo\u015bci brzmieniowe. Szczeg\u00f3lnie inspiruje go granie na djembe i b\u0119bnach obr\u0119czowy.<\/p>\n<\/div><\/div>\n","protected":false},"excerpt":{"rendered":"<p>Perkusja Perkusista m\u0142odego pokolenia. Wsp\u00f3\u0142tworzy zesp\u00f3\u0142 Product May Contain (wraz z Tymonem Kosm\u0105 oraz Filipem Botorem), z kt\u00f3rym wydali debiutanck\u0105 p\u0142yt\u0119 \u201ePlaygrounds\u201d, nagrodzon\u0105 Fonograficznym Debiutem Roku Jazz &#8211; Fryderyk 2026. Wsp\u00f3\u0142pracuje z Marcinem Maseckim oraz tworzy duet z Fabianem Klimankiem. W swojej tw\u00f3rczo\u015bci wykorzystuje r\u00f3\u017cne instrumenty perkusyjne i techniki gry, co pozwala uzyska\u0107 szerokie mo\u017cliwo\u015bci [&hellip;]<\/p>\n","protected":false},"author":4,"featured_media":0,"parent":150,"menu_order":0,"comment_status":"closed","ping_status":"closed","template":"","meta":{"footnotes":""},"class_list":["post-1774","page","type-page","status-publish","hentry"],"_links":{"self":[{"href":"https:\/\/www.yamahakatowice.pl\/index.php\/wp-json\/wp\/v2\/pages\/1774","targetHints":{"allow":["GET"]}}],"collection":[{"href":"https:\/\/www.yamahakatowice.pl\/index.php\/wp-json\/wp\/v2\/pages"}],"about":[{"href":"https:\/\/www.yamahakatowice.pl\/index.php\/wp-json\/wp\/v2\/types\/page"}],"author":[{"embeddable":true,"href":"https:\/\/www.yamahakatowice.pl\/index.php\/wp-json\/wp\/v2\/users\/4"}],"replies":[{"embeddable":true,"href":"https:\/\/www.yamahakatowice.pl\/index.php\/wp-json\/wp\/v2\/comments?post=1774"}],"version-history":[{"count":2,"href":"https:\/\/www.yamahakatowice.pl\/index.php\/wp-json\/wp\/v2\/pages\/1774\/revisions"}],"predecessor-version":[{"id":1777,"href":"https:\/\/www.yamahakatowice.pl\/index.php\/wp-json\/wp\/v2\/pages\/1774\/revisions\/1777"}],"up":[{"embeddable":true,"href":"https:\/\/www.yamahakatowice.pl\/index.php\/wp-json\/wp\/v2\/pages\/150"}],"wp:attachment":[{"href":"https:\/\/www.yamahakatowice.pl\/index.php\/wp-json\/wp\/v2\/media?parent=1774"}],"curies":[{"name":"wp","href":"https:\/\/api.w.org\/{rel}","templated":true}]}}