{"id":150,"date":"2023-09-26T22:09:33","date_gmt":"2023-09-26T20:09:33","guid":{"rendered":"https:\/\/new.yamahakatowice.pl\/?page_id=150"},"modified":"2025-12-16T10:48:37","modified_gmt":"2025-12-16T09:48:37","slug":"nauczyciele","status":"publish","type":"page","link":"https:\/\/www.yamahakatowice.pl\/index.php\/nauczyciele\/","title":{"rendered":"Nasi nauczyciele"},"content":{"rendered":"\n<p>Szko\u0142a Muzyczna Yamaha w Katowicach to grono do\u015bwiadczonych i entuzjastycznie nastawionych pedagog\u00f3w i muzyk\u00f3w. Poznajcie ich sylwetki.<\/p>\n\n\n\n<figure class=\"wp-block-gallery has-nested-images columns-4 is-cropped wp-block-gallery-1 is-layout-flex wp-block-gallery-is-layout-flex\">\n<figure class=\"wp-block-image size-medium is-style-rounded\"><a href=\"https:\/\/www.yamahakatowice.pl\/index.php\/nauczyciele\/marcin-bujnowicz\/\"><img loading=\"lazy\" decoding=\"async\" width=\"200\" height=\"300\" data-id=\"181\" src=\"https:\/\/new.yamahakatowice.pl\/wp-content\/uploads\/2023\/10\/Bujnowicz-Marcin-200x300.jpg\" alt=\"\" class=\"wp-image-181\" style=\"aspect-ratio:2\/3;object-fit:cover\" srcset=\"https:\/\/www.yamahakatowice.pl\/wp-content\/uploads\/2023\/10\/Bujnowicz-Marcin-200x300.jpg 200w, https:\/\/www.yamahakatowice.pl\/wp-content\/uploads\/2023\/10\/Bujnowicz-Marcin-683x1024.jpg 683w, https:\/\/www.yamahakatowice.pl\/wp-content\/uploads\/2023\/10\/Bujnowicz-Marcin-768x1152.jpg 768w, https:\/\/www.yamahakatowice.pl\/wp-content\/uploads\/2023\/10\/Bujnowicz-Marcin-1024x1536.jpg 1024w, https:\/\/www.yamahakatowice.pl\/wp-content\/uploads\/2023\/10\/Bujnowicz-Marcin-1365x2048.jpg 1365w, https:\/\/www.yamahakatowice.pl\/wp-content\/uploads\/2023\/10\/Bujnowicz-Marcin.jpg 1635w\" sizes=\"auto, (max-width: 200px) 100vw, 200px\" \/><\/a><figcaption class=\"wp-element-caption\">Marcin Bujnowicz<\/figcaption><\/figure>\n\n\n\n<figure class=\"wp-block-image size-medium is-style-rounded\"><a href=\"https:\/\/www.yamahakatowice.pl\/index.php\/nauczyciele\/marcela-bujnowicz\/\"><img loading=\"lazy\" decoding=\"async\" width=\"200\" height=\"300\" data-id=\"209\" src=\"https:\/\/new.yamahakatowice.pl\/wp-content\/uploads\/2023\/10\/Bujnowicz-Marcela-200x300.jpg\" alt=\"\" class=\"wp-image-209\" style=\"aspect-ratio:2\/3;object-fit:cover\" srcset=\"https:\/\/www.yamahakatowice.pl\/wp-content\/uploads\/2023\/10\/Bujnowicz-Marcela-200x300.jpg 200w, https:\/\/www.yamahakatowice.pl\/wp-content\/uploads\/2023\/10\/Bujnowicz-Marcela-683x1024.jpg 683w, https:\/\/www.yamahakatowice.pl\/wp-content\/uploads\/2023\/10\/Bujnowicz-Marcela-768x1152.jpg 768w, https:\/\/www.yamahakatowice.pl\/wp-content\/uploads\/2023\/10\/Bujnowicz-Marcela-1024x1536.jpg 1024w, https:\/\/www.yamahakatowice.pl\/wp-content\/uploads\/2023\/10\/Bujnowicz-Marcela-1365x2048.jpg 1365w, https:\/\/www.yamahakatowice.pl\/wp-content\/uploads\/2023\/10\/Bujnowicz-Marcela.jpg 1635w\" sizes=\"auto, (max-width: 200px) 100vw, 200px\" \/><\/a><figcaption class=\"wp-element-caption\">Marcela Bujnowicz<\/figcaption><\/figure>\n\n\n\n<figure class=\"wp-block-image size-large is-style-rounded\"><a href=\"https:\/\/www.yamahakatowice.pl\/index.php\/nauczyciele\/kajetan-balcer\/\"><img loading=\"lazy\" decoding=\"async\" width=\"683\" height=\"1024\" data-id=\"973\" src=\"https:\/\/www.yamahakatowice.pl\/wp-content\/uploads\/2024\/10\/Kajetan-Balcer.-Fot.-Arkadiusz-Tarlowski-683x1024.jpeg\" alt=\"\" class=\"wp-image-973\" srcset=\"https:\/\/www.yamahakatowice.pl\/wp-content\/uploads\/2024\/10\/Kajetan-Balcer.-Fot.-Arkadiusz-Tarlowski-683x1024.jpeg 683w, https:\/\/www.yamahakatowice.pl\/wp-content\/uploads\/2024\/10\/Kajetan-Balcer.-Fot.-Arkadiusz-Tarlowski-200x300.jpeg 200w, https:\/\/www.yamahakatowice.pl\/wp-content\/uploads\/2024\/10\/Kajetan-Balcer.-Fot.-Arkadiusz-Tarlowski-768x1152.jpeg 768w, https:\/\/www.yamahakatowice.pl\/wp-content\/uploads\/2024\/10\/Kajetan-Balcer.-Fot.-Arkadiusz-Tarlowski-1024x1536.jpeg 1024w, https:\/\/www.yamahakatowice.pl\/wp-content\/uploads\/2024\/10\/Kajetan-Balcer.-Fot.-Arkadiusz-Tarlowski.jpeg 1365w\" sizes=\"auto, (max-width: 683px) 100vw, 683px\" \/><\/a><figcaption class=\"wp-element-caption\">Kajetan Balcer-Pinocci<\/figcaption><\/figure>\n\n\n\n<figure class=\"wp-block-image size-large is-style-rounded\"><a href=\"https:\/\/www.yamahakatowice.pl\/index.php\/nauczyciele\/bartosz-bezeglow\/\"><img loading=\"lazy\" decoding=\"async\" width=\"1024\" height=\"1024\" data-id=\"170\" src=\"https:\/\/new.yamahakatowice.pl\/wp-content\/uploads\/2023\/10\/Bezeglow-Bartosz_-1024x1024.jpg\" alt=\"\" class=\"wp-image-170\" srcset=\"https:\/\/www.yamahakatowice.pl\/wp-content\/uploads\/2023\/10\/Bezeglow-Bartosz_-1024x1024.jpg 1024w, https:\/\/www.yamahakatowice.pl\/wp-content\/uploads\/2023\/10\/Bezeglow-Bartosz_-300x300.jpg 300w, https:\/\/www.yamahakatowice.pl\/wp-content\/uploads\/2023\/10\/Bezeglow-Bartosz_-150x150.jpg 150w, https:\/\/www.yamahakatowice.pl\/wp-content\/uploads\/2023\/10\/Bezeglow-Bartosz_-768x767.jpg 768w, https:\/\/www.yamahakatowice.pl\/wp-content\/uploads\/2023\/10\/Bezeglow-Bartosz_.jpg 1082w\" sizes=\"auto, (max-width: 1024px) 100vw, 1024px\" \/><\/a><figcaption class=\"wp-element-caption\">Bartosz Bezeg\u0142\u00f3w<\/figcaption><\/figure>\n\n\n\n<figure class=\"wp-block-image size-large is-style-rounded\"><a href=\"https:\/\/www.yamahakatowice.pl\/index.php\/nauczyciele\/oktavia-bujnowicz\/\"><img loading=\"lazy\" decoding=\"async\" width=\"683\" height=\"1024\" data-id=\"178\" src=\"https:\/\/new.yamahakatowice.pl\/wp-content\/uploads\/2023\/10\/Bujnowicz-Oktavia_-683x1024.jpg\" alt=\"\" class=\"wp-image-178\" srcset=\"https:\/\/www.yamahakatowice.pl\/wp-content\/uploads\/2023\/10\/Bujnowicz-Oktavia_-683x1024.jpg 683w, https:\/\/www.yamahakatowice.pl\/wp-content\/uploads\/2023\/10\/Bujnowicz-Oktavia_-200x300.jpg 200w, https:\/\/www.yamahakatowice.pl\/wp-content\/uploads\/2023\/10\/Bujnowicz-Oktavia_-768x1152.jpg 768w, https:\/\/www.yamahakatowice.pl\/wp-content\/uploads\/2023\/10\/Bujnowicz-Oktavia_-1024x1536.jpg 1024w, https:\/\/www.yamahakatowice.pl\/wp-content\/uploads\/2023\/10\/Bujnowicz-Oktavia_-1365x2048.jpg 1365w, https:\/\/www.yamahakatowice.pl\/wp-content\/uploads\/2023\/10\/Bujnowicz-Oktavia_-scaled.jpg 1707w\" sizes=\"auto, (max-width: 683px) 100vw, 683px\" \/><\/a><figcaption class=\"wp-element-caption\">Oktavia Bujnowicz<\/figcaption><\/figure>\n\n\n\n<figure class=\"wp-block-image size-large is-style-rounded\"><a href=\"https:\/\/www.yamahakatowice.pl\/index.php\/szczepan-cieslak\/\"><img loading=\"lazy\" decoding=\"async\" width=\"683\" height=\"1024\" data-id=\"790\" src=\"https:\/\/www.yamahakatowice.pl\/wp-content\/uploads\/2024\/08\/IMG_0471-683x1024.jpeg\" alt=\"\" class=\"wp-image-790\" srcset=\"https:\/\/www.yamahakatowice.pl\/wp-content\/uploads\/2024\/08\/IMG_0471-683x1024.jpeg 683w, https:\/\/www.yamahakatowice.pl\/wp-content\/uploads\/2024\/08\/IMG_0471-200x300.jpeg 200w, https:\/\/www.yamahakatowice.pl\/wp-content\/uploads\/2024\/08\/IMG_0471-768x1152.jpeg 768w, https:\/\/www.yamahakatowice.pl\/wp-content\/uploads\/2024\/08\/IMG_0471-1024x1536.jpeg 1024w, https:\/\/www.yamahakatowice.pl\/wp-content\/uploads\/2024\/08\/IMG_0471.jpeg 1365w\" sizes=\"auto, (max-width: 683px) 100vw, 683px\" \/><\/a><figcaption class=\"wp-element-caption\">Szczepan Cie\u015blak<\/figcaption><\/figure>\n\n\n\n<figure class=\"wp-block-image size-large is-style-rounded\"><a href=\"https:\/\/www.yamahakatowice.pl\/index.php\/nauczyciele\/agnieszka-grabowska-hanslik\/\"><img loading=\"lazy\" decoding=\"async\" width=\"628\" height=\"1024\" data-id=\"172\" src=\"https:\/\/new.yamahakatowice.pl\/wp-content\/uploads\/2023\/10\/Grabowska-Hanslik-Agnieszka_-628x1024.jpg\" alt=\"\" class=\"wp-image-172\" srcset=\"https:\/\/www.yamahakatowice.pl\/wp-content\/uploads\/2023\/10\/Grabowska-Hanslik-Agnieszka_-628x1024.jpg 628w, https:\/\/www.yamahakatowice.pl\/wp-content\/uploads\/2023\/10\/Grabowska-Hanslik-Agnieszka_-184x300.jpg 184w, https:\/\/www.yamahakatowice.pl\/wp-content\/uploads\/2023\/10\/Grabowska-Hanslik-Agnieszka_-768x1253.jpg 768w, https:\/\/www.yamahakatowice.pl\/wp-content\/uploads\/2023\/10\/Grabowska-Hanslik-Agnieszka_-942x1536.jpg 942w, https:\/\/www.yamahakatowice.pl\/wp-content\/uploads\/2023\/10\/Grabowska-Hanslik-Agnieszka_-1256x2048.jpg 1256w, https:\/\/www.yamahakatowice.pl\/wp-content\/uploads\/2023\/10\/Grabowska-Hanslik-Agnieszka_-scaled.jpg 1569w\" sizes=\"auto, (max-width: 628px) 100vw, 628px\" \/><\/a><figcaption class=\"wp-element-caption\">Agnieszka Grabowska-Hanslik<\/figcaption><\/figure>\n\n\n\n<figure class=\"wp-block-image size-full is-style-rounded\"><a href=\"https:\/\/www.yamahakatowice.pl\/index.php\/nauczyciele\/tymoteusz-huget\/\"><img loading=\"lazy\" decoding=\"async\" width=\"771\" height=\"906\" data-id=\"1172\" src=\"https:\/\/www.yamahakatowice.pl\/wp-content\/uploads\/2025\/08\/B177F48C-F65B-4FB8-903A-030572032AEB-1.jpeg\" alt=\"\" class=\"wp-image-1172\" srcset=\"https:\/\/www.yamahakatowice.pl\/wp-content\/uploads\/2025\/08\/B177F48C-F65B-4FB8-903A-030572032AEB-1.jpeg 771w, https:\/\/www.yamahakatowice.pl\/wp-content\/uploads\/2025\/08\/B177F48C-F65B-4FB8-903A-030572032AEB-1-255x300.jpeg 255w, https:\/\/www.yamahakatowice.pl\/wp-content\/uploads\/2025\/08\/B177F48C-F65B-4FB8-903A-030572032AEB-1-768x902.jpeg 768w\" sizes=\"auto, (max-width: 771px) 100vw, 771px\" \/><\/a><figcaption class=\"wp-element-caption\">Tymoteusz Huget<\/figcaption><\/figure>\n\n\n\n<figure class=\"wp-block-image size-large is-style-rounded\"><a href=\"https:\/\/www.yamahakatowice.pl\/index.php\/nauczyciele\/wiktoria-janczyk\/\"><img loading=\"lazy\" decoding=\"async\" width=\"768\" height=\"1024\" data-id=\"166\" src=\"https:\/\/new.yamahakatowice.pl\/wp-content\/uploads\/2023\/10\/Janczyk-Wiktoria_-768x1024.jpg\" alt=\"\" class=\"wp-image-166\" srcset=\"https:\/\/www.yamahakatowice.pl\/wp-content\/uploads\/2023\/10\/Janczyk-Wiktoria_-768x1024.jpg 768w, https:\/\/www.yamahakatowice.pl\/wp-content\/uploads\/2023\/10\/Janczyk-Wiktoria_-225x300.jpg 225w, https:\/\/www.yamahakatowice.pl\/wp-content\/uploads\/2023\/10\/Janczyk-Wiktoria_-1152x1536.jpg 1152w, https:\/\/www.yamahakatowice.pl\/wp-content\/uploads\/2023\/10\/Janczyk-Wiktoria_-1536x2048.jpg 1536w, https:\/\/www.yamahakatowice.pl\/wp-content\/uploads\/2023\/10\/Janczyk-Wiktoria_-scaled.jpg 1920w\" sizes=\"auto, (max-width: 768px) 100vw, 768px\" \/><\/a><figcaption class=\"wp-element-caption\">Wiktoria Ja\u0144czyk<\/figcaption><\/figure>\n\n\n\n<figure class=\"wp-block-image size-large is-style-rounded\"><a href=\"https:\/\/www.yamahakatowice.pl\/index.php\/nauczyciele\/krystyna-jursza\/\"><img loading=\"lazy\" decoding=\"async\" width=\"673\" height=\"1024\" data-id=\"173\" src=\"https:\/\/new.yamahakatowice.pl\/wp-content\/uploads\/2023\/10\/Jursza-Krystyna_-673x1024.jpg\" alt=\"\" class=\"wp-image-173\" srcset=\"https:\/\/www.yamahakatowice.pl\/wp-content\/uploads\/2023\/10\/Jursza-Krystyna_-673x1024.jpg 673w, https:\/\/www.yamahakatowice.pl\/wp-content\/uploads\/2023\/10\/Jursza-Krystyna_-197x300.jpg 197w, https:\/\/www.yamahakatowice.pl\/wp-content\/uploads\/2023\/10\/Jursza-Krystyna_.jpg 720w\" sizes=\"auto, (max-width: 673px) 100vw, 673px\" \/><\/a><figcaption class=\"wp-element-caption\">Krystyna Jursza<\/figcaption><\/figure>\n\n\n\n<figure class=\"wp-block-image size-large is-style-rounded\"><a href=\"https:\/\/www.yamahakatowice.pl\/index.php\/julia-kosek\/\"><img loading=\"lazy\" decoding=\"async\" width=\"768\" height=\"1024\" data-id=\"827\" src=\"https:\/\/www.yamahakatowice.pl\/wp-content\/uploads\/2024\/08\/IMG_1197-768x1024.jpeg\" alt=\"\" class=\"wp-image-827\" srcset=\"https:\/\/www.yamahakatowice.pl\/wp-content\/uploads\/2024\/08\/IMG_1197-768x1024.jpeg 768w, https:\/\/www.yamahakatowice.pl\/wp-content\/uploads\/2024\/08\/IMG_1197-225x300.jpeg 225w, https:\/\/www.yamahakatowice.pl\/wp-content\/uploads\/2024\/08\/IMG_1197-1152x1536.jpeg 1152w, https:\/\/www.yamahakatowice.pl\/wp-content\/uploads\/2024\/08\/IMG_1197.jpeg 1536w\" sizes=\"auto, (max-width: 768px) 100vw, 768px\" \/><\/a><figcaption class=\"wp-element-caption\">Julia Kosek<\/figcaption><\/figure>\n\n\n\n<figure class=\"wp-block-image size-large is-style-rounded\"><a href=\"https:\/\/www.yamahakatowice.pl\/index.php\/nauczyciele\/barbara-krolikowska-balun\/\"><img loading=\"lazy\" decoding=\"async\" width=\"683\" height=\"1024\" data-id=\"191\" src=\"https:\/\/new.yamahakatowice.pl\/wp-content\/uploads\/2023\/10\/Krolikowska-Balun-Barbara-683x1024.jpg\" alt=\"\" class=\"wp-image-191\" srcset=\"https:\/\/www.yamahakatowice.pl\/wp-content\/uploads\/2023\/10\/Krolikowska-Balun-Barbara-683x1024.jpg 683w, https:\/\/www.yamahakatowice.pl\/wp-content\/uploads\/2023\/10\/Krolikowska-Balun-Barbara-200x300.jpg 200w, https:\/\/www.yamahakatowice.pl\/wp-content\/uploads\/2023\/10\/Krolikowska-Balun-Barbara-768x1152.jpg 768w, https:\/\/www.yamahakatowice.pl\/wp-content\/uploads\/2023\/10\/Krolikowska-Balun-Barbara-1024x1536.jpg 1024w, https:\/\/www.yamahakatowice.pl\/wp-content\/uploads\/2023\/10\/Krolikowska-Balun-Barbara.jpg 1189w\" sizes=\"auto, (max-width: 683px) 100vw, 683px\" \/><\/a><figcaption class=\"wp-element-caption\">Barbara Kr\u00f3likowska-Balun<\/figcaption><\/figure>\n\n\n\n<figure class=\"wp-block-image size-large is-style-rounded\"><a href=\"https:\/\/www.yamahakatowice.pl\/index.php\/nauczyciele\/magdalena-noganska\/\"><img loading=\"lazy\" decoding=\"async\" width=\"768\" height=\"1024\" data-id=\"179\" src=\"https:\/\/new.yamahakatowice.pl\/wp-content\/uploads\/2023\/10\/Noganska-Magdalena_-768x1024.jpg\" alt=\"\" class=\"wp-image-179\" srcset=\"https:\/\/www.yamahakatowice.pl\/wp-content\/uploads\/2023\/10\/Noganska-Magdalena_-768x1024.jpg 768w, https:\/\/www.yamahakatowice.pl\/wp-content\/uploads\/2023\/10\/Noganska-Magdalena_-225x300.jpg 225w, https:\/\/www.yamahakatowice.pl\/wp-content\/uploads\/2023\/10\/Noganska-Magdalena_-1152x1536.jpg 1152w, https:\/\/www.yamahakatowice.pl\/wp-content\/uploads\/2023\/10\/Noganska-Magdalena_-1536x2048.jpg 1536w, https:\/\/www.yamahakatowice.pl\/wp-content\/uploads\/2023\/10\/Noganska-Magdalena_-scaled.jpg 1920w\" sizes=\"auto, (max-width: 768px) 100vw, 768px\" \/><\/a><figcaption class=\"wp-element-caption\">Magdalena Noga\u0144ska<\/figcaption><\/figure>\n\n\n\n<figure class=\"wp-block-image size-large is-style-rounded\"><a href=\"https:\/\/www.yamahakatowice.pl\/index.php\/nauczyciele\/przemyslaw-religa\/\"><img loading=\"lazy\" decoding=\"async\" width=\"681\" height=\"1024\" data-id=\"167\" src=\"https:\/\/new.yamahakatowice.pl\/wp-content\/uploads\/2023\/10\/Religa-Przemyslaw_-681x1024.jpg\" alt=\"\" class=\"wp-image-167\" srcset=\"https:\/\/www.yamahakatowice.pl\/wp-content\/uploads\/2023\/10\/Religa-Przemyslaw_-681x1024.jpg 681w, https:\/\/www.yamahakatowice.pl\/wp-content\/uploads\/2023\/10\/Religa-Przemyslaw_-200x300.jpg 200w, https:\/\/www.yamahakatowice.pl\/wp-content\/uploads\/2023\/10\/Religa-Przemyslaw_-768x1154.jpg 768w, https:\/\/www.yamahakatowice.pl\/wp-content\/uploads\/2023\/10\/Religa-Przemyslaw_-1022x1536.jpg 1022w, https:\/\/www.yamahakatowice.pl\/wp-content\/uploads\/2023\/10\/Religa-Przemyslaw_-1363x2048.jpg 1363w, https:\/\/www.yamahakatowice.pl\/wp-content\/uploads\/2023\/10\/Religa-Przemyslaw_-scaled.jpg 1703w\" sizes=\"auto, (max-width: 681px) 100vw, 681px\" \/><\/a><figcaption class=\"wp-element-caption\">Przemys\u0142aw Religa<\/figcaption><\/figure>\n\n\n\n<figure class=\"wp-block-image size-large is-style-rounded\"><a href=\"https:\/\/www.yamahakatowice.pl\/index.php\/nauczyciele\/marzena-rymarczyk\/\"><img loading=\"lazy\" decoding=\"async\" width=\"683\" height=\"1024\" data-id=\"182\" src=\"https:\/\/new.yamahakatowice.pl\/wp-content\/uploads\/2023\/10\/Rymarczyk-Marzena-683x1024.jpg\" alt=\"\" class=\"wp-image-182\" srcset=\"https:\/\/www.yamahakatowice.pl\/wp-content\/uploads\/2023\/10\/Rymarczyk-Marzena-683x1024.jpg 683w, https:\/\/www.yamahakatowice.pl\/wp-content\/uploads\/2023\/10\/Rymarczyk-Marzena-200x300.jpg 200w, https:\/\/www.yamahakatowice.pl\/wp-content\/uploads\/2023\/10\/Rymarczyk-Marzena-768x1152.jpg 768w, https:\/\/www.yamahakatowice.pl\/wp-content\/uploads\/2023\/10\/Rymarczyk-Marzena-1024x1536.jpg 1024w, https:\/\/www.yamahakatowice.pl\/wp-content\/uploads\/2023\/10\/Rymarczyk-Marzena-1366x2048.jpg 1366w, https:\/\/www.yamahakatowice.pl\/wp-content\/uploads\/2023\/10\/Rymarczyk-Marzena.jpg 1635w\" sizes=\"auto, (max-width: 683px) 100vw, 683px\" \/><\/a><figcaption class=\"wp-element-caption\">Marzena Rymarczyk<\/figcaption><\/figure>\n\n\n\n<figure class=\"wp-block-image size-large is-style-rounded\"><a href=\"https:\/\/www.yamahakatowice.pl\/index.php\/nauczyciele\/maksymilian-steczek\/\"><img loading=\"lazy\" decoding=\"async\" width=\"825\" height=\"1024\" data-id=\"1145\" src=\"https:\/\/www.yamahakatowice.pl\/wp-content\/uploads\/2025\/08\/IMG_4590-825x1024.jpeg\" alt=\"\" class=\"wp-image-1145\" srcset=\"https:\/\/www.yamahakatowice.pl\/wp-content\/uploads\/2025\/08\/IMG_4590-825x1024.jpeg 825w, https:\/\/www.yamahakatowice.pl\/wp-content\/uploads\/2025\/08\/IMG_4590-242x300.jpeg 242w, https:\/\/www.yamahakatowice.pl\/wp-content\/uploads\/2025\/08\/IMG_4590-768x953.jpeg 768w, https:\/\/www.yamahakatowice.pl\/wp-content\/uploads\/2025\/08\/IMG_4590.jpeg 1179w\" sizes=\"auto, (max-width: 825px) 100vw, 825px\" \/><\/a><figcaption class=\"wp-element-caption\">Maksymilian Steczek<\/figcaption><\/figure>\n\n\n\n<figure class=\"wp-block-image size-large is-style-rounded\"><a href=\"https:\/\/www.yamahakatowice.pl\/index.php\/nauczyciele\/elzbieta-swierad-slusarczyk\/\"><img loading=\"lazy\" decoding=\"async\" width=\"768\" height=\"1024\" data-id=\"174\" src=\"https:\/\/new.yamahakatowice.pl\/wp-content\/uploads\/2023\/10\/Swierad-Slusarczyk-Elzbieta_-768x1024.jpg\" alt=\"\" class=\"wp-image-174\" srcset=\"https:\/\/www.yamahakatowice.pl\/wp-content\/uploads\/2023\/10\/Swierad-Slusarczyk-Elzbieta_-768x1024.jpg 768w, https:\/\/www.yamahakatowice.pl\/wp-content\/uploads\/2023\/10\/Swierad-Slusarczyk-Elzbieta_-225x300.jpg 225w, https:\/\/www.yamahakatowice.pl\/wp-content\/uploads\/2023\/10\/Swierad-Slusarczyk-Elzbieta_-1152x1536.jpg 1152w, https:\/\/www.yamahakatowice.pl\/wp-content\/uploads\/2023\/10\/Swierad-Slusarczyk-Elzbieta_-1536x2048.jpg 1536w, https:\/\/www.yamahakatowice.pl\/wp-content\/uploads\/2023\/10\/Swierad-Slusarczyk-Elzbieta_-scaled.jpg 1920w\" sizes=\"auto, (max-width: 768px) 100vw, 768px\" \/><\/a><figcaption class=\"wp-element-caption\">El\u017cbieta \u015awierad-\u015alusarczyk<\/figcaption><\/figure>\n\n\n\n<figure class=\"wp-block-image size-large is-style-rounded\"><a href=\"https:\/\/www.yamahakatowice.pl\/index.php\/nauczyciele\/ziemowit-switalski\/\"><img loading=\"lazy\" decoding=\"async\" width=\"692\" height=\"1024\" data-id=\"175\" src=\"https:\/\/new.yamahakatowice.pl\/wp-content\/uploads\/2023\/10\/Switalski-Ziemowit_-692x1024.jpg\" alt=\"\" class=\"wp-image-175\" srcset=\"https:\/\/www.yamahakatowice.pl\/wp-content\/uploads\/2023\/10\/Switalski-Ziemowit_-692x1024.jpg 692w, https:\/\/www.yamahakatowice.pl\/wp-content\/uploads\/2023\/10\/Switalski-Ziemowit_-203x300.jpg 203w, https:\/\/www.yamahakatowice.pl\/wp-content\/uploads\/2023\/10\/Switalski-Ziemowit_-768x1136.jpg 768w, https:\/\/www.yamahakatowice.pl\/wp-content\/uploads\/2023\/10\/Switalski-Ziemowit_.jpg 921w\" sizes=\"auto, (max-width: 692px) 100vw, 692px\" \/><\/a><figcaption class=\"wp-element-caption\">Ziemowit \u015awitalski<\/figcaption><\/figure>\n\n\n\n<figure class=\"wp-block-image size-large is-style-rounded\"><a href=\"https:\/\/www.yamahakatowice.pl\/index.php\/nauczyciele\/martyna-wiesner\/\"><img loading=\"lazy\" decoding=\"async\" width=\"506\" height=\"742\" data-id=\"235\" src=\"https:\/\/new.yamahakatowice.pl\/wp-content\/uploads\/2023\/10\/Wiesner-Martyna_-1.png\" alt=\"\" class=\"wp-image-235\" srcset=\"https:\/\/www.yamahakatowice.pl\/wp-content\/uploads\/2023\/10\/Wiesner-Martyna_-1.png 506w, https:\/\/www.yamahakatowice.pl\/wp-content\/uploads\/2023\/10\/Wiesner-Martyna_-1-205x300.png 205w\" sizes=\"auto, (max-width: 506px) 100vw, 506px\" \/><\/a><figcaption class=\"wp-element-caption\">Martyna Wiesner<\/figcaption><\/figure>\n\n\n\n<figure class=\"wp-block-image size-full is-style-rounded\"><a href=\"https:\/\/www.yamahakatowice.pl\/index.php\/nauczyciele\/nadia-wiesner\/\"><img loading=\"lazy\" decoding=\"async\" width=\"762\" height=\"923\" data-id=\"912\" src=\"https:\/\/www.yamahakatowice.pl\/wp-content\/uploads\/2024\/09\/82f91871-1cc6-4b37-afe8-e2cd7586d5a0.jpeg\" alt=\"\" class=\"wp-image-912\" srcset=\"https:\/\/www.yamahakatowice.pl\/wp-content\/uploads\/2024\/09\/82f91871-1cc6-4b37-afe8-e2cd7586d5a0.jpeg 762w, https:\/\/www.yamahakatowice.pl\/wp-content\/uploads\/2024\/09\/82f91871-1cc6-4b37-afe8-e2cd7586d5a0-248x300.jpeg 248w\" sizes=\"auto, (max-width: 762px) 100vw, 762px\" \/><\/a><figcaption class=\"wp-element-caption\">Nadia Wiesner<\/figcaption><\/figure>\n\n\n\n<figure class=\"wp-block-image size-large is-style-rounded\"><a href=\"https:\/\/www.yamahakatowice.pl\/index.php\/nauczyciele\/katarzyna-wolner\/\"><img loading=\"lazy\" decoding=\"async\" width=\"768\" height=\"1024\" data-id=\"177\" src=\"https:\/\/www.yamahakatowice.pl\/wp-content\/uploads\/2023\/10\/Wolner-Katarzyna_-768x1024.jpg\" alt=\"\" class=\"wp-image-177\" srcset=\"https:\/\/www.yamahakatowice.pl\/wp-content\/uploads\/2023\/10\/Wolner-Katarzyna_-768x1024.jpg 768w, https:\/\/www.yamahakatowice.pl\/wp-content\/uploads\/2023\/10\/Wolner-Katarzyna_-225x300.jpg 225w, https:\/\/www.yamahakatowice.pl\/wp-content\/uploads\/2023\/10\/Wolner-Katarzyna_-1152x1536.jpg 1152w, https:\/\/www.yamahakatowice.pl\/wp-content\/uploads\/2023\/10\/Wolner-Katarzyna_-1536x2048.jpg 1536w, https:\/\/www.yamahakatowice.pl\/wp-content\/uploads\/2023\/10\/Wolner-Katarzyna_-scaled.jpg 1920w\" sizes=\"auto, (max-width: 768px) 100vw, 768px\" \/><\/a><figcaption class=\"wp-element-caption\">Katarzyna Wolner<\/figcaption><\/figure>\n<\/figure>\n","protected":false},"excerpt":{"rendered":"<p>Szko\u0142a Muzyczna Yamaha w Katowicach to grono do\u015bwiadczonych i entuzjastycznie nastawionych pedagog\u00f3w i muzyk\u00f3w. Poznajcie ich sylwetki.<\/p>\n","protected":false},"author":1,"featured_media":0,"parent":0,"menu_order":0,"comment_status":"closed","ping_status":"closed","template":"","meta":{"footnotes":""},"class_list":["post-150","page","type-page","status-publish","hentry"],"_links":{"self":[{"href":"https:\/\/www.yamahakatowice.pl\/index.php\/wp-json\/wp\/v2\/pages\/150","targetHints":{"allow":["GET"]}}],"collection":[{"href":"https:\/\/www.yamahakatowice.pl\/index.php\/wp-json\/wp\/v2\/pages"}],"about":[{"href":"https:\/\/www.yamahakatowice.pl\/index.php\/wp-json\/wp\/v2\/types\/page"}],"author":[{"embeddable":true,"href":"https:\/\/www.yamahakatowice.pl\/index.php\/wp-json\/wp\/v2\/users\/1"}],"replies":[{"embeddable":true,"href":"https:\/\/www.yamahakatowice.pl\/index.php\/wp-json\/wp\/v2\/comments?post=150"}],"version-history":[{"count":42,"href":"https:\/\/www.yamahakatowice.pl\/index.php\/wp-json\/wp\/v2\/pages\/150\/revisions"}],"predecessor-version":[{"id":1689,"href":"https:\/\/www.yamahakatowice.pl\/index.php\/wp-json\/wp\/v2\/pages\/150\/revisions\/1689"}],"wp:attachment":[{"href":"https:\/\/www.yamahakatowice.pl\/index.php\/wp-json\/wp\/v2\/media?parent=150"}],"curies":[{"name":"wp","href":"https:\/\/api.w.org\/{rel}","templated":true}]}}