{"id":1148,"date":"2025-08-08T15:54:25","date_gmt":"2025-08-08T13:54:25","guid":{"rendered":"https:\/\/www.yamahakatowice.pl\/?page_id=1148"},"modified":"2025-08-08T15:54:25","modified_gmt":"2025-08-08T13:54:25","slug":"maksymilian-steczek","status":"publish","type":"page","link":"https:\/\/www.yamahakatowice.pl\/index.php\/nauczyciele\/maksymilian-steczek\/","title":{"rendered":"Maksymilian Steczek"},"content":{"rendered":"\n<p><em>PianoForte<\/em><\/p>\n\n\n\n<div class=\"wp-block-media-text is-stacked-on-mobile is-vertically-aligned-top\" style=\"grid-template-columns:40% auto\"><figure class=\"wp-block-media-text__media\"><img loading=\"lazy\" decoding=\"async\" width=\"825\" height=\"1024\" src=\"https:\/\/www.yamahakatowice.pl\/wp-content\/uploads\/2025\/08\/IMG_4590-825x1024.jpeg\" alt=\"\" class=\"wp-image-1145 size-full\" srcset=\"https:\/\/www.yamahakatowice.pl\/wp-content\/uploads\/2025\/08\/IMG_4590-825x1024.jpeg 825w, https:\/\/www.yamahakatowice.pl\/wp-content\/uploads\/2025\/08\/IMG_4590-242x300.jpeg 242w, https:\/\/www.yamahakatowice.pl\/wp-content\/uploads\/2025\/08\/IMG_4590-768x953.jpeg 768w, https:\/\/www.yamahakatowice.pl\/wp-content\/uploads\/2025\/08\/IMG_4590.jpeg 1179w\" sizes=\"auto, (max-width: 825px) 100vw, 825px\" \/><\/figure><div class=\"wp-block-media-text__content\">\n<p>Uko\u0144czy\u0142 na fortepianie Pa\u0144stwow\u0105 Og\u00f3lnokszta\u0142c\u0105c\u0105 Szko\u0142\u0119 Muzyczn\u0105 II stopnia im. Karola Szymanowskiego w Katowicach.&nbsp;&nbsp;Obecnie studiuje na Akademii Muzycznej im. Karola Szymanowskiego w Katowicach w klasie fortepianu (Wydzia\u0142 Instrumentalny) oraz instrument\u00f3w klawiszowych (Wydzia\u0142 Jazzu).<\/p>\n\n\n\n<p>Dodatkowo jego wielkimi pasjami jest produkcja muzyczna oraz taniec. Jest bardzo wszechstronny &#8211; koncertuje zar\u00f3wno jako muzyk klasyczny jak i rozrywkowy. Z ch\u0119ci\u0105 dzieli si\u0119 swoj\u0105 wiedz\u0105 na temat specyfiki gry\u00a0\u00a0fortepianowej, techniki, sztuki interpretacji czy improwizacji.<\/p>\n<\/div><\/div>\n","protected":false},"excerpt":{"rendered":"<p>PianoForte Uko\u0144czy\u0142 na fortepianie Pa\u0144stwow\u0105 Og\u00f3lnokszta\u0142c\u0105c\u0105 Szko\u0142\u0119 Muzyczn\u0105 II stopnia im. Karola Szymanowskiego w Katowicach.&nbsp;&nbsp;Obecnie studiuje na Akademii Muzycznej im. Karola Szymanowskiego w Katowicach w klasie fortepianu (Wydzia\u0142 Instrumentalny) oraz instrument\u00f3w klawiszowych (Wydzia\u0142 Jazzu). Dodatkowo jego wielkimi pasjami jest produkcja muzyczna oraz taniec. Jest bardzo wszechstronny &#8211; koncertuje zar\u00f3wno jako muzyk klasyczny jak i rozrywkowy. [&hellip;]<\/p>\n","protected":false},"author":4,"featured_media":0,"parent":150,"menu_order":0,"comment_status":"closed","ping_status":"closed","template":"","meta":{"footnotes":""},"class_list":["post-1148","page","type-page","status-publish","hentry"],"_links":{"self":[{"href":"https:\/\/www.yamahakatowice.pl\/index.php\/wp-json\/wp\/v2\/pages\/1148","targetHints":{"allow":["GET"]}}],"collection":[{"href":"https:\/\/www.yamahakatowice.pl\/index.php\/wp-json\/wp\/v2\/pages"}],"about":[{"href":"https:\/\/www.yamahakatowice.pl\/index.php\/wp-json\/wp\/v2\/types\/page"}],"author":[{"embeddable":true,"href":"https:\/\/www.yamahakatowice.pl\/index.php\/wp-json\/wp\/v2\/users\/4"}],"replies":[{"embeddable":true,"href":"https:\/\/www.yamahakatowice.pl\/index.php\/wp-json\/wp\/v2\/comments?post=1148"}],"version-history":[{"count":2,"href":"https:\/\/www.yamahakatowice.pl\/index.php\/wp-json\/wp\/v2\/pages\/1148\/revisions"}],"predecessor-version":[{"id":1150,"href":"https:\/\/www.yamahakatowice.pl\/index.php\/wp-json\/wp\/v2\/pages\/1148\/revisions\/1150"}],"up":[{"embeddable":true,"href":"https:\/\/www.yamahakatowice.pl\/index.php\/wp-json\/wp\/v2\/pages\/150"}],"wp:attachment":[{"href":"https:\/\/www.yamahakatowice.pl\/index.php\/wp-json\/wp\/v2\/media?parent=1148"}],"curies":[{"name":"wp","href":"https:\/\/api.w.org\/{rel}","templated":true}]}}